{"id":9993,"date":"2019-11-15T22:51:48","date_gmt":"2019-11-15T21:51:48","guid":{"rendered":"https:\/\/dev2.mgvpublications.com\/produkt\/gencler-icin-helal-rehberi\/"},"modified":"2022-04-07T17:49:47","modified_gmt":"2022-04-07T15:49:47","slug":"gencler-icin-helal-rehberi","status":"publish","type":"product","link":"https:\/\/mgvpublications.com\/de\/gencler-icin-helal-rehberi\/","title":{"rendered":"Gen\u00e7ler \u0130\u00e7in Helal Rehberi"},"content":{"rendered":"<table class=\"attribute\">\n<tbody>\n<tr>\n<td>Ver\u00f6fentlichung<\/td>\n<td>2018-06-18<\/td>\n<\/tr>\n<tr>\n<td>ISBN<\/td>\n<td>9944928090<\/td>\n<\/tr>\n<tr>\n<td>Druckauflage<\/td>\n<td>1. Bask\u0131<\/td>\n<\/tr>\n<tr>\n<td>Sprache<\/td>\n<td>T\u00dcRK\u00c7E<\/td>\n<\/tr>\n<tr>\n<td>Seiten<\/td>\n<td>238<\/td>\n<\/tr>\n<tr>\n<td>Art<\/td>\n<td>Karton Kapak<\/td>\n<\/tr>\n<tr>\n<td>Papierart<\/td>\n<td>Kitap Ka\u011f\u0131d\u0131<\/td>\n<\/tr>\n<tr>\n<td>Ma\u00dfe<\/td>\n<td>12.5 x 19.5 cm<\/td>\n<\/tr>\n<\/tbody>\n<\/table>\n<p>&nbsp;<\/p>","protected":false},"excerpt":{"rendered":"<div id=\"description_text\" class=\"readmore-js-section readmore-js-collapsed\">Abdullah&#8217;\u0131n o\u011flu Muhammed (sas) faizcilik, tefecilik ve ayr\u0131mc\u0131l\u0131\u011fa kar\u015f\u0131 olmasayd\u0131 Mekkelilerin haniflere g\u00f6sterdikleri ho\u015fg\u00f6r\u00fc ve tolerans\u0131n fazlas\u0131na sahip olacak K\u00e2be\u2019de rahat\u00e7a Kur&#8217;an okuyup namaz k\u0131labilecekti.<br \/>\nAbdullah&#8217;\u0131n o\u011flu Muhammed (sas) &#8216;iman edersem bana ne var&#8217; diyen muhafaza-k\u00e2r amcas\u0131na atama, terfi ve ihalelerde \u00f6nemli rantlar vaat etseydi, Mekke&#8217;nin en g\u00fczel kad\u0131nlar\u0131 ile evlenecek, say\u0131l\u0131 zenginlerinden olacakt\u0131.<br \/>\nAbdullah&#8217;\u0131n o\u011flu Muhammed (sas) s\u00f6m\u00fcr\u00fc sitemine kar\u015f\u0131 \u00e7\u0131k\u0131p &#8216;k\u00f6leleriniz karde\u015flerinizdir, yedi\u011finizden yedirin giydi\u011finizden giydirin&#8217; demeseydi Darun Nedve&#8217;de oy \u00e7oklu\u011fu ile Mekke lideri se\u00e7ilecek, hicret etmeye gerek kalmadan &#8216;Mekke \u015feriat devletini&#8217; kuruverecekti.<br \/>\nO (sas) muhafaza-k\u00e2rla\u015fmay\u0131 de\u011fil Medinele\u015fmeyi tercih etti. \u00c7\u00fcnk\u00fc Medine adalettir, \u0130slam&#8217;\u0131n devleti adalettir.<\/div>","protected":false},"featured_media":9994,"template":"","meta":{"spay_email":""},"product_cat":[174],"product_tag":[],"item":[815],"acf":[],"_links":{"self":[{"href":"https:\/\/mgvpublications.com\/de\/wp-json\/wp\/v2\/product\/9993"}],"collection":[{"href":"https:\/\/mgvpublications.com\/de\/wp-json\/wp\/v2\/product"}],"about":[{"href":"https:\/\/mgvpublications.com\/de\/wp-json\/wp\/v2\/types\/product"}],"wp:featuredmedia":[{"embeddable":true,"href":"https:\/\/mgvpublications.com\/de\/wp-json\/wp\/v2\/media\/9994"}],"wp:attachment":[{"href":"https:\/\/mgvpublications.com\/de\/wp-json\/wp\/v2\/media?parent=9993"}],"wp:term":[{"taxonomy":"product_cat","embeddable":true,"href":"https:\/\/mgvpublications.com\/de\/wp-json\/wp\/v2\/product_cat?post=9993"},{"taxonomy":"product_tag","embeddable":true,"href":"https:\/\/mgvpublications.com\/de\/wp-json\/wp\/v2\/product_tag?post=9993"},{"taxonomy":"item","embeddable":true,"href":"https:\/\/mgvpublications.com\/de\/wp-json\/wp\/v2\/item?post=9993"}],"curies":[{"name":"wp","href":"https:\/\/api.w.org\/{rel}","templated":true}]}}