{"id":9989,"date":"2019-11-15T22:42:32","date_gmt":"2019-11-15T21:42:32","guid":{"rendered":"https:\/\/dev2.mgvpublications.com\/produkt\/oruc-cignemek-sakizi-bozar-mi-hocaaamm\/"},"modified":"2022-03-08T22:32:18","modified_gmt":"2022-03-08T21:32:18","slug":"oruc-cignemek-sakizi-bozar-mi-hocaaamm","status":"publish","type":"product","link":"https:\/\/mgvpublications.com\/de\/oruc-cignemek-sakizi-bozar-mi-hocaaamm\/","title":{"rendered":"Oru\u00e7 \u00c7i\u011fnemek Sak\u0131z\u0131 Bozar M\u0131 Hocaaamm?"},"content":{"rendered":"<div class=\"section\">\n<div class=\"grid_3 alpha omega\">\n<table class=\"attribute\">\n<tbody>\n<tr>\n<td>Ver\u00f6fentlichung<\/td>\n<td>2019-10-09<\/td>\n<\/tr>\n<tr>\n<td>ISBN<\/td>\n<td>6057674128<\/td>\n<\/tr>\n<tr>\n<td>Druckauflage<\/td>\n<td>1. Bask\u0131<\/td>\n<\/tr>\n<tr>\n<td>Sprache<\/td>\n<td>T\u00dcRK\u00c7E<\/td>\n<\/tr>\n<tr>\n<td>Seiten<\/td>\n<td>104<\/td>\n<\/tr>\n<tr>\n<td>Art<\/td>\n<td>Karton Kapak<\/td>\n<\/tr>\n<tr>\n<td>Papierart<\/td>\n<td>Kitap Ka\u011f\u0131d\u0131<\/td>\n<\/tr>\n<tr>\n<td>Ma\u00dfe<\/td>\n<td>13.5 x 21 cm<\/td>\n<\/tr>\n<\/tbody>\n<\/table>\n<\/div>\n<div class=\"clear\"><\/div>\n<\/div>","protected":false},"excerpt":{"rendered":"<div id=\"description_text\" class=\"readmore-js-section readmore-js-expanded\"><strong>Televizyon dininin iyi niyetli ge\u00e7mi\u015fi, <\/strong><br \/>\n<strong>\u00e7ok reklaml\u0131 \u015fimdisi ve i\u00e7ler ac\u0131s\u0131 gelece\u011fi \u00fczerine\u2026<\/strong><\/p>\n<p>\u0130leti\u015fim kuramc\u0131lar\u0131 televizyonu Roma sirkine benzetir Sirkte hi\u00e7bir \u015fey normal olmamal\u0131d\u0131r. Her \u015fey \u015fa\u015f\u0131rtmal\u0131 ve y\u00fcrekleri a\u011f\u0131za getirmelidir. Ay\u0131lara etek giydirilir sirkte. \u0130nsanlar\u0131n a\u011fz\u0131ndan ate\u015f \u00e7\u0131kar. Filler tek ayak \u00fcst\u00fcnde durur. Aslanlar\u0131n a\u011fz\u0131na kafa sokulur. Kani\u015fler arka bacaklar\u0131 \u00fczerinde dans eder<\/p>\n<p>Televizyonda din anlat\u0131rken de, televizyondan sirk kurallar\u0131n\u0131 de\u011fi\u015ftirmesi beklenemez. Onar\u0131c\u0131, sa\u011fduyulu, sakin, insafl\u0131, duru ve diri hi\u00e7bir g\u00f6r\u00fcnt\u00fcye ve sese izin vermez televizyon. Veremez! Din programlar\u0131nda da \u00e7at\u0131\u015fma olmal\u0131,\u00a0 hi\u00e7 olmad\u0131k tuhafl\u0131klar g\u00fcndeme gelmelidir, fantezi \u00fcr\u00fcn\u00fc erotik imalar yap\u0131lmal\u0131d\u0131r, hi\u00e7 duyulmam\u0131\u015f hurafeler dillendirilmelidir.<\/p>\n<p>Din programc\u0131s\u0131 televizyonda tutunman\u0131n bedelini \u00f6demelidir. Sirkte olman\u0131n gerektirdi\u011fi her t\u00fcrl\u00fc tuhafl\u0131\u011f\u0131 harfiyen yerine getirmelidir. Yakas\u0131 ba\u011fr\u0131 a\u00e7\u0131lmad\u0131k abs\u00fcrt sorular\u0131 kuca\u011f\u0131nda bulmal\u0131,\u00a0 eski k\u00fcfl\u00fc sayfalarda kalm\u0131\u015f hurafeleri dillendirmelidir. Cast ajans\u0131ndan \u00fccretle kiralanm\u0131\u015f seyircilerin eline tutu\u015fturulmu\u015f \u0131smarlama sorular kar\u015f\u0131s\u0131nda, gerekirse \u015fa\u015f\u0131rmal\u0131, utanmal\u0131, eli aya\u011f\u0131 birbirine dolanmal\u0131d\u0131r. Saf y\u00fcrekli halk\u0131n hocal\u0131\u011f\u0131na verdi\u011fi a\u00e7\u0131k krediyi sonuna kadar kullanarak sirke seyirci kazand\u0131rmal\u0131d\u0131r. \u0130slam\u2019da cinsel hayattan kabir azab\u0131n\u0131n t\u00fcrlerine, kefen ba\u011flama \u015fovundan yanl\u0131\u015f imsak vakti polemiklerine uzanan g\u00fcndemleri ustal\u0131kla yo\u011furmal\u0131d\u0131r. Nihai tahlilde, show bir business\u2019t\u0131r! Elbette ki \u201cshow must go on!\u201ddur. Aksi caiz\u2019nt\u2026d\u0131r.<\/p>\n<p>Dr. Senai Demirci, <em>Oru\u00e7 \u00c7i\u011fnemek Sak\u0131z\u0131 Bozar m\u0131 Hocaaamm<\/em> derken, psikoterapist kimli\u011fiyle, kimseleri k\u0131rmadan, sahne arkas\u0131 \u015fahitliklerini de yan\u0131na alarak, sade dilli bir medya okumas\u0131 yap\u0131yor. Safdil insan\u0131m\u0131z\u0131n duru ve diri olan dini, din ad\u0131na \u00fcretilen koku\u015fmu\u015f g\u00f6r\u00fcnt\u00fclerden ve kirli g\u00fcr\u00fclt\u00fclerden ay\u0131klamas\u0131na yard\u0131mc\u0131 olacak bir k\u0131lavuz olu\u015fturmay\u0131 deniyor.<\/div>","protected":false},"featured_media":9990,"template":"","meta":{"spay_email":""},"product_cat":[166,174],"product_tag":[],"item":[685],"acf":[],"_links":{"self":[{"href":"https:\/\/mgvpublications.com\/de\/wp-json\/wp\/v2\/product\/9989"}],"collection":[{"href":"https:\/\/mgvpublications.com\/de\/wp-json\/wp\/v2\/product"}],"about":[{"href":"https:\/\/mgvpublications.com\/de\/wp-json\/wp\/v2\/types\/product"}],"wp:featuredmedia":[{"embeddable":true,"href":"https:\/\/mgvpublications.com\/de\/wp-json\/wp\/v2\/media\/9990"}],"wp:attachment":[{"href":"https:\/\/mgvpublications.com\/de\/wp-json\/wp\/v2\/media?parent=9989"}],"wp:term":[{"taxonomy":"product_cat","embeddable":true,"href":"https:\/\/mgvpublications.com\/de\/wp-json\/wp\/v2\/product_cat?post=9989"},{"taxonomy":"product_tag","embeddable":true,"href":"https:\/\/mgvpublications.com\/de\/wp-json\/wp\/v2\/product_tag?post=9989"},{"taxonomy":"item","embeddable":true,"href":"https:\/\/mgvpublications.com\/de\/wp-json\/wp\/v2\/item?post=9989"}],"curies":[{"name":"wp","href":"https:\/\/api.w.org\/{rel}","templated":true}]}}