{"id":9983,"date":"2020-12-02T15:42:10","date_gmt":"2020-12-02T14:42:10","guid":{"rendered":"https:\/\/dev2.mgvpublications.com\/produkt\/kalin-tuerk\/"},"modified":"2022-03-08T22:32:18","modified_gmt":"2022-03-08T21:32:18","slug":"kalin-tuerk","status":"publish","type":"product","link":"https:\/\/mgvpublications.com\/de\/kalin-tuerk\/","title":{"rendered":"Kal\u0131n T\u00fcrk"},"content":{"rendered":"<p>Yay\u0131n Tarihi: 01.05.2019<br \/>ISBN: 9786056323973<br \/>Dil: T\u00dcRK\u00c7E<br \/>Sayfa Say\u0131s\u0131: 200<br \/>Cilt Tipi: Karton Kapak<br \/>Ka\u011f\u0131t Cinsi: Kitap Ka\u011f\u0131d\u0131<br \/>Boyut: 12.5 x 20.5 cm<\/p>","protected":false},"excerpt":{"rendered":"<p>\u0130\u015finize gelir veya gelmez; ama hakikat bu: T\u00fcrk olmakla T\u00fcrk vatan\u0131nda olmak tarihin ak\u0131\u015f\u0131 marifetiyle \u00f6zde\u015f k\u0131l\u0131nd\u0131. T\u00fcrk isek d\u00fc\u015f\u00fcnce saham\u0131z tarihin ne marifet g\u00f6sterdi\u011fi olmal\u0131. \u00c7\u00fcnk\u00fc tarih sahnesinde ba\u015frol oynamadan T\u00fcrk olmad\u0131k. Dilde tarih\u00ee kapitalizm tamlamas\u0131 varsa T\u00fcrk y\u00fcz\u00fcnden, giderek T\u00fcrk \u0130stanbul y\u00fcz\u00fcnden var. Nas\u0131l vatan\u0131 olmaks\u0131z\u0131n T\u00fcrk varl\u0131\u011f\u0131n\u0131 te\u015fhis imk\u00e2ns\u0131zsa T\u00fcrk varl\u0131\u011f\u0131 serpilmeden vatan\u0131n i\u015fareti belirmez. T\u00fcrk varl\u0131\u011f\u0131na da, T\u00fcrk vatan\u0131na da kefil T\u00fcrk lisan\u0131d\u0131r. T\u00fcrk topra\u011f\u0131 insan ile hangi seviyede olursa olsun konu\u015fma, konu\u015fu\u015f, konu\u015fukluk vas\u0131tas\u0131yla m\u00fcnasebettar k\u0131l\u0131nd\u0131.<\/p>","protected":false},"featured_media":19599,"template":"","meta":{"spay_email":""},"product_cat":[173],"product_tag":[],"item":[718],"acf":[],"_links":{"self":[{"href":"https:\/\/mgvpublications.com\/de\/wp-json\/wp\/v2\/product\/9983"}],"collection":[{"href":"https:\/\/mgvpublications.com\/de\/wp-json\/wp\/v2\/product"}],"about":[{"href":"https:\/\/mgvpublications.com\/de\/wp-json\/wp\/v2\/types\/product"}],"wp:featuredmedia":[{"embeddable":true,"href":"https:\/\/mgvpublications.com\/de\/wp-json\/wp\/v2\/media\/19599"}],"wp:attachment":[{"href":"https:\/\/mgvpublications.com\/de\/wp-json\/wp\/v2\/media?parent=9983"}],"wp:term":[{"taxonomy":"product_cat","embeddable":true,"href":"https:\/\/mgvpublications.com\/de\/wp-json\/wp\/v2\/product_cat?post=9983"},{"taxonomy":"product_tag","embeddable":true,"href":"https:\/\/mgvpublications.com\/de\/wp-json\/wp\/v2\/product_tag?post=9983"},{"taxonomy":"item","embeddable":true,"href":"https:\/\/mgvpublications.com\/de\/wp-json\/wp\/v2\/item?post=9983"}],"curies":[{"name":"wp","href":"https:\/\/api.w.org\/{rel}","templated":true}]}}