{"id":9971,"date":"2019-11-14T16:25:12","date_gmt":"2019-11-14T15:25:12","guid":{"rendered":"https:\/\/dev2.mgvpublications.com\/produkt\/koele-olmayacagiz\/"},"modified":"2022-03-08T22:32:17","modified_gmt":"2022-03-08T21:32:17","slug":"koele-olmayacagiz","status":"publish","type":"product","link":"https:\/\/mgvpublications.com\/de\/koele-olmayacagiz\/","title":{"rendered":"K\u00f6le Olmayaca\u011f\u0131z"},"content":{"rendered":"<table class=\"attribute\">\n<tbody>\n<tr>\n<td>Ver\u00f6fentlichung<\/td>\n<td>2012-03-01<\/td>\n<\/tr>\n<tr>\n<td>ISBN<\/td>\n<td>9944432177<\/td>\n<\/tr>\n<tr>\n<td>Druckauflage<\/td>\n<td>2. Bask\u0131<\/td>\n<\/tr>\n<tr>\n<td>Sprache<\/td>\n<td>T\u00dcRK\u00c7E<\/td>\n<\/tr>\n<tr>\n<td>Seiten<\/td>\n<td>287<\/td>\n<\/tr>\n<tr>\n<td>Art<\/td>\n<td>Karton Kapak<\/td>\n<\/tr>\n<tr>\n<td>Papierart<\/td>\n<td>Kitap Ka\u011f\u0131d\u0131<\/td>\n<\/tr>\n<tr>\n<td>Ma\u00dfe<\/td>\n<td>14 x 23 cm<\/td>\n<\/tr>\n<\/tbody>\n<\/table>","protected":false},"excerpt":{"rendered":"<p>20. y\u00fczy\u0131l\u0131n en b\u00fcy\u00fck dramlar\u0131n\u0131n ya\u015fand\u0131\u011f\u0131 Bosna Hersek, bilge devlet adam\u0131 \u0130zzetbegovi\u00e7\u2019in \u00f6nderli\u011finde kendini toparlam\u0131\u015f, aya\u011fa kalkm\u0131\u015f ve Avrupa\u2019n\u0131n g\u00f6be\u011fi say\u0131labilecek bir co\u011frafyada hayatiyet kazanm\u0131\u015ft\u0131. Devlet adam\u0131 olman\u0131n \u00e7ok \u00f6tesinde bir kimlik \u00e7izen \u0130zzetbegovi\u00e7, d\u00fc\u015f\u00fcnce ufkuyla sadece Bosna halk\u0131 i\u00e7in de\u011fil, t\u00fcm \u0130sl\u00e2m d\u00fcnyas\u0131, hatta Bat\u0131 d\u00fcnyas\u0131 i\u00e7in bile b\u00fcy\u00fck \u00f6neme sahiptir.<\/p>\n<p>Elinizdeki kitapta, bu bilge devlet adam\u0131n\u0131n gerek Bosna Hersek, gerekse t\u00fcm \u0130sl\u00e2m d\u00fcnyas\u0131 ile ilgili temel sorunlar ve bu sorunlar\u0131n \u00e7\u00f6z\u00fcmlerine ili\u015fkin \u201cbilgi ve hikmet\u201d penceresinden bakt\u0131\u011f\u0131 g\u00f6r\u00fc\u015f ve d\u00fc\u015f\u00fcnceleri yer almakta. Muhtelif zaman ve zeminlerde yap\u0131lm\u0131\u015f konu\u015fmalar ve kaleme al\u0131nm\u0131\u015f makaleler, 21. y\u00fczy\u0131lda tetiklenmeye \u00e7al\u0131\u015f\u0131lan \u201cmedeniyetler sava\u015f\u0131\u201d kaosu i\u00e7in neler yap\u0131labilece\u011fine dair ipu\u00e7lar\u0131 da i\u00e7eriyor<\/p>","protected":false},"featured_media":9972,"template":"","meta":{"spay_email":""},"product_cat":[166,173],"product_tag":[],"item":[811],"acf":[],"_links":{"self":[{"href":"https:\/\/mgvpublications.com\/de\/wp-json\/wp\/v2\/product\/9971"}],"collection":[{"href":"https:\/\/mgvpublications.com\/de\/wp-json\/wp\/v2\/product"}],"about":[{"href":"https:\/\/mgvpublications.com\/de\/wp-json\/wp\/v2\/types\/product"}],"wp:featuredmedia":[{"embeddable":true,"href":"https:\/\/mgvpublications.com\/de\/wp-json\/wp\/v2\/media\/9972"}],"wp:attachment":[{"href":"https:\/\/mgvpublications.com\/de\/wp-json\/wp\/v2\/media?parent=9971"}],"wp:term":[{"taxonomy":"product_cat","embeddable":true,"href":"https:\/\/mgvpublications.com\/de\/wp-json\/wp\/v2\/product_cat?post=9971"},{"taxonomy":"product_tag","embeddable":true,"href":"https:\/\/mgvpublications.com\/de\/wp-json\/wp\/v2\/product_tag?post=9971"},{"taxonomy":"item","embeddable":true,"href":"https:\/\/mgvpublications.com\/de\/wp-json\/wp\/v2\/item?post=9971"}],"curies":[{"name":"wp","href":"https:\/\/api.w.org\/{rel}","templated":true}]}}