{"id":9969,"date":"2019-11-14T16:19:07","date_gmt":"2019-11-14T15:19:07","guid":{"rendered":"https:\/\/dev2.mgvpublications.com\/produkt\/kara-guenes\/"},"modified":"2022-03-08T22:32:17","modified_gmt":"2022-03-08T21:32:17","slug":"kara-guenes","status":"publish","type":"product","link":"https:\/\/mgvpublications.com\/de\/kara-guenes\/","title":{"rendered":"Kara G\u00fcne\u015f"},"content":{"rendered":"<table class=\"attribute\">\n<tbody>\n<tr>\n<td>Ver\u00f6fentlichung<\/td>\n<td>2019-10-08<\/td>\n<\/tr>\n<tr>\n<td>ISBN<\/td>\n<td>6050824261<\/td>\n<\/tr>\n<tr>\n<td>Druckauflage<\/td>\n<td>6. Bask\u0131<\/td>\n<\/tr>\n<tr>\n<td>Sprache<\/td>\n<td>T\u00dcRK\u00c7E<\/td>\n<\/tr>\n<tr>\n<td>Seiten<\/td>\n<td>256<\/td>\n<\/tr>\n<tr>\n<td>Art<\/td>\n<td>Karton Kapak<\/td>\n<\/tr>\n<tr>\n<td>Papierart<\/td>\n<td>Kitap Ka\u011f\u0131d\u0131<\/td>\n<\/tr>\n<tr>\n<td>Ma\u00dfe<\/td>\n<td>13.5 x 21 cm<\/td>\n<\/tr>\n<\/tbody>\n<\/table>","protected":false},"excerpt":{"rendered":"<p>Bahad\u0131r Yeni\u015fehirlio\u011flu, 15 Temmuz gecesinde ya\u015fad\u0131\u011f\u0131m\u0131z hain giri\u015fimi, bu \u00fclkenin evlatlar\u0131n\u0131 vatans\u0131z b\u0131rakmak isteyenleri, insanlar\u0131m\u0131z\u0131 bir var olma m\u00fccadelesinin e\u015fi\u011fine getiren b\u00fcy\u00fck tuza\u011f\u0131 romanla\u015ft\u0131rd\u0131.<br \/>\nManisa&#8217;n\u0131n bir k\u00f6y\u00fcnde, ayn\u0131 g\u00f6\u011f\u00fcn alt\u0131nda u\u00e7urtma u\u00e7urmu\u015f, \u00e7ocuklu\u011fun en keyifli ve zor zamanlar\u0131n\u0131 birlikte ya\u015fam\u0131\u015f iki arkada\u015f.<br \/>\nBiri arkas\u0131nda kaya gibi sa\u011flam duran bir baba ile \u015fefkatli bir annenin evlad\u0131 Ebubekir, di\u011feri da\u011f\u0131lm\u0131\u015f bir ailenin incinmi\u015f \u00e7ocu\u011fu Kadir. Bir de k\u00f6y\u00fcn g\u00fczeller g\u00fczeli k\u0131z\u0131 Z\u00fcleyha.<br \/>\nHayatlar\u0131 k\u00f6ylerine gelen Hasan \u00d6\u011fretmen&#8217;den sonra asla eskisi gibi olmayacakt\u0131.<br \/>\nHasan \u00d6\u011fretmen&#8217;in \u00f6\u011frencilerinden bir \u201calt\u0131n nesil\u201d olu\u015fturmak u\u011fruna onlar\u0131 iradelerinden, se\u00e7imlerinden, ki\u015filiklerinden ad\u0131m ad\u0131m uzakla\u015ft\u0131r\u0131p kendilerine, de\u011ferlerine, \u00fclkelerine yabanc\u0131la\u015ft\u0131rmas\u0131na kar\u015f\u0131 direnmek m\u00fcmk\u00fcn m\u00fcyd\u00fc?<\/p>\n<p><em>Kara G\u00fcne\u015f<\/em>, ayn\u0131 memleketin evlad\u0131 iki arkada\u015ftan birini darbeci, di\u011ferini ihanete direnen bir kahraman k\u0131lan geceyi ve o geceye giden ta\u015flar\u0131 d\u00f6\u015feyen b\u00fcy\u00fck oyunu anlat\u0131yor.<br \/>\n<em>Kara G\u00fcne\u015f<\/em>, darbeye, ihanete, aldatmaya ve aldat\u0131lmaya kar\u015f\u0131 onurlu bir direni\u015fin roman\u0131.<br \/>\n<em>\u201cG\u00f6ky\u00fcz\u00fcn\u00fcn rengi ne Kadir?\u201d<\/em><br \/>\n<em>Kadir, Z\u00fcleyha\u2019n\u0131n g\u00f6zlerinin i\u00e7ine bakarak, <\/em><br \/>\n<em>\u201cSiyah,\u201d dedi.<\/em><br \/>\n<em>\u201cPeki sen, en son ne zaman g\u00f6ky\u00fcz\u00fcne bakt\u0131n?\u201d<\/em><\/p>","protected":false},"featured_media":9970,"template":"","meta":{"spay_email":""},"product_cat":[168],"product_tag":[],"item":[360],"acf":[],"_links":{"self":[{"href":"https:\/\/mgvpublications.com\/de\/wp-json\/wp\/v2\/product\/9969"}],"collection":[{"href":"https:\/\/mgvpublications.com\/de\/wp-json\/wp\/v2\/product"}],"about":[{"href":"https:\/\/mgvpublications.com\/de\/wp-json\/wp\/v2\/types\/product"}],"wp:featuredmedia":[{"embeddable":true,"href":"https:\/\/mgvpublications.com\/de\/wp-json\/wp\/v2\/media\/9970"}],"wp:attachment":[{"href":"https:\/\/mgvpublications.com\/de\/wp-json\/wp\/v2\/media?parent=9969"}],"wp:term":[{"taxonomy":"product_cat","embeddable":true,"href":"https:\/\/mgvpublications.com\/de\/wp-json\/wp\/v2\/product_cat?post=9969"},{"taxonomy":"product_tag","embeddable":true,"href":"https:\/\/mgvpublications.com\/de\/wp-json\/wp\/v2\/product_tag?post=9969"},{"taxonomy":"item","embeddable":true,"href":"https:\/\/mgvpublications.com\/de\/wp-json\/wp\/v2\/item?post=9969"}],"curies":[{"name":"wp","href":"https:\/\/api.w.org\/{rel}","templated":true}]}}