{"id":9958,"date":"2020-12-02T15:42:07","date_gmt":"2020-12-02T14:42:07","guid":{"rendered":"https:\/\/dev2.mgvpublications.com\/produkt\/taslari-yemek-yasak\/"},"modified":"2022-03-08T22:32:15","modified_gmt":"2022-03-08T21:32:15","slug":"taslari-yemek-yasak","status":"publish","type":"product","link":"https:\/\/mgvpublications.com\/de\/taslari-yemek-yasak\/","title":{"rendered":"Ta\u015flar\u0131 Yemek Yasak"},"content":{"rendered":"<p>Kapak: Faysal Toprak<br \/>Yay\u0131n Tarihi: 25.03.2013<br \/>ISBN: 9786056323997<br \/>Dil: T\u00dcRK\u00c7E<br \/>Sayfa Say\u0131s\u0131: 320<br \/>Cilt Tipi: Karton Kapak<br \/>Ka\u011f\u0131t Cinsi: Kitap Ka\u011f\u0131d\u0131<br \/>Boyut: 12.5 x 20.5 cm<\/p>","protected":false},"excerpt":{"rendered":"<p>\u201c\u0130\u015fte Allah\u2019\u0131n insanlar i\u00e7in g\u00f6nderdi\u011fi emir ve nehiyler b\u00f6yledir. \u0130nsan ancak bu emir ve nehiylerle hakikatin nas\u0131l tecelli edebilece\u011fini \u00f6\u011frenebilir. E\u011fer Allah\u2019\u0131n emretti\u011fi ve yasaklad\u0131\u011f\u0131 \u015feylerle ilk kar\u015f\u0131la\u015fan insan bunu tabii kar\u015f\u0131larsa, akl\u0131na uygun bulursa bu emir ve nehiylerden hi\u00e7bir \u015fey \u00f6\u011frenemez. Ama baz\u0131 izleri takip edip emir ve nehiylerin nelere tekab\u00fcl etti\u011fini \u00f6\u011frenebilirse hakikate varabilir. \u0130nsan\u0131n ta\u015f yemeye ihtiyac\u0131 yok diyorsun. \u00d6yleyse \u015funu d\u00fc\u015f\u00fcn: \u0130nsan\u0131n ihtiyac\u0131 olandan fazlas\u0131n\u0131 elinde tut\u00acmas\u0131 kendisi i\u00e7in ta\u015f gibidir. Bu yaln\u0131z mallar, servet, g\u00fc\u00e7 gibi nesnelerde ge\u00e7erli de\u011fil. Merhamet, \u015fefkat, tevazu gibi \u015feyler i\u00e7in de b\u00f6yle. Bilgi i\u00e7in de b\u00f6yle. E\u011fer herhangi bir \u015fey insanlar\u0131n istifadesine a\u00e7\u0131ksa ancak istifade edildi\u011fi kadar o \u201c\u015fey\u201d olur, o \u015feyden istifade edilmezse art\u0131k o ta\u015f\u00act\u0131r ve ger\u00e7ekten onu istifadeye konu etmeksizin kullananlar ta\u015f yemi\u015f olurlar. Sana yaram\u0131yorsa b\u0131rak ba\u015fkas\u0131na yaras\u0131n. Sana yaramad\u0131\u011f\u0131 halde sende olan hem senin hem ba\u015fkas\u0131n\u0131n aleyhinedir. Ta\u015flar\u0131 yeme, ta\u015flar\u0131 yemek yasak.\u201d<\/p>","protected":false},"featured_media":20842,"template":"","meta":{"spay_email":""},"product_cat":[168],"product_tag":[],"item":[718],"acf":[],"_links":{"self":[{"href":"https:\/\/mgvpublications.com\/de\/wp-json\/wp\/v2\/product\/9958"}],"collection":[{"href":"https:\/\/mgvpublications.com\/de\/wp-json\/wp\/v2\/product"}],"about":[{"href":"https:\/\/mgvpublications.com\/de\/wp-json\/wp\/v2\/types\/product"}],"wp:featuredmedia":[{"embeddable":true,"href":"https:\/\/mgvpublications.com\/de\/wp-json\/wp\/v2\/media\/20842"}],"wp:attachment":[{"href":"https:\/\/mgvpublications.com\/de\/wp-json\/wp\/v2\/media?parent=9958"}],"wp:term":[{"taxonomy":"product_cat","embeddable":true,"href":"https:\/\/mgvpublications.com\/de\/wp-json\/wp\/v2\/product_cat?post=9958"},{"taxonomy":"product_tag","embeddable":true,"href":"https:\/\/mgvpublications.com\/de\/wp-json\/wp\/v2\/product_tag?post=9958"},{"taxonomy":"item","embeddable":true,"href":"https:\/\/mgvpublications.com\/de\/wp-json\/wp\/v2\/item?post=9958"}],"curies":[{"name":"wp","href":"https:\/\/api.w.org\/{rel}","templated":true}]}}