{"id":9955,"date":"2019-11-14T15:54:14","date_gmt":"2019-11-14T14:54:14","guid":{"rendered":"https:\/\/dev2.mgvpublications.com\/produkt\/konusmalar\/"},"modified":"2022-03-08T22:32:15","modified_gmt":"2022-03-08T21:32:15","slug":"konusmalar","status":"publish","type":"product","link":"https:\/\/mgvpublications.com\/de\/konusmalar\/","title":{"rendered":"Konu\u015fmalar"},"content":{"rendered":"<table class=\"attribute\">\n<tbody>\n<tr>\n<td>Ver\u00f6fentlichung<\/td>\n<td>2014-09-01<\/td>\n<\/tr>\n<tr>\n<td>ISBN<\/td>\n<td>9758740113<\/td>\n<\/tr>\n<tr>\n<td>Druckauflage<\/td>\n<td>17. Bask\u0131<\/td>\n<\/tr>\n<tr>\n<td>Sprache<\/td>\n<td>T\u00dcRK\u00c7E<\/td>\n<\/tr>\n<tr>\n<td>Seiten<\/td>\n<td>272<\/td>\n<\/tr>\n<tr>\n<td>Art<\/td>\n<td>Karton Kapak<\/td>\n<\/tr>\n<tr>\n<td>Papierart<\/td>\n<td>Kitap Ka\u011f\u0131d\u0131<\/td>\n<\/tr>\n<tr>\n<td>Ma\u00dfe<\/td>\n<td>13 x 22 cm<\/td>\n<\/tr>\n<\/tbody>\n<\/table>","protected":false},"excerpt":{"rendered":"<p>AL\u0130YA, insan\u0131n evrensel sorunlar\u0131 \u00fczerine d\u00fc\u015f\u00fcnen M\u00fcsl\u00fcman bir m\u00fctefekkir, bask\u0131lara boyun e\u011fmeyen bir \u00f6zg\u00fcrl\u00fck sava\u015f\u00e7\u0131s\u0131, halk\u0131n\u0131n ba\u011f\u0131ms\u0131zl\u0131k sava\u015f\u0131n\u0131 \u00f6nc\u00fcl\u00fck eden bir lider, askeri ve diplomatik alandaki ba\u015far\u0131lar\u0131yla devlet kurmu\u015f bir \u00f6nderdir.<\/p>\n<p>Elinizdeki kitap, Aliya&#8217;n\u0131n \u00e7ok farkl\u0131 ortamlarda yapt\u0131\u011f\u0131 konu\u015fmalardan olu\u015fuyor. Konu\u015fmalar bir lider ve d\u00fc\u015f\u00fcn\u00fcr olarak Aliya&#8217;n\u0131n anla\u015f\u0131lmas\u0131na \u00f6nemli bir katk\u0131 yapmakla kalm\u0131yor, yirminci y\u00fczy\u0131l\u0131n sonunda ya\u015fanan insanl\u0131k trajedisinin ve bunun sorumlusu olan bir &#8216;d\u00fcnya sistemi&#8217;nin do\u011fru okunmas\u0131na da hizmet ediyor.<\/p>\n<p>Kitab\u0131 okurken bir d\u00fc\u015f\u00fcn\u00fcr, bir lider ve daha da \u00f6nemlisi bir insan olarak Aliya&#8217;ya dokundu\u011funuz hissedeceksiniz.<\/p>","protected":false},"featured_media":9956,"template":"","meta":{"spay_email":""},"product_cat":[166,173],"product_tag":[],"item":[460],"acf":[],"_links":{"self":[{"href":"https:\/\/mgvpublications.com\/de\/wp-json\/wp\/v2\/product\/9955"}],"collection":[{"href":"https:\/\/mgvpublications.com\/de\/wp-json\/wp\/v2\/product"}],"about":[{"href":"https:\/\/mgvpublications.com\/de\/wp-json\/wp\/v2\/types\/product"}],"wp:featuredmedia":[{"embeddable":true,"href":"https:\/\/mgvpublications.com\/de\/wp-json\/wp\/v2\/media\/9956"}],"wp:attachment":[{"href":"https:\/\/mgvpublications.com\/de\/wp-json\/wp\/v2\/media?parent=9955"}],"wp:term":[{"taxonomy":"product_cat","embeddable":true,"href":"https:\/\/mgvpublications.com\/de\/wp-json\/wp\/v2\/product_cat?post=9955"},{"taxonomy":"product_tag","embeddable":true,"href":"https:\/\/mgvpublications.com\/de\/wp-json\/wp\/v2\/product_tag?post=9955"},{"taxonomy":"item","embeddable":true,"href":"https:\/\/mgvpublications.com\/de\/wp-json\/wp\/v2\/item?post=9955"}],"curies":[{"name":"wp","href":"https:\/\/api.w.org\/{rel}","templated":true}]}}