{"id":9952,"date":"2019-11-12T13:34:13","date_gmt":"2019-11-12T12:34:13","guid":{"rendered":"https:\/\/dev2.mgvpublications.com\/produkt\/ekmek-biterken\/"},"modified":"2022-03-08T22:32:15","modified_gmt":"2022-03-08T21:32:15","slug":"ekmek-biterken","status":"publish","type":"product","link":"https:\/\/mgvpublications.com\/de\/ekmek-biterken\/","title":{"rendered":"Ekmek Biterken"},"content":{"rendered":"<table class=\"attribute\">\n<tbody>\n<tr>\n<td>Ver\u00f6fentlichung<\/td>\n<td>2019-07-01<\/td>\n<\/tr>\n<tr>\n<td>ISBN<\/td>\n<td>6059331777<\/td>\n<\/tr>\n<tr>\n<td>Druckauflage<\/td>\n<td>2. Bask\u0131<\/td>\n<\/tr>\n<tr>\n<td>Sprache<\/td>\n<td>T\u00dcRK\u00c7E<\/td>\n<\/tr>\n<tr>\n<td>Seiten<\/td>\n<td>408<\/td>\n<\/tr>\n<tr>\n<td>Art<\/td>\n<td>Karton Kapak<\/td>\n<\/tr>\n<tr>\n<td>Papierart<\/td>\n<td>Kitap Ka\u011f\u0131d\u0131<\/td>\n<\/tr>\n<tr>\n<td>Ma\u00dfe<\/td>\n<td>14 x 23 cm<\/td>\n<\/tr>\n<\/tbody>\n<\/table>","protected":false},"excerpt":{"rendered":"<p>Yay\u0131n Tarihi 2019-07-01 ISBN 6059331777 Bask\u0131 Say\u0131s\u0131 2. Bask\u0131 Dil T\u00dcRK\u00c7E Sayfa Say\u0131s\u0131 408 Cilt Tipi Karton Kapak Ka\u011f\u0131t Cinsi Kitap Ka\u011f\u0131d\u0131 Boyut 14 x 23 cm<\/p>","protected":false},"featured_media":9953,"template":"","meta":{"spay_email":""},"product_cat":[168],"product_tag":[],"item":[728],"acf":[],"_links":{"self":[{"href":"https:\/\/mgvpublications.com\/de\/wp-json\/wp\/v2\/product\/9952"}],"collection":[{"href":"https:\/\/mgvpublications.com\/de\/wp-json\/wp\/v2\/product"}],"about":[{"href":"https:\/\/mgvpublications.com\/de\/wp-json\/wp\/v2\/types\/product"}],"wp:featuredmedia":[{"embeddable":true,"href":"https:\/\/mgvpublications.com\/de\/wp-json\/wp\/v2\/media\/9953"}],"wp:attachment":[{"href":"https:\/\/mgvpublications.com\/de\/wp-json\/wp\/v2\/media?parent=9952"}],"wp:term":[{"taxonomy":"product_cat","embeddable":true,"href":"https:\/\/mgvpublications.com\/de\/wp-json\/wp\/v2\/product_cat?post=9952"},{"taxonomy":"product_tag","embeddable":true,"href":"https:\/\/mgvpublications.com\/de\/wp-json\/wp\/v2\/product_tag?post=9952"},{"taxonomy":"item","embeddable":true,"href":"https:\/\/mgvpublications.com\/de\/wp-json\/wp\/v2\/item?post=9952"}],"curies":[{"name":"wp","href":"https:\/\/api.w.org\/{rel}","templated":true}]}}