{"id":9947,"date":"2019-11-12T13:27:39","date_gmt":"2019-11-12T12:27:39","guid":{"rendered":"https:\/\/dev2.mgvpublications.com\/produkt\/oezguerluege-kacisim-zindandan-notlar\/"},"modified":"2022-03-08T22:32:15","modified_gmt":"2022-03-08T21:32:15","slug":"oezguerluege-kacisim-zindandan-notlar","status":"publish","type":"product","link":"https:\/\/mgvpublications.com\/de\/oezguerluege-kacisim-zindandan-notlar\/","title":{"rendered":"\u00d6zg\u00fcrl\u00fc\u011fe Ka\u00e7\u0131\u015f\u0131m\/Zindandan Notlar"},"content":{"rendered":"<table class=\"attribute\">\n<tbody>\n<tr>\n<td>Ver\u00f6fentlichung<\/td>\n<td>2014-09-01<\/td>\n<\/tr>\n<tr>\n<td>ISBN<\/td>\n<td>9758740210<\/td>\n<\/tr>\n<tr>\n<td>Druckauflage<\/td>\n<td>15. Bask\u0131<\/td>\n<\/tr>\n<tr>\n<td>Sprache<\/td>\n<td>T\u00dcRK\u00c7E<\/td>\n<\/tr>\n<tr>\n<td>Seiten<\/td>\n<td>416<\/td>\n<\/tr>\n<tr>\n<td>Art<\/td>\n<td>Karton Kapak<\/td>\n<\/tr>\n<tr>\n<td>Papierart<\/td>\n<td>Kitap Ka\u011f\u0131d\u0131<\/td>\n<\/tr>\n<tr>\n<td>Ma\u00dfe<\/td>\n<td>13 x 22 cm<\/td>\n<\/tr>\n<\/tbody>\n<\/table>","protected":false},"excerpt":{"rendered":"<p>Bosna&#8217;n\u0131n \u00f6zg\u00fcrl\u00fck m\u00fccadelesiyle \u00f6zde\u015fle\u015fen Aliya \u0130zzetbegovi\u00e7, siyasi bir fig\u00fcr olman\u0131n yan\u0131nda ayn\u0131 zamanda \u00e7ok \u00f6nemli bir d\u00fc\u015f\u00fcn\u00fcr de. Onun eylemci ki\u015fili\u011finin yan\u0131 s\u0131ra kendisini ele veren bilge ki\u015fili\u011fi, \u00f6nc\u00fcl\u00fck etti\u011fi \u00f6zg\u00fcrl\u00fck m\u00fccadelesinin karakterini belirlemi\u015ftir. Bu kitap, Aliya \u0130zzetbegovi\u00e7&#8217;in bilge ki\u015fili\u011finin billurla\u015ft\u0131rd\u0131\u011f\u0131 d\u00fc\u015f\u00fcnce yo\u011funluklu metinlerden olu\u015fmaktad\u0131r. K\u0131sa ancak yo\u011fun ve \u00e7arp\u0131c\u0131 notlarda kendisini ele veren fikri derinlik, onun tarih kurucu ki\u015fili\u011finin entelekt\u00fcel boyutu hakk\u0131nda zengin ipu\u00e7lar\u0131 vermektedir.<br \/>\nAliye \u0130zzetbegovi\u00e7, bu eserinde M\u00fcsl\u00fcman kimli\u011fi ile evrensel \u00f6l\u00e7ekte fikir geli\u015ftiren bir filozof olarak d\u00fc\u015f\u00fcnce iklimimizi zenginle\u015ftiriyor, bizi d\u00fc\u015f\u00fcnmeye ama daha \u00e7ok d\u00fc\u015f\u00fcnmeye davet ediyor.<\/p>","protected":false},"featured_media":9948,"template":"","meta":{"spay_email":""},"product_cat":[166,173],"product_tag":[],"item":[460],"acf":[],"_links":{"self":[{"href":"https:\/\/mgvpublications.com\/de\/wp-json\/wp\/v2\/product\/9947"}],"collection":[{"href":"https:\/\/mgvpublications.com\/de\/wp-json\/wp\/v2\/product"}],"about":[{"href":"https:\/\/mgvpublications.com\/de\/wp-json\/wp\/v2\/types\/product"}],"wp:featuredmedia":[{"embeddable":true,"href":"https:\/\/mgvpublications.com\/de\/wp-json\/wp\/v2\/media\/9948"}],"wp:attachment":[{"href":"https:\/\/mgvpublications.com\/de\/wp-json\/wp\/v2\/media?parent=9947"}],"wp:term":[{"taxonomy":"product_cat","embeddable":true,"href":"https:\/\/mgvpublications.com\/de\/wp-json\/wp\/v2\/product_cat?post=9947"},{"taxonomy":"product_tag","embeddable":true,"href":"https:\/\/mgvpublications.com\/de\/wp-json\/wp\/v2\/product_tag?post=9947"},{"taxonomy":"item","embeddable":true,"href":"https:\/\/mgvpublications.com\/de\/wp-json\/wp\/v2\/item?post=9947"}],"curies":[{"name":"wp","href":"https:\/\/api.w.org\/{rel}","templated":true}]}}