{"id":9943,"date":"2020-12-02T15:42:06","date_gmt":"2020-12-02T14:42:06","guid":{"rendered":"https:\/\/dev2.mgvpublications.com\/produkt\/asr-i-saadette-ticaret-ve-tueccar-sahabiler\/"},"modified":"2022-05-14T23:22:18","modified_gmt":"2022-05-14T21:22:18","slug":"asr-i-saadette-ticaret-ve-tueccar-sahabiler","status":"publish","type":"product","link":"https:\/\/mgvpublications.com\/de\/asr-i-saadette-ticaret-ve-tueccar-sahabiler\/","title":{"rendered":"Asr-\u0131 Saadet&#8217;te Ticaret ve T\u00fcccar Sahabiler"},"content":{"rendered":"<p>Yay\u0131n Tarihi: 15.01.2014<br \/>ISBN: 9786054620203<br \/>Dil: T\u00dcRK\u00c7E<br \/>Sayfa Say\u0131s\u0131: 231<br \/>Cilt Tipi: Karton Kapak<br \/>Ka\u011f\u0131t Cinsi: Kitap Ka\u011f\u0131d\u0131<br \/>Boyut: 13.5 x 21 cm<\/p>","protected":false},"excerpt":{"rendered":"<p>Ticaretin i\u00e7erisinde olmak, para kazanmak, sahada s\u00fcrekli ba\u015fkalar\u0131 ile rekabet halinde olmak ve bunca \u015feye ra\u011fmen kalbi, g\u00f6nl\u00fc selim bir \u015fekilde muhafaza etmek, korumak \u00e7ok kolay bir \u015fey de\u011fildir.Bir t\u00fcccar\u0131n bunu sa\u011flayabilmesi i\u00e7in \u015fu hususlara kesinlikle dikkat etmesi gerekir. 1-Sa\u011flam bir akidenin in\u015fas\u0131 2-Ticari hukukun derinlemesine \u00f6\u011frenilmesi 3-Sad\u0131k ve salih dostlar\u0131n edinilmesi 4-Allah&#8217;\u0131n, yap\u0131lan ticarete ortak edilmesi 5-Bir hakikat olan \u00f6l\u00fcm\u00fcn s\u00fcrekli hat\u0131rda tutulmas\u0131<\/p>","protected":false},"featured_media":22059,"template":"","meta":{"spay_email":""},"product_cat":[174],"product_tag":[],"item":[426],"acf":[],"_links":{"self":[{"href":"https:\/\/mgvpublications.com\/de\/wp-json\/wp\/v2\/product\/9943"}],"collection":[{"href":"https:\/\/mgvpublications.com\/de\/wp-json\/wp\/v2\/product"}],"about":[{"href":"https:\/\/mgvpublications.com\/de\/wp-json\/wp\/v2\/types\/product"}],"wp:featuredmedia":[{"embeddable":true,"href":"https:\/\/mgvpublications.com\/de\/wp-json\/wp\/v2\/media\/22059"}],"wp:attachment":[{"href":"https:\/\/mgvpublications.com\/de\/wp-json\/wp\/v2\/media?parent=9943"}],"wp:term":[{"taxonomy":"product_cat","embeddable":true,"href":"https:\/\/mgvpublications.com\/de\/wp-json\/wp\/v2\/product_cat?post=9943"},{"taxonomy":"product_tag","embeddable":true,"href":"https:\/\/mgvpublications.com\/de\/wp-json\/wp\/v2\/product_tag?post=9943"},{"taxonomy":"item","embeddable":true,"href":"https:\/\/mgvpublications.com\/de\/wp-json\/wp\/v2\/item?post=9943"}],"curies":[{"name":"wp","href":"https:\/\/api.w.org\/{rel}","templated":true}]}}