{"id":9878,"date":"2019-10-28T15:44:43","date_gmt":"2019-10-28T14:44:43","guid":{"rendered":"https:\/\/dev2.mgvpublications.com\/produkt\/son-okcular-tepesi\/"},"modified":"2026-02-09T23:01:13","modified_gmt":"2026-02-09T22:01:13","slug":"son-okcular-tepesi","status":"publish","type":"product","link":"https:\/\/mgvpublications.com\/de\/son-okcular-tepesi\/","title":{"rendered":"SON OK\u00c7ULAR TEPES\u0130"},"content":{"rendered":"<p>T\u00fcr\u00fc: Dini<br \/>\nBas\u0131m Y\u0131l\u0131: Mart 2019 1.Bask\u0131<br \/>\nKitab\u0131n Ad\u0131: Son Ok\u00e7ular Tepesi Evimiz \u2013 Ailemiz<br \/>\nYazar\u0131: Abd\u00fclaziz K\u0131ran\u015fal<br \/>\nSayfa Say\u0131s\u0131: 216<br \/>\nBask\u0131 \u00d6zellikleri: Karton Kapak<br \/>\nEbat: 13.5 x 21 cm<br \/>\nISBN: 978-605-2008-37-9<\/p>","protected":false},"excerpt":{"rendered":"<p>Tapusu bize ait olan evlerimizin ba\u015fk\u00f6\u015fesini televizyon, g\u00fcndemini de dizler ve magazin programlar\u0131 i\u015fgal etti. Geni\u015f odalar, salonlar, mutfaklar, mobilyalar aras\u0131nda afiyeti, huzuru ve bereketi kaybettik. Daha konforlu bir hayat, daha iyi bir ev, daha iyi bir araba hayalleri kurarken \u0130slami hedef ve ideallerimizi unuttuk.<\/p>\n<p>&nbsp;<\/p>\n<p>Ok\u00e7ular Tepesi\u2019nde Abdullah b. C\u00fcbeyr (r.a) bilinciyle m\u00fcdafaa etmemiz gereken son tepe evlerimizdir. Bu b\u00fcy\u00fck m\u00fcdafaada en b\u00fcy\u00fck g\u00f6rev, annelerimize d\u00fc\u015fmektedir. Bir evde asli g\u00f6revinin \u015fuuruna varm\u0131\u015f bir anne varsa o ev y\u0131k\u0131lmaz bir kale gibidir.<\/p>","protected":false},"featured_media":9879,"template":"","meta":{"spay_email":""},"product_cat":[171,166,174],"product_tag":[],"item":[335],"acf":[],"_links":{"self":[{"href":"https:\/\/mgvpublications.com\/de\/wp-json\/wp\/v2\/product\/9878"}],"collection":[{"href":"https:\/\/mgvpublications.com\/de\/wp-json\/wp\/v2\/product"}],"about":[{"href":"https:\/\/mgvpublications.com\/de\/wp-json\/wp\/v2\/types\/product"}],"wp:featuredmedia":[{"embeddable":true,"href":"https:\/\/mgvpublications.com\/de\/wp-json\/wp\/v2\/media\/9879"}],"wp:attachment":[{"href":"https:\/\/mgvpublications.com\/de\/wp-json\/wp\/v2\/media?parent=9878"}],"wp:term":[{"taxonomy":"product_cat","embeddable":true,"href":"https:\/\/mgvpublications.com\/de\/wp-json\/wp\/v2\/product_cat?post=9878"},{"taxonomy":"product_tag","embeddable":true,"href":"https:\/\/mgvpublications.com\/de\/wp-json\/wp\/v2\/product_tag?post=9878"},{"taxonomy":"item","embeddable":true,"href":"https:\/\/mgvpublications.com\/de\/wp-json\/wp\/v2\/item?post=9878"}],"curies":[{"name":"wp","href":"https:\/\/api.w.org\/{rel}","templated":true}]}}