{"id":9870,"date":"2019-10-28T15:31:21","date_gmt":"2019-10-28T14:31:21","guid":{"rendered":"https:\/\/dev2.mgvpublications.com\/produkt\/tahrir-vazifeleri\/"},"modified":"2022-03-08T22:32:11","modified_gmt":"2022-03-08T21:32:11","slug":"tahrir-vazifeleri","status":"publish","type":"product","link":"https:\/\/mgvpublications.com\/de\/tahrir-vazifeleri\/","title":{"rendered":"Tahrir Vazifeleri"},"content":{"rendered":"<table class=\"attribute\">\n<tbody>\n<tr>\n<td>Ver\u00f6fentlichung<\/td>\n<td>2014-10-22<\/td>\n<\/tr>\n<tr>\n<td>Druckauflage<\/td>\n<td>2. Bask\u0131<\/td>\n<\/tr>\n<tr>\n<td>Sprache<\/td>\n<td>T\u00dcRK\u00c7E<\/td>\n<\/tr>\n<tr>\n<td>Seiten<\/td>\n<td>320<\/td>\n<\/tr>\n<tr>\n<td>Art<\/td>\n<td>Karton Kapak<\/td>\n<\/tr>\n<tr>\n<td>Papierart<\/td>\n<td>Kitap Ka\u011f\u0131d\u0131<\/td>\n<\/tr>\n<tr>\n<td>Ma\u00dfe<\/td>\n<td>12.5 x 20.5 cm[koo_icon name=&#8221;undefined&#8221; color=&#8221;&#8221; size=&#8221;&#8221;]<\/td>\n<\/tr>\n<\/tbody>\n<\/table>","protected":false},"excerpt":{"rendered":"<div id=\"description_text\" class=\"readmore-js-section readmore-js-expanded\">&#8220;Konu\u015furken (kimi zaman da yazarken) muhatab\u0131m\u0131z\u0131n s\u00f6ylediklerimizi anlam\u0131\u015f oldu\u011funa sevinebiliriz. \u00d6yle ya, zaten o anlas\u0131n diye konu\u015fmuyor muyuz? Yine de sonu\u00e7 her zaman sevindirici olmayabilir. Kar\u015f\u0131m\u0131zdaki s\u00f6zlerimizi anlad\u0131\u011f\u0131 i\u00e7in \u00fcz\u00fclmemiz de m\u00fcmk\u00fcn. Belki k\u00f6t\u00fc bir haber verdik. Belki bir haberi k\u00f6t\u00fc verdik. Muhatab\u0131m\u0131z s\u00f6ylediklerimizi anlamad\u0131 diye \u00fcz\u00fclebiliriz. Tersine, kar\u015f\u0131m\u0131zdakinin ne dedi\u011fimizi anlamam\u0131\u015f olmas\u0131 sevinmemize yol a\u00e7abilir. Anlasayd\u0131 her ikimiz i\u00e7in de iyi olmayacakt\u0131, diye d\u00fc\u015f\u00fcnd\u00fc\u011f\u00fcm\u00fcz de olur. B\u00fct\u00fcn bu karma\u015f\u0131kl\u0131klar i\u00e7inde, s\u00f6zlere kar\u0131\u015fan insanlar, insanlara kar\u0131\u015fan s\u00f6zler aras\u0131nda ya\u015fay\u0131p gideriz. Dilbilimciler olan biteni bir d\u00fczen \u00e7er\u00e7evesinde a\u00e7\u0131klamaya \u00e7abalarlar, dil felsefesiyle u\u011fra\u015fanlar meselenin mahiyetini \u00e7\u00f6z\u00fcmleme giri\u015fimindedirler. Ama aram\u0131zdaki melek veya melekler amellerimizle niyetlerimiz aras\u0131ndaki bo\u015flu\u011fu doldurur. Hat\u0131rlar m\u0131y\u0131z hem sa\u011f\u0131m\u0131zda, hem solumuzda oturan; amellerimizi tespit eden iki de melek oldu\u011funu? \u00c7a\u011fda\u015f tela\u015f cevaz verir mi buna? Oysa onlar ne kadar \u00e7ok kar\u0131\u015f\u0131yor konu\u015fmalar\u0131m\u0131za&#8230;\u201d<\/div>","protected":false},"featured_media":9871,"template":"","meta":{"spay_email":""},"product_cat":[168],"product_tag":[],"item":[718],"acf":[],"_links":{"self":[{"href":"https:\/\/mgvpublications.com\/de\/wp-json\/wp\/v2\/product\/9870"}],"collection":[{"href":"https:\/\/mgvpublications.com\/de\/wp-json\/wp\/v2\/product"}],"about":[{"href":"https:\/\/mgvpublications.com\/de\/wp-json\/wp\/v2\/types\/product"}],"wp:featuredmedia":[{"embeddable":true,"href":"https:\/\/mgvpublications.com\/de\/wp-json\/wp\/v2\/media\/9871"}],"wp:attachment":[{"href":"https:\/\/mgvpublications.com\/de\/wp-json\/wp\/v2\/media?parent=9870"}],"wp:term":[{"taxonomy":"product_cat","embeddable":true,"href":"https:\/\/mgvpublications.com\/de\/wp-json\/wp\/v2\/product_cat?post=9870"},{"taxonomy":"product_tag","embeddable":true,"href":"https:\/\/mgvpublications.com\/de\/wp-json\/wp\/v2\/product_tag?post=9870"},{"taxonomy":"item","embeddable":true,"href":"https:\/\/mgvpublications.com\/de\/wp-json\/wp\/v2\/item?post=9870"}],"curies":[{"name":"wp","href":"https:\/\/api.w.org\/{rel}","templated":true}]}}