{"id":9868,"date":"2019-10-28T15:26:04","date_gmt":"2019-10-28T14:26:04","guid":{"rendered":"https:\/\/dev2.mgvpublications.com\/produkt\/beyaz-dis\/"},"modified":"2022-03-08T22:32:11","modified_gmt":"2022-03-08T21:32:11","slug":"beyaz-dis","status":"publish","type":"product","link":"https:\/\/mgvpublications.com\/de\/beyaz-dis\/","title":{"rendered":"Beyaz Di\u015f"},"content":{"rendered":"<table class=\"attribute\">\n<tbody>\n<tr>\n<td>Ver\u00f6fentlichung<\/td>\n<td>2017-06-13<\/td>\n<\/tr>\n<tr>\n<td>ISBN<\/td>\n<td>6059081245<\/td>\n<\/tr>\n<tr>\n<td>Druckauflage<\/td>\n<td>1. Bask\u0131<\/td>\n<\/tr>\n<tr>\n<td>Sprache<\/td>\n<td>T\u00dcRK\u00c7E<\/td>\n<\/tr>\n<tr>\n<td>Seiten<\/td>\n<td>175<\/td>\n<\/tr>\n<tr>\n<td>Art<\/td>\n<td>Karton Kapak<\/td>\n<\/tr>\n<tr>\n<td>Papierart<\/td>\n<td>Kitap Ka\u011f\u0131d\u0131<\/td>\n<\/tr>\n<tr>\n<td>Ma\u00dfe<\/td>\n<td>14 x 21 cm<\/td>\n<\/tr>\n<\/tbody>\n<\/table>","protected":false},"excerpt":{"rendered":"<div class=\"description\">\n<div id=\"description_text\">Korkun\u00e7 so\u011fu\u011fa ra\u011fmen h\u00e2l\u00e2 hayatta olan iki adam \u00fcmitsizli\u011fe d\u00fc\u015fmeden, durmadan y\u00fcr\u00fcyordu. So\u011fuktan korunmak i\u00e7in kal\u0131n k\u00fcrkler, deri eldivenler giyinmi\u015flerdi. Kirpikleri bile buz tutmu\u015ftu. Y\u00fczlerindeki kar ve buzdan y\u00fcz hatlar\u0131 kaybolmu\u015ftu. Sanki bu adamlar bilinmeyen bir gezegene \u00f6l\u00fcleri ta\u015f\u0131yan ve orada g\u00f6men \u00f6zel g\u00f6revli yarat\u0131klard\u0131. Ya da tan\u0131nmamak i\u00e7in maske takm\u0131\u015f iki mezarc\u0131&#8230; Asl\u0131nda ikisi de senin benim gibi insanlard\u0131. Bu kadar tehlikenin, bu \u0131ss\u0131z do\u011fan\u0131n i\u00e7inde \u00f6l\u00fcmle \u00e2deta dans eden iki macerac\u0131yd\u0131 onlar.<\/div>\n<\/div>","protected":false},"featured_media":9869,"template":"","meta":{"spay_email":""},"product_cat":[167,168],"product_tag":[],"item":[807],"acf":[],"_links":{"self":[{"href":"https:\/\/mgvpublications.com\/de\/wp-json\/wp\/v2\/product\/9868"}],"collection":[{"href":"https:\/\/mgvpublications.com\/de\/wp-json\/wp\/v2\/product"}],"about":[{"href":"https:\/\/mgvpublications.com\/de\/wp-json\/wp\/v2\/types\/product"}],"wp:featuredmedia":[{"embeddable":true,"href":"https:\/\/mgvpublications.com\/de\/wp-json\/wp\/v2\/media\/9869"}],"wp:attachment":[{"href":"https:\/\/mgvpublications.com\/de\/wp-json\/wp\/v2\/media?parent=9868"}],"wp:term":[{"taxonomy":"product_cat","embeddable":true,"href":"https:\/\/mgvpublications.com\/de\/wp-json\/wp\/v2\/product_cat?post=9868"},{"taxonomy":"product_tag","embeddable":true,"href":"https:\/\/mgvpublications.com\/de\/wp-json\/wp\/v2\/product_tag?post=9868"},{"taxonomy":"item","embeddable":true,"href":"https:\/\/mgvpublications.com\/de\/wp-json\/wp\/v2\/item?post=9868"}],"curies":[{"name":"wp","href":"https:\/\/api.w.org\/{rel}","templated":true}]}}