{"id":9862,"date":"2019-10-28T15:12:25","date_gmt":"2019-10-28T14:12:25","guid":{"rendered":"https:\/\/dev2.mgvpublications.com\/produkt\/desem-oeldueruerler-demesem-oelduem\/"},"modified":"2022-03-08T22:32:11","modified_gmt":"2022-03-08T21:32:11","slug":"desem-oeldueruerler-demesem-oelduem","status":"publish","type":"product","link":"https:\/\/mgvpublications.com\/de\/desem-oeldueruerler-demesem-oelduem\/","title":{"rendered":"Desem \u00d6ld\u00fcr\u00fcrler, Demesem \u00d6ld\u00fcm"},"content":{"rendered":"<p>Yay\u0131n Tarihi: 01.11.2013<br \/>ISBN: 9786058615144<br \/>Dil: T\u00dcRK\u00c7E<br \/>Sayfa Say\u0131s\u0131: 384<br \/>Cilt Tipi: Karton Kapak<br \/>Ka\u011f\u0131t Cinsi: Kitap Ka\u011f\u0131d\u0131<br \/>Boyut: 12.5 x 20.5 cm<\/p>","protected":false},"excerpt":{"rendered":"<p>T\u0130YO&#8217;nun ilk kitab\u0131 olan \u201cDesem \u00d6ld\u00fcr\u00fcrler Demesem \u00d6ld\u00fcm\u201d\u00fcn yeni bask\u0131s\u0131nda \u0130smet \u00d6zel\u2019in yaz\u0131lar\u0131n\u0131 hem Kur\u2019an hem de Latin harfleri ile bulacaks\u0131n\u0131z. \u0130smet \u00d6zel\u2019in \u2018K\u00fcfr\u00fcn \u0130hsan\u0131 Olmaz kitab\u0131n\u0131n ard\u0131ndan Kur\u2019an harfleri ile de bas\u0131lm\u0131\u015f bu ikinci kitap ve son yaz\u0131lar\u0131ndan olu\u015fan kitaplar bir seri te\u015fkil etmeye namzettir. Bu kitab\u0131n ad\u0131 olsun diye m\u00fcracaat etti\u011fim serlevh\u00e2 her ne kadar \u201cDesem \u00d6ld\u00fcr\u00fcrler, Demesem \u00d6ld\u00fcm\u201d ibaresi ise de, bu kitap dolay\u0131s\u0131yla bir niha\u00ee hakikat perdesinden bahsetmemiz m\u00fcmk\u00fcn de\u011fil. Ne ben burada s\u00f6ylediklerim sebebiyle hayat\u0131m\u0131 tehlikeye atm\u0131\u015f oluyor, ne de hayatta kal\u0131\u015f\u0131m\u0131 burada dile getirdiklerime bor\u00e7lan\u0131yorum. Altm\u0131\u015f sekiz y\u0131la bali\u011f \u00f6mr\u00fcm i\u00e7inde biz T\u00fcrklere ne yalanlar s\u00f6ylendi\u011fi, bize ne dolmalar yutturuldu\u011fu hususunda \u00e7ok \u015fey \u00f6\u011frendim. Yine \u00f6\u011frendim ki, T\u00fcrkiye\u2019ye k\u00f6t\u00fcl\u00fck yapanlar T\u00fcrkiye\u2019ye ne k\u00f6t\u00fcl\u00fckler yap\u0131ld\u0131\u011f\u0131 konusunda benden daha \u00e7ok bilgiye ula\u015fm\u0131\u015f durumdad\u0131r. Bu y\u00fczden ben konu\u015ftuk\u00e7a onlar b\u0131y\u0131k alt\u0131ndan g\u00fcl\u00fcyor. Mel\u2019unlar melanetin nerelere uzand\u0131\u011f\u0131n\u0131 benden iyi biliyor.<\/p>","protected":false},"featured_media":20843,"template":"","meta":{"spay_email":""},"product_cat":[168],"product_tag":[],"item":[718],"acf":[],"_links":{"self":[{"href":"https:\/\/mgvpublications.com\/de\/wp-json\/wp\/v2\/product\/9862"}],"collection":[{"href":"https:\/\/mgvpublications.com\/de\/wp-json\/wp\/v2\/product"}],"about":[{"href":"https:\/\/mgvpublications.com\/de\/wp-json\/wp\/v2\/types\/product"}],"wp:featuredmedia":[{"embeddable":true,"href":"https:\/\/mgvpublications.com\/de\/wp-json\/wp\/v2\/media\/20843"}],"wp:attachment":[{"href":"https:\/\/mgvpublications.com\/de\/wp-json\/wp\/v2\/media?parent=9862"}],"wp:term":[{"taxonomy":"product_cat","embeddable":true,"href":"https:\/\/mgvpublications.com\/de\/wp-json\/wp\/v2\/product_cat?post=9862"},{"taxonomy":"product_tag","embeddable":true,"href":"https:\/\/mgvpublications.com\/de\/wp-json\/wp\/v2\/product_tag?post=9862"},{"taxonomy":"item","embeddable":true,"href":"https:\/\/mgvpublications.com\/de\/wp-json\/wp\/v2\/item?post=9862"}],"curies":[{"name":"wp","href":"https:\/\/api.w.org\/{rel}","templated":true}]}}