{"id":9857,"date":"2019-10-28T15:00:42","date_gmt":"2019-10-28T14:00:42","guid":{"rendered":"https:\/\/dev2.mgvpublications.com\/produkt\/kayip-sembol\/"},"modified":"2022-03-08T22:32:10","modified_gmt":"2022-03-08T21:32:10","slug":"kayip-sembol","status":"publish","type":"product","link":"https:\/\/mgvpublications.com\/de\/kayip-sembol\/","title":{"rendered":"Kay\u0131p Sembol"},"content":{"rendered":"<table class=\"attribute\">\n<tbody>\n<tr>\n<td>\u00c7evirmen:<\/td>\n<td><a href=\"https:\/\/www.kitapyurdu.com\/yazar\/petek-demir\/20370.html\" target=\"_blank\" rel=\"noopener\">Petek Demir<\/a><\/td>\n<\/tr>\n<tr>\n<td>Ver\u00f6fentlichung<\/td>\n<td>2019-03-21<\/td>\n<\/tr>\n<tr>\n<td>Orjinal Ad\u0131<\/td>\n<td>Lost Symbol<\/td>\n<\/tr>\n<tr>\n<td>ISBN<\/td>\n<td>9752111929<\/td>\n<\/tr>\n<tr>\n<td>Druckauflage<\/td>\n<td>10. Bask\u0131<\/td>\n<\/tr>\n<tr>\n<td>Sprache<\/td>\n<td>T\u00dcRK\u00c7E<\/td>\n<\/tr>\n<tr>\n<td>Seiten<\/td>\n<td>528<\/td>\n<\/tr>\n<tr>\n<td>Art<\/td>\n<td>Karton Kapak<\/td>\n<\/tr>\n<tr>\n<td>Papierart<\/td>\n<td>Kitap Ka\u011f\u0131d\u0131<\/td>\n<\/tr>\n<tr>\n<td>Ma\u00dfe<\/td>\n<td>13.5 x 21.5 cm<\/td>\n<\/tr>\n<\/tbody>\n<\/table>","protected":false},"excerpt":{"rendered":"<div id=\"description_text\" class=\"readmore-js-section readmore-js-collapsed\">Dan Brown; Da Vinci \u015eifresi, Melekler ve \u015eeytanlar&#8217;dan sonra Kay\u0131p Sembol\u2019de insanl\u0131\u011f\u0131n y\u00fczy\u0131llard\u0131r bekledi\u011fi bir ger\u00e7e\u011fin pe\u015finde&#8230; Harvard Simgebilim Profes\u00f6r\u00fc Robert Langdon, Kongre Binas\u0131&#8217;nda konferans vermesi i\u00e7in yak\u0131n bir arkada\u015f\u0131ndan davet al\u0131r. Ancak, Washington&#8217;a var\u0131r varmaz olduk\u00e7a garip bir durumla kar\u015f\u0131 kar\u015f\u0131ya kalan profes\u00f6r, kendini korkun\u00e7 bir oyunun ortas\u0131nda bulur. Kongre Binas\u0131\u2019na b\u0131rak\u0131lm\u0131\u015f olan bir sembol\u00fcn -yak\u0131n arkada\u015f\u0131 Peter Solomon&#8217;\u0131n kesik eli- varl\u0131\u011f\u0131n\u0131 haber veren bir telefon, Langdon&#8217;\u0131 hi\u00e7 de yabanc\u0131s\u0131 olmad\u0131\u011f\u0131 bir d\u00fcnyaya davet etmektedir. Antik\u00e7a\u011flarda kullan\u0131lan bu sembolik \u00e7a\u011fr\u0131, daveti alan ki\u015fiyi ezoterik bilgeli\u011fin h\u00fck\u00fcm s\u00fcrd\u00fc\u011f\u00fc, \u00e7ok eskilerde kalm\u0131\u015f kay\u0131p bir d\u00fcnyaya s\u00fcr\u00fckleyecektir. Sonu belli olmayan bu mistik daveti arkada\u015f\u0131n\u0131 kurtarmak i\u00e7in kabul eden Langdon, bir anda masonik s\u0131rlar\u0131n, sakl\u0131 kalm\u0131\u015f tarihin ve o g\u00fcne dek g\u00f6rmedi\u011fi yerlerin gizli d\u00fcnyas\u0131nda inan\u0131lmaz bir ger\u00e7ekle y\u00fczle\u015fmek zorunda kal\u0131r. Art\u0131k cevaplanmas\u0131 gereken sorular vard\u0131r: \u0130nsanl\u0131\u011f\u0131n Alt\u0131n \u00c7a\u011f\u0131, a\u00e7\u0131lmamas\u0131 gereken bir kap\u0131n\u0131n aral\u0131\u011f\u0131ndan s\u0131rlar\u0131yla birlikte yok mu olacak, yoksa hikmetin \u0131\u015f\u0131\u011f\u0131nda t\u00fcm sorular\u0131n cevaplar\u0131 m\u0131 bulunacakt\u0131r?&#8230;<\/div>","protected":false},"featured_media":9858,"template":"","meta":{"spay_email":""},"product_cat":[167],"product_tag":[],"item":[786],"acf":[],"_links":{"self":[{"href":"https:\/\/mgvpublications.com\/de\/wp-json\/wp\/v2\/product\/9857"}],"collection":[{"href":"https:\/\/mgvpublications.com\/de\/wp-json\/wp\/v2\/product"}],"about":[{"href":"https:\/\/mgvpublications.com\/de\/wp-json\/wp\/v2\/types\/product"}],"wp:featuredmedia":[{"embeddable":true,"href":"https:\/\/mgvpublications.com\/de\/wp-json\/wp\/v2\/media\/9858"}],"wp:attachment":[{"href":"https:\/\/mgvpublications.com\/de\/wp-json\/wp\/v2\/media?parent=9857"}],"wp:term":[{"taxonomy":"product_cat","embeddable":true,"href":"https:\/\/mgvpublications.com\/de\/wp-json\/wp\/v2\/product_cat?post=9857"},{"taxonomy":"product_tag","embeddable":true,"href":"https:\/\/mgvpublications.com\/de\/wp-json\/wp\/v2\/product_tag?post=9857"},{"taxonomy":"item","embeddable":true,"href":"https:\/\/mgvpublications.com\/de\/wp-json\/wp\/v2\/item?post=9857"}],"curies":[{"name":"wp","href":"https:\/\/api.w.org\/{rel}","templated":true}]}}