{"id":9852,"date":"2019-10-28T14:46:03","date_gmt":"2019-10-28T13:46:03","guid":{"rendered":"https:\/\/dev2.mgvpublications.com\/produkt\/solgun-ates\/"},"modified":"2025-04-26T19:07:51","modified_gmt":"2025-04-26T17:07:51","slug":"solgun-ates","status":"publish","type":"product","link":"https:\/\/mgvpublications.com\/de\/solgun-ates\/","title":{"rendered":"Solgun Ate\u015f"},"content":{"rendered":"<table class=\"attribute\">\n<tbody>\n<tr>\n<td>\u00c7evirmen:<\/td>\n<td><a href=\"https:\/\/www.kitapyurdu.com\/yazar\/yigit-yavuz\/50229.html\" target=\"_blank\" rel=\"noopener\">Yi\u011fit Yavuz<\/a><\/td>\n<\/tr>\n<tr>\n<td>Ver\u00f6fentlichung<\/td>\n<td>2015-11-01<\/td>\n<\/tr>\n<tr>\n<td>ISBN<\/td>\n<td>9750512834<\/td>\n<\/tr>\n<tr>\n<td>Druckauflage<\/td>\n<td>3. Bask\u0131<\/td>\n<\/tr>\n<tr>\n<td>Sprache<\/td>\n<td>T\u00dcRK\u00c7E<\/td>\n<\/tr>\n<tr>\n<td>Seiten<\/td>\n<td>286<\/td>\n<\/tr>\n<tr>\n<td>Art<\/td>\n<td>Karton Kapak<\/td>\n<\/tr>\n<tr>\n<td>Papierart<\/td>\n<td>Kitap Ka\u011f\u0131d\u0131<\/td>\n<\/tr>\n<tr>\n<td>Ma\u00dfe<\/td>\n<td>13 x 19.5 cm<\/td>\n<\/tr>\n<\/tbody>\n<\/table>","protected":false},"excerpt":{"rendered":"<p>\u00c7ok zordur konu\u015fmak sevgili \u00f6l\u00fclerimizle,<br \/>\nR\u00fcyalardan bildi\u011fimiz \u00fczere!<br \/>\nEndi\u015femizi, k\u0131r\u0131lganl\u0131\u011f\u0131m\u0131z\u0131, utanc\u0131m\u0131z\u0131<br \/>\nG\u00f6rmezden gelirler. Art\u0131k eskisi gibi olmay\u0131\u015flar\u0131<br \/>\n\u0130nsana fena koyar. Uzak bir sava\u015fta \u00f6len<br \/>\nOkul arkada\u015f\u0131m\u0131z, \u015fa\u015fk\u0131n de\u011fildir bizi<br \/>\nkap\u0131s\u0131nda g\u00f6rmekten;<br \/>\n\u0130\u015faret eder biraz kayg\u0131s\u0131z, biraz kederli,<br \/>\nBodrum kat\u0131 odas\u0131ndaki su birikintilerini.<br \/>\nSOLGUN ATE\u015e<\/p>\n<p>Nabokov dilimizi kullanmay\u0131 ve d\u00f6n\u00fc\u015ft\u00fcrmeyi se\u00e7mekle, hepimize \u015feref bah\u015fetmi\u015ftir.<br \/>\nANTHONY BURGESS<\/p>","protected":false},"featured_media":9853,"template":"","meta":{"spay_email":""},"product_cat":[168],"product_tag":[],"item":[365],"acf":[],"_links":{"self":[{"href":"https:\/\/mgvpublications.com\/de\/wp-json\/wp\/v2\/product\/9852"}],"collection":[{"href":"https:\/\/mgvpublications.com\/de\/wp-json\/wp\/v2\/product"}],"about":[{"href":"https:\/\/mgvpublications.com\/de\/wp-json\/wp\/v2\/types\/product"}],"wp:featuredmedia":[{"embeddable":true,"href":"https:\/\/mgvpublications.com\/de\/wp-json\/wp\/v2\/media\/9853"}],"wp:attachment":[{"href":"https:\/\/mgvpublications.com\/de\/wp-json\/wp\/v2\/media?parent=9852"}],"wp:term":[{"taxonomy":"product_cat","embeddable":true,"href":"https:\/\/mgvpublications.com\/de\/wp-json\/wp\/v2\/product_cat?post=9852"},{"taxonomy":"product_tag","embeddable":true,"href":"https:\/\/mgvpublications.com\/de\/wp-json\/wp\/v2\/product_tag?post=9852"},{"taxonomy":"item","embeddable":true,"href":"https:\/\/mgvpublications.com\/de\/wp-json\/wp\/v2\/item?post=9852"}],"curies":[{"name":"wp","href":"https:\/\/api.w.org\/{rel}","templated":true}]}}