{"id":9850,"date":"2019-10-28T14:39:46","date_gmt":"2019-10-28T13:39:46","guid":{"rendered":"https:\/\/dev2.mgvpublications.com\/produkt\/dedemin-bakkali\/"},"modified":"2022-03-08T22:32:08","modified_gmt":"2022-03-08T21:32:08","slug":"dedemin-bakkali","status":"publish","type":"product","link":"https:\/\/mgvpublications.com\/de\/dedemin-bakkali\/","title":{"rendered":"Dedemin Bakkal\u0131"},"content":{"rendered":"<table class=\"attribute\">\n<tbody>\n<tr>\n<td>\u00c7izer:<\/td>\n<td><a href=\"https:\/\/www.kitapyurdu.com\/yazar\/mert-tugen\/167142.html\" target=\"_blank\" rel=\"noopener\">Mert Tugen<\/a><\/td>\n<\/tr>\n<tr>\n<td>Ver\u00f6fentlichung<\/td>\n<td>2018-05-01<\/td>\n<\/tr>\n<tr>\n<td>ISBN<\/td>\n<td>[koo_icon name=&#8221;undefined&#8221; color=&#8221;&#8221; size=&#8221;&#8221;]<\/td>\n<\/tr>\n<tr>\n<td>Druckauflage<\/td>\n<td>7. Bask\u0131<\/td>\n<\/tr>\n<tr>\n<td>Sprache<\/td>\n<td>T\u00dcRK\u00c7E<\/td>\n<\/tr>\n<tr>\n<td>Seiten<\/td>\n<td>200<\/td>\n<\/tr>\n<tr>\n<td>Art<\/td>\n<td>Karton Kapak<\/td>\n<\/tr>\n<tr>\n<td>Papierart<\/td>\n<td>Kitap Ka\u011f\u0131d\u0131<\/td>\n<\/tr>\n<tr>\n<td>Ma\u00dfe<\/td>\n<td>13.5 x 21 cm<\/td>\n<\/tr>\n<\/tbody>\n<\/table>","protected":false},"excerpt":{"rendered":"<p>O, tuz ruhu isteyen m\u00fc\u015fteriye yemek tuzu g\u00f6nderip \u201cruhu arkadan gelecek\u201d diyen bir giri\u015fimci\u2026<br \/>\nO, fakir m\u00fc\u015fterilere bedava \u00fcr\u00fcnler sat\u0131p \u00fccreti zenginlerin hesab\u0131na yazan bir kahraman\u2026<br \/>\nO, bakkaldaki i\u00e7ecekleri birbirine kar\u0131\u015ft\u0131r\u0131p daha g\u00fczelini bulmak ve m\u00fc\u015fterilerine sunmak i\u00e7in u\u011fra\u015fan bir sivri zeka\u2026<br \/>\nO, Afrikal\u0131 \u00e7ocuklara yard\u0131m g\u00f6ndermek i\u00e7in arkada\u015flar\u0131n\u0131n ellerinden kandil yiyeceklerini toplayan bir yard\u0131msever\u2026<br \/>\nO, att\u0131\u011f\u0131 her ad\u0131m olay olan, a\u015f\u0131r\u0131 e\u011flenceli, cin fikirli, fena halde yenilik\u00e7i bir bakkal \u00e7\u0131ra\u011f\u0131\u2026<\/p>\n<p>Ticaret hayat\u0131nda tam gaz ko\u015ftu ama her seferinde yeti\u015fkinlerin d\u00fcnyas\u0131na toslad\u0131. Yeti\u015fkinler y\u00fcz\u00fcnden ba\u015f\u0131na gelmeyen kalmad\u0131\u2026\u00a0 Ve t\u00fcm deneyimleriyle, senin i\u00e7in harika bir rehber haz\u0131rlad\u0131.<\/p>\n<p>\u00c7ocuklar\u0131n Yeti\u015fkinlerle \u0130leti\u015fimde Dikkat Etmesi Gereken Hassas Konular, bu kitapta.<br \/>\nTam on madde. Oku ve dikkat et\u2026<br \/>\nSana bir s\u0131r vereyim:<br \/>\nYeti\u015fkinler&#8230;<br \/>\nHer yerdeler\u2026<\/p>\n<p>\u015eermin \u00c7arkac\u0131\u2019n\u0131n kendi hat\u0131ralar\u0131ndan ilhamla kaleme ald\u0131\u011f\u0131 Dedemin Bakkal\u0131, b\u00fcy\u00fcklere \u00e7ocuklar\u0131n g\u00f6z\u00fcnden kendilerini g\u00f6rme imk\u00e2n\u0131 verirken; k\u00fc\u00e7\u00fcklere ticaretin, yenilik\u00e7i d\u00fc\u015f\u00fcnmenin, b\u00fcy\u00fcklerin d\u00fcnyas\u0131n\u0131n ve insan ili\u015fkilerine dair inceliklerin ipu\u00e7lar\u0131n\u0131 veriyor. Epey g\u00fcld\u00fcr\u00fcyor, biraz h\u00fcz\u00fcnlendiriyor, uzun uzun d\u00fc\u015f\u00fcnd\u00fcr\u00fcyor.<\/p>","protected":false},"featured_media":9851,"template":"","meta":{"spay_email":""},"product_cat":[172,168],"product_tag":[],"item":[797],"acf":[],"_links":{"self":[{"href":"https:\/\/mgvpublications.com\/de\/wp-json\/wp\/v2\/product\/9850"}],"collection":[{"href":"https:\/\/mgvpublications.com\/de\/wp-json\/wp\/v2\/product"}],"about":[{"href":"https:\/\/mgvpublications.com\/de\/wp-json\/wp\/v2\/types\/product"}],"wp:featuredmedia":[{"embeddable":true,"href":"https:\/\/mgvpublications.com\/de\/wp-json\/wp\/v2\/media\/9851"}],"wp:attachment":[{"href":"https:\/\/mgvpublications.com\/de\/wp-json\/wp\/v2\/media?parent=9850"}],"wp:term":[{"taxonomy":"product_cat","embeddable":true,"href":"https:\/\/mgvpublications.com\/de\/wp-json\/wp\/v2\/product_cat?post=9850"},{"taxonomy":"product_tag","embeddable":true,"href":"https:\/\/mgvpublications.com\/de\/wp-json\/wp\/v2\/product_tag?post=9850"},{"taxonomy":"item","embeddable":true,"href":"https:\/\/mgvpublications.com\/de\/wp-json\/wp\/v2\/item?post=9850"}],"curies":[{"name":"wp","href":"https:\/\/api.w.org\/{rel}","templated":true}]}}