{"id":9842,"date":"2019-10-27T07:59:04","date_gmt":"2019-10-27T06:59:04","guid":{"rendered":"https:\/\/dev2.mgvpublications.com\/produkt\/abartma-tozu\/"},"modified":"2022-03-08T22:32:08","modified_gmt":"2022-03-08T21:32:08","slug":"abartma-tozu","status":"publish","type":"product","link":"https:\/\/mgvpublications.com\/de\/abartma-tozu\/","title":{"rendered":"Abartma Tozu"},"content":{"rendered":"<table class=\"attribute\">\n<tbody>\n<tr>\n<td>\u00c7izer:<\/td>\n<td><a href=\"https:\/\/www.kitapyurdu.com\/yazar\/mert-tugen\/167142.html\" target=\"_blank\" rel=\"noopener\">Mert Tugen<\/a><\/td>\n<\/tr>\n<tr>\n<td>Ver\u00f6fentlichung<\/td>\n<td>2019-07-04<\/td>\n<\/tr>\n<tr>\n<td>ISBN<\/td>\n<td>6056883569<\/td>\n<\/tr>\n<tr>\n<td>Druckauflage<\/td>\n<td>1. Bask\u0131<\/td>\n<\/tr>\n<tr>\n<td>Sprache<\/td>\n<td>T\u00dcRK\u00c7E<\/td>\n<\/tr>\n<tr>\n<td>Seiten<\/td>\n<td>160<\/td>\n<\/tr>\n<tr>\n<td>Art<\/td>\n<td>Karton Kapak<\/td>\n<\/tr>\n<tr>\n<td>Papierart<\/td>\n<td>Kitap Ka\u011f\u0131d\u0131<\/td>\n<\/tr>\n<tr>\n<td>Ma\u00dfe<\/td>\n<td>13.5 x 21 cm<\/td>\n<\/tr>\n<\/tbody>\n<\/table>","protected":false},"excerpt":{"rendered":"<p>Bir sabah uyand\u0131k ve bizim kasaba toptan delirdi.<br \/>\nAnnem sa\u011fl\u0131kl\u0131 ya\u015fam u\u011fruna evi dev bir organik tar\u0131m alan\u0131na d\u00f6n\u00fc\u015ft\u00fcrd\u00fc.<br \/>\nBabaannem sevimli, minno\u015f pansiyonunu oteller zinciri yapt\u0131.<br \/>\nBabam daha \u00e7ok para kazanmak i\u00e7in eve u\u011framaz oldu.<br \/>\nKuzenim ata binerken resim yapmaya, fl\u00fct \u00fcflerken piyano \u00e7almaya ba\u015flad\u0131.<br \/>\nYengem temizlikle kafay\u0131 bozdu. Kocas\u0131n\u0131 pis diye evden kovdu ve \u00e7ocuklar\u0131n\u0131 her g\u00fcn suya yat\u0131rd\u0131ktan sonra mandalla \u00e7ama\u015f\u0131r ipine ast\u0131.<br \/>\nSevgi Teyze, daha \u00e7ok sevebilmek i\u00e7in \u00e7ocuklar\u0131n\u0131 koltu\u011fa ba\u011flad\u0131, hepsine ayn\u0131 kombin k\u0131yafetler giydirdi ve onlar\u0131 sevgi komas\u0131na soktu.<br \/>\nFehmi Abi, bilgisayar\u0131n ba\u015f\u0131ndan tuvalete gitmek i\u00e7in bile kalkmad\u0131\u011f\u0131ndan hastanelik oldu.<br \/>\nOkulda daha ba\u015far\u0131l\u0131 olmak i\u00e7in teneff\u00fcs yapmamaya, hafta sonlar\u0131 da okula gitmeye ba\u015flad\u0131k.<br \/>\nEtraf\u0131mda bir tane normal insan kalmad\u0131.<br \/>\nHa \u015fimdi diyeceksin ki bir tek sen mi normalsin?<br \/>\nEvet, bir tek ben normalim. Neyse ki m\u00fccadeleci bir ruhum var. Bu kasabadaki insanlara bir s\u00fcper kahraman laz\u0131msa o kesinlikle benim. Koca kasabada yan\u0131mda olan tek ki\u015fi, Tevfik K\u0131l\u0131k\u0131rkyarar. Ger\u00e7i o da \u00e7ok normal de\u011fil ama olsun, o da insan.<\/p>","protected":false},"featured_media":9843,"template":"","meta":{"spay_email":""},"product_cat":[171,172,168],"product_tag":[],"item":[797],"acf":[],"_links":{"self":[{"href":"https:\/\/mgvpublications.com\/de\/wp-json\/wp\/v2\/product\/9842"}],"collection":[{"href":"https:\/\/mgvpublications.com\/de\/wp-json\/wp\/v2\/product"}],"about":[{"href":"https:\/\/mgvpublications.com\/de\/wp-json\/wp\/v2\/types\/product"}],"wp:featuredmedia":[{"embeddable":true,"href":"https:\/\/mgvpublications.com\/de\/wp-json\/wp\/v2\/media\/9843"}],"wp:attachment":[{"href":"https:\/\/mgvpublications.com\/de\/wp-json\/wp\/v2\/media?parent=9842"}],"wp:term":[{"taxonomy":"product_cat","embeddable":true,"href":"https:\/\/mgvpublications.com\/de\/wp-json\/wp\/v2\/product_cat?post=9842"},{"taxonomy":"product_tag","embeddable":true,"href":"https:\/\/mgvpublications.com\/de\/wp-json\/wp\/v2\/product_tag?post=9842"},{"taxonomy":"item","embeddable":true,"href":"https:\/\/mgvpublications.com\/de\/wp-json\/wp\/v2\/item?post=9842"}],"curies":[{"name":"wp","href":"https:\/\/api.w.org\/{rel}","templated":true}]}}