{"id":9818,"date":"2020-12-02T15:41:58","date_gmt":"2020-12-02T14:41:58","guid":{"rendered":"https:\/\/dev2.mgvpublications.com\/produkt\/altinci-kogus\/"},"modified":"2022-03-08T22:32:07","modified_gmt":"2022-03-08T21:32:07","slug":"altinci-kogus","status":"publish","type":"product","link":"https:\/\/mgvpublications.com\/de\/altinci-kogus\/","title":{"rendered":"Alt\u0131nc\u0131 Ko\u011fu\u015f"},"content":{"rendered":"<p>\u00c7evirmen: Yulva Muhurci\u015fi<br \/>Yay\u0131n Tarihi: 08.03.2019<br \/>ISBN: 9786052951569<br \/>Dil: T\u00dcRK\u00c7E<br \/>Sayfa Say\u0131s\u0131: 68<br \/>Cilt Tipi: Karton Kapak<br \/>Ka\u011f\u0131t Cinsi: Kitap Ka\u011f\u0131d\u0131<br \/>Boyut: 12.5 x 20.5 cm<\/p>","protected":false},"excerpt":{"rendered":"<p>\u00c7ehov bir ta\u015fra kasabas\u0131ndaki ak\u0131l hastanesinde ge\u00e7en bu novellas\u0131nda, e\u011fitimli bir hasta olan \u0130van Dmitri\u00e7 ile Doktor Andrey Yefim\u0131\u00e7 aras\u0131ndaki felsefi \u00e7at\u0131\u015fmaya odaklan\u0131r. \u0130van Dmitri\u00e7 maruz kald\u0131klar\u0131 adaletsizli\u011fe, i\u00e7inde ya\u015famaya zorland\u0131klar\u0131 berbat ko\u015fullara kar\u015f\u0131 \u00e7\u0131karken, Andrey Yefim\u0131\u00e7 bunlar\u0131 g\u00f6rmezden gelmekte \u0131srar eder ve durumu de\u011fi\u015ftirmek i\u00e7in k\u0131l\u0131n\u0131 bile k\u0131p\u0131rdatmaz. Doktor sonunda i\u00e7ine d\u00fc\u015ft\u00fc\u011f\u00fc \u201cfelsefi\u201d yan\u0131lg\u0131n\u0131n fark\u0131na vard\u0131\u011f\u0131nda ise art\u0131k i\u015f i\u015ften ge\u00e7mi\u015ftir. Alt\u0131nc\u0131 Ko\u011fu\u015f, Rusya\u2019n\u0131n ve \u00fclkenin sorunlar\u0131yla ilgilenmek yerine onlar\u0131 uzaktan izlemeyi tercih eden elit Rus ayd\u0131n\u0131n\u0131n \u201cdelili\u011fi\u201dnin simgesidir adeta. Alt\u0131nc\u0131 Ko\u011fu\u015f, Russkaya M\u0131sl dergisinin 1892 kas\u0131m say\u0131s\u0131nda yay\u0131mland\u0131\u011f\u0131nda b\u00fcy\u00fck ilgi g\u00f6rm\u00fc\u015ft\u00fc. Hatta Lenin\u2019in de yap\u0131t\u0131 okuduktan sonra deh\u015fete kap\u0131ld\u0131\u011f\u0131, \u201cKendimi Al\u0131nc\u0131 Ko\u011fu\u015f\u2019a kapat\u0131lm\u0131\u015f gibi hissettim\u201d dedi\u011fi rivayet edilir. ANTON PAVLOV\u0130\u00c7 \u00c7EHOV (1860-1904): B\u00fcy\u00fck Rus tiyatro yazar\u0131 ve modern \u00f6yk\u00fcn\u00fcn en \u00f6nemli ustalar\u0131ndan olan \u00c7ehov, Rus Ger\u00e7ek\u00e7ilik okulunun \u00f6nde gelen temsilcisidir. Taganrog\u2019da d\u00fcnyaya geldi. Lisede Yunan ve Latin klasiklerini temel alan bir e\u011fitim g\u00f6rd\u00fc. 1879\u2019da Moskova\u2019ya giderek t\u0131p fak\u00fcltesine yaz\u0131ld\u0131 ve 1884\u2019te doktor oldu. Alacakaranl\u0131kta adl\u0131 \u00f6yk\u00fc kitab\u0131yla 1887\u2019de Rus Akademisi taraf\u0131ndan verilen Pu\u015fkin \u00d6d\u00fcl\u00fc\u2019n\u00fc kazand\u0131. Yakla\u015f\u0131k bin s\u00f6zc\u00fckten olu\u015fan komik k\u0131sa \u00f6yk\u00fc t\u00fcr\u00fcn\u00fc ba\u015fl\u0131 ba\u015f\u0131na bir sanat haline getirdi. Ancak 1888\u2019de yay\u0131mlanan Bozk\u0131r adl\u0131 yap\u0131t\u0131yla komik \u00f6yk\u00fclere s\u0131rt \u00e7evirmi\u015f oldu. \u00d6nemli oyunlar\u0131 aras\u0131nda Ay\u0131 (1888), Evlenme Teklifi (1889), Mart\u0131 (1896), Vanya Day\u0131 (1899), \u00dc\u00e7 K\u0131z Karde\u015f (1900) ve Vi\u015fne Bah\u00e7esi (1903) say\u0131labilir.<\/p>","protected":false},"featured_media":20850,"template":"","meta":{"spay_email":""},"product_cat":[168],"product_tag":[],"item":[336],"acf":[],"_links":{"self":[{"href":"https:\/\/mgvpublications.com\/de\/wp-json\/wp\/v2\/product\/9818"}],"collection":[{"href":"https:\/\/mgvpublications.com\/de\/wp-json\/wp\/v2\/product"}],"about":[{"href":"https:\/\/mgvpublications.com\/de\/wp-json\/wp\/v2\/types\/product"}],"wp:featuredmedia":[{"embeddable":true,"href":"https:\/\/mgvpublications.com\/de\/wp-json\/wp\/v2\/media\/20850"}],"wp:attachment":[{"href":"https:\/\/mgvpublications.com\/de\/wp-json\/wp\/v2\/media?parent=9818"}],"wp:term":[{"taxonomy":"product_cat","embeddable":true,"href":"https:\/\/mgvpublications.com\/de\/wp-json\/wp\/v2\/product_cat?post=9818"},{"taxonomy":"product_tag","embeddable":true,"href":"https:\/\/mgvpublications.com\/de\/wp-json\/wp\/v2\/product_tag?post=9818"},{"taxonomy":"item","embeddable":true,"href":"https:\/\/mgvpublications.com\/de\/wp-json\/wp\/v2\/item?post=9818"}],"curies":[{"name":"wp","href":"https:\/\/api.w.org\/{rel}","templated":true}]}}