{"id":9816,"date":"2019-10-26T15:57:03","date_gmt":"2019-10-26T13:57:03","guid":{"rendered":"https:\/\/dev2.mgvpublications.com\/produkt\/soez-ve-diksiyon-sanati\/"},"modified":"2022-03-08T22:32:07","modified_gmt":"2022-03-08T21:32:07","slug":"soez-ve-diksiyon-sanati","status":"publish","type":"product","link":"https:\/\/mgvpublications.com\/de\/soez-ve-diksiyon-sanati\/","title":{"rendered":"S\u00f6z ve Diksiyon Sanat\u0131"},"content":{"rendered":"<p>Yay\u0131n Tarihi\t2019-01-29<br \/>\nISBN\t9753630146<br \/>\nBask\u0131 Say\u0131s\u0131\t36. Bask\u0131<br \/>\nDil\tT\u00dcRK\u00c7E<br \/>\nSayfa Say\u0131s\u0131\t147<br \/>\nCilt Tipi\tKarton Kapak<br \/>\nKa\u011f\u0131t Cinsi\tKitap Ka\u011f\u0131d\u0131<br \/>\nBoyut\t13.5 x 19.5 cm<\/p>","protected":false},"excerpt":{"rendered":"<p>&#8220;\u00d6yle g\u00fczel konu\u015fanlar var ki, bildikleri konu \u00fczerinde d\u00fc\u015f\u00fcncelerini, duygular\u0131n\u0131 d\u00fczg\u00fcn t\u00fcmceler kurup etkili s\u00f6zc\u00fckler bularak s\u00f6yler, dinleyenleri hayran b\u0131rak\u0131rlar.&#8221;<br \/>\nN\u00fczhet \u015eenbay<\/p>\n<p>Bu kitap hem g\u00fcnl\u00fck konu\u015fmalar, hem de \u00e7e\u015fitli konferanslarda dilin do\u011fru ve etkili kullan\u0131ma y\u00f6nelik \u00f6rnek al\u0131\u015ft\u0131rmalar i\u00e7eren bir el kitab\u0131d\u0131r.<\/p>","protected":false},"featured_media":9817,"template":"","meta":{"spay_email":""},"product_cat":[171,180],"product_tag":[],"item":[448],"acf":[],"_links":{"self":[{"href":"https:\/\/mgvpublications.com\/de\/wp-json\/wp\/v2\/product\/9816"}],"collection":[{"href":"https:\/\/mgvpublications.com\/de\/wp-json\/wp\/v2\/product"}],"about":[{"href":"https:\/\/mgvpublications.com\/de\/wp-json\/wp\/v2\/types\/product"}],"wp:featuredmedia":[{"embeddable":true,"href":"https:\/\/mgvpublications.com\/de\/wp-json\/wp\/v2\/media\/9817"}],"wp:attachment":[{"href":"https:\/\/mgvpublications.com\/de\/wp-json\/wp\/v2\/media?parent=9816"}],"wp:term":[{"taxonomy":"product_cat","embeddable":true,"href":"https:\/\/mgvpublications.com\/de\/wp-json\/wp\/v2\/product_cat?post=9816"},{"taxonomy":"product_tag","embeddable":true,"href":"https:\/\/mgvpublications.com\/de\/wp-json\/wp\/v2\/product_tag?post=9816"},{"taxonomy":"item","embeddable":true,"href":"https:\/\/mgvpublications.com\/de\/wp-json\/wp\/v2\/item?post=9816"}],"curies":[{"name":"wp","href":"https:\/\/api.w.org\/{rel}","templated":true}]}}