{"id":9814,"date":"2019-10-26T15:53:58","date_gmt":"2019-10-26T13:53:58","guid":{"rendered":"https:\/\/dev2.mgvpublications.com\/produkt\/goeruelmeyen-adam\/"},"modified":"2022-03-08T22:32:07","modified_gmt":"2022-03-08T21:32:07","slug":"goeruelmeyen-adam","status":"publish","type":"product","link":"https:\/\/mgvpublications.com\/de\/goeruelmeyen-adam\/","title":{"rendered":"G\u00f6r\u00fclmeyen Adam"},"content":{"rendered":"<p>\u00c7evirmen:\tMehmet H. Do\u011fan<br \/>\nYay\u0131n Tarihi\t2013-12-20<br \/>\nISBN\t9750513596<br \/>\nBask\u0131 Say\u0131s\u0131\t1. Bask\u0131<br \/>\nDil\tT\u00dcRK\u00c7E<br \/>\nSayfa Say\u0131s\u0131\t544<br \/>\nCilt Tipi\tKarton Kapak<br \/>\nKa\u011f\u0131t Cinsi\tKitap Ka\u011f\u0131d\u0131<br \/>\nBoyut\t13 x 19.5 cm<\/p>","protected":false},"excerpt":{"rendered":"<p>1952\u2019de ABD\u2019de yay\u0131mland\u0131\u011f\u0131nda haftalarca \u00e7ok satanlar listesinde kalan ve ertesi y\u0131l National Book Award\u2019a de\u011fer g\u00f6r\u00fclen G\u00f6r\u00fclmeyen Adam, Amerika\u2019n\u0131n en \u00e7arp\u0131c\u0131 \u00e7eli\u015fkilerini sergiliyor.<\/p>\n<p>G\u00f6r\u00fclmeyen Adam, egemen k\u00fclt\u00fcr\u00fcn i\u00e7inde tutunmaya \u00e7al\u0131\u015fan siyahi bir gencin hayatta kalma m\u00fccadelesini anlat\u0131yor. Toplumun her katman\u0131na girip \u00e7\u0131kan roman kahraman\u0131n\u0131n hik\u00e2yesi, G\u00fcney\u2019in prestijli kolejlerinden Harlem\u2019in tekinsiz sokaklar\u0131na, e\u015fit hak ve \u00f6zg\u00fcrl\u00fckler i\u00e7in m\u00fccadele eden \u00f6rg\u00fctlere uzan\u0131yor. Toplumsal ho\u015fg\u00f6r\u00fcs\u00fczl\u00fc\u011f\u00fcn, duyars\u0131zl\u0131\u011f\u0131n, aldat\u0131lman\u0131n her t\u00fcrl\u00fcs\u00fcne maruz kalan gen\u00e7 adam, ayakta kalmak ve kimli\u011fini korumak i\u00e7in her yolu deniyor. Ancak inand\u0131\u011f\u0131 ki\u015filer ve \u00f6rg\u00fctler taraf\u0131ndan da yaln\u0131z b\u0131rak\u0131l\u0131nca, kendi yolunu se\u00e7iyor ve New York\u2019un merkezinde, bir apartman\u0131n bodrum kat\u0131na s\u0131\u011f\u0131n\u0131yor&#8230; Ralph Ellison, Amerikan edebiyat\u0131n\u0131n ba\u015fyap\u0131tlar\u0131 aras\u0131nda g\u00f6sterilen ve T.S. Eliot, James Joyce, Dostoyevski gibi yazarlar\u0131n eserlerinden derin izler ta\u015f\u0131yan G\u00f6r\u00fclmeyen Adam\u2019la, ortaya \u0131rk\u00e7\u0131l\u0131k, s\u00f6m\u00fcr\u00fc ve toplumsal ikiy\u00fczl\u00fcl\u00fck \u00fczerine zamans\u0131z bir eser \u00e7\u0131kart\u0131yor.<\/p>\n<p>\u201cBirinci s\u0131n\u0131f bir kitap, s\u00fcper bir roman&#8230;\u201d<br \/>\nSaul Bellow<\/p>","protected":false},"featured_media":9815,"template":"","meta":{"spay_email":""},"product_cat":[168],"product_tag":[],"item":[365],"acf":[],"_links":{"self":[{"href":"https:\/\/mgvpublications.com\/de\/wp-json\/wp\/v2\/product\/9814"}],"collection":[{"href":"https:\/\/mgvpublications.com\/de\/wp-json\/wp\/v2\/product"}],"about":[{"href":"https:\/\/mgvpublications.com\/de\/wp-json\/wp\/v2\/types\/product"}],"wp:featuredmedia":[{"embeddable":true,"href":"https:\/\/mgvpublications.com\/de\/wp-json\/wp\/v2\/media\/9815"}],"wp:attachment":[{"href":"https:\/\/mgvpublications.com\/de\/wp-json\/wp\/v2\/media?parent=9814"}],"wp:term":[{"taxonomy":"product_cat","embeddable":true,"href":"https:\/\/mgvpublications.com\/de\/wp-json\/wp\/v2\/product_cat?post=9814"},{"taxonomy":"product_tag","embeddable":true,"href":"https:\/\/mgvpublications.com\/de\/wp-json\/wp\/v2\/product_tag?post=9814"},{"taxonomy":"item","embeddable":true,"href":"https:\/\/mgvpublications.com\/de\/wp-json\/wp\/v2\/item?post=9814"}],"curies":[{"name":"wp","href":"https:\/\/api.w.org\/{rel}","templated":true}]}}