{"id":9812,"date":"2020-12-02T15:41:58","date_gmt":"2020-12-02T14:41:58","guid":{"rendered":"https:\/\/dev2.mgvpublications.com\/produkt\/cocuk-neyi-neden-yapar-2\/"},"modified":"2022-03-08T22:32:07","modified_gmt":"2022-03-08T21:32:07","slug":"cocuk-neyi-neden-yapar-2","status":"publish","type":"product","link":"https:\/\/mgvpublications.com\/de\/cocuk-neyi-neden-yapar-2\/","title":{"rendered":"\u00c7ocuk Neyi Neden Yapar? 2"},"content":{"rendered":"<p>Yay\u0131n Tarihi: 20.02.2020<br \/>ISBN: 9786051830148<br \/>Dil: T\u00dcRK\u00c7E<br \/>Sayfa Say\u0131s\u0131: 208<br \/>Cilt Tipi: Karton Kapak<br \/>Ka\u011f\u0131t Cinsi: Kitap Ka\u011f\u0131d\u0131<br \/>Boyut: 14 x 22 cm<\/p>","protected":false},"excerpt":{"rendered":"<p>S\u0131radan gibi gelen \u00e7ocuk davran\u0131\u015flar\u0131n\u0131n bir\u00e7o\u011fu onun duygu d\u00fcnyas\u0131ndan izler ta\u015f\u0131r yeti\u015fkine&#8230; Kimi zaman karde\u015fini iterken&#8230; Kimi zaman k\u00f6\u015fede bir yerde sessizce oynarken&#8230; Kimi zaman huysuzca her s\u00f6ylenene itiraz ederken&#8230; Bazen \u015f\u0131mar\u0131p, bazen y\u0131l\u0131\u015f\u0131rken&#8230; Bazen yemek yiyip bazen yemezken&#8230; Bazen \u00f6devlerin yap\u0131p bazen yapmazken&#8230; Asl\u0131nda bir mesaj\u0131 vard\u0131r yeti\u015fkine \u00e7ocu\u011fun. \u00c7ocuk davran\u0131\u015flar\u0131n\u0131 okuyabilen ebeveynler, \u00e7ocuklar\u0131n verdi\u011fi mesajlar\u0131 do\u011fru anlarken bir taraftan da birlikte ya\u015faman\u0131n keyfini s\u00fcrerler. Mesajlar\u0131 do\u011fru okuyamayan ebeveynler ise, \u00e7ocu\u011fuyla s\u00fcrekli bir \u00e7at\u0131\u015fma, huzursuzluk, ba\u011f\u0131rt\u0131 \u00e7a\u011f\u0131rt\u0131 i\u00e7inde bulurlar kendilerini. \u0130\u015fte Pedagog Dr. Adem G\u00fcne\u015f, s\u0131radan gibi g\u00f6r\u00fcnen bir\u00e7ok \u00e7ocuk davran\u0131\u015f\u0131n\u0131n hangi anlamlar i\u00e7erdi\u011fini ebeveynlerle payla\u015farak, \u00e7ocuk davran\u0131\u015flar\u0131 anlamada \u00e7aresiz kalan ebeveynlere pratik bir bilgi kayna\u011f\u0131 sunuyor. \u00c7ocuk davran\u0131\u015flar\u0131n\u0131n nedenlerini ve \u00e7\u00f6z\u00fcm \u00f6nerilerini yal\u0131n ve anla\u015f\u0131l\u0131r bir dille anlat\u0131p \u00e7\u00f6z\u00fcm \u00f6nerileri veriyor.<\/p>","protected":false},"featured_media":22493,"template":"","meta":{"spay_email":""},"product_cat":[171],"product_tag":[],"item":[360],"acf":[],"_links":{"self":[{"href":"https:\/\/mgvpublications.com\/de\/wp-json\/wp\/v2\/product\/9812"}],"collection":[{"href":"https:\/\/mgvpublications.com\/de\/wp-json\/wp\/v2\/product"}],"about":[{"href":"https:\/\/mgvpublications.com\/de\/wp-json\/wp\/v2\/types\/product"}],"wp:featuredmedia":[{"embeddable":true,"href":"https:\/\/mgvpublications.com\/de\/wp-json\/wp\/v2\/media\/22493"}],"wp:attachment":[{"href":"https:\/\/mgvpublications.com\/de\/wp-json\/wp\/v2\/media?parent=9812"}],"wp:term":[{"taxonomy":"product_cat","embeddable":true,"href":"https:\/\/mgvpublications.com\/de\/wp-json\/wp\/v2\/product_cat?post=9812"},{"taxonomy":"product_tag","embeddable":true,"href":"https:\/\/mgvpublications.com\/de\/wp-json\/wp\/v2\/product_tag?post=9812"},{"taxonomy":"item","embeddable":true,"href":"https:\/\/mgvpublications.com\/de\/wp-json\/wp\/v2\/item?post=9812"}],"curies":[{"name":"wp","href":"https:\/\/api.w.org\/{rel}","templated":true}]}}