{"id":9808,"date":"2020-12-02T15:41:58","date_gmt":"2020-12-02T14:41:58","guid":{"rendered":"https:\/\/dev2.mgvpublications.com\/produkt\/halil-inalcikin-merceginden-osmanli\/"},"modified":"2022-03-08T22:32:05","modified_gmt":"2022-03-08T21:32:05","slug":"halil-inalcikin-merceginden-osmanli","status":"publish","type":"product","link":"https:\/\/mgvpublications.com\/de\/halil-inalcikin-merceginden-osmanli\/","title":{"rendered":"Halil \u0130nalc\u0131k\u2019\u0131n Merce\u011finden Osmanl\u0131"},"content":{"rendered":"<p>Yay\u0131n Tarihi: 05.04.2021<br \/>ISBN: 9789759969264<br \/>Dil: T\u00dcRK\u00c7E<br \/>Sayfa Say\u0131s\u0131: 136<br \/>Cilt Tipi: Karton Kapak<br \/>Ka\u011f\u0131t Cinsi: Kitap Ka\u011f\u0131d\u0131<br \/>Boyut: 13.5 x 21 cm<\/p>","protected":false},"excerpt":{"rendered":"<p>Halil \u0130nalc\u0131k\u2019\u0131n Merce\u011finden Osmanl\u0131 kitab\u0131; \u0130nalc\u0131k\u2019\u0131n baz\u0131 \u00f6nemli s\u00f6yle\u015filerinden, yaz\u0131lar\u0131ndan, sempozyum ve a\u00e7\u0131l\u0131\u015f konu\u015fmalar\u0131nda dile getirdiklerinden derlenen metinlerin Osmanl\u0131 ba\u015fl\u0131\u011f\u0131 alt\u0131nda bir araya getirilmesiyle olu\u015ftu. Tek yanl\u0131 yorumlanm\u0131\u015f bu tarihin okumas\u0131n\u0131 do\u011fru yapabilmekte fayda sa\u011flayan bu kitap, Osmanl\u0131\u2019n\u0131n istatistik sisteminden yemek k\u00fclt\u00fcr\u00fcne kadar detayl\u0131 bilgiler aktar\u0131yor. Ve \u0130nalc\u0131k, t\u00fcm bunlar\u0131n k\u00fclt\u00fcr tarihi bak\u0131m\u0131ndan \u00f6nemini anlat\u0131rken elbette Osmanl\u0131 tarihini yorumlay\u0131\u015f\u0131m\u0131za da b\u00fcy\u00fck katk\u0131 sa\u011fl\u0131yor.<\/p>","protected":false},"featured_media":22529,"template":"","meta":{"spay_email":""},"product_cat":[170],"product_tag":[],"item":[354],"acf":[],"_links":{"self":[{"href":"https:\/\/mgvpublications.com\/de\/wp-json\/wp\/v2\/product\/9808"}],"collection":[{"href":"https:\/\/mgvpublications.com\/de\/wp-json\/wp\/v2\/product"}],"about":[{"href":"https:\/\/mgvpublications.com\/de\/wp-json\/wp\/v2\/types\/product"}],"wp:featuredmedia":[{"embeddable":true,"href":"https:\/\/mgvpublications.com\/de\/wp-json\/wp\/v2\/media\/22529"}],"wp:attachment":[{"href":"https:\/\/mgvpublications.com\/de\/wp-json\/wp\/v2\/media?parent=9808"}],"wp:term":[{"taxonomy":"product_cat","embeddable":true,"href":"https:\/\/mgvpublications.com\/de\/wp-json\/wp\/v2\/product_cat?post=9808"},{"taxonomy":"product_tag","embeddable":true,"href":"https:\/\/mgvpublications.com\/de\/wp-json\/wp\/v2\/product_tag?post=9808"},{"taxonomy":"item","embeddable":true,"href":"https:\/\/mgvpublications.com\/de\/wp-json\/wp\/v2\/item?post=9808"}],"curies":[{"name":"wp","href":"https:\/\/api.w.org\/{rel}","templated":true}]}}