{"id":9786,"date":"2020-12-02T15:41:57","date_gmt":"2020-12-02T14:41:57","guid":{"rendered":"https:\/\/dev2.mgvpublications.com\/produkt\/devlet\/"},"modified":"2022-03-08T22:32:05","modified_gmt":"2022-03-08T21:32:05","slug":"devlet","status":"publish","type":"product","link":"https:\/\/mgvpublications.com\/de\/devlet\/","title":{"rendered":"Devlet"},"content":{"rendered":"<p>\u00c7evirmen: M. Ali Cimcoz<br \/>Yay\u0131n Tarihi: 30.01.2019<br \/>ISBN: 9789754587173<br \/>Dil: T\u00dcRK\u00c7E<br \/>Sayfa Say\u0131s\u0131: 372<br \/>Cilt Tipi: Karton Kapak<br \/>Ka\u011f\u0131t Cinsi: Kitap Ka\u011f\u0131d\u0131<br \/>Boyut: 13.5 x 21 cm<\/p>","protected":false},"excerpt":{"rendered":"<p>M.\u00d6. 427-347 y\u0131llar\u0131 aras\u0131nda ya\u015fam\u0131\u015f olan Eflatun d\u00fc\u015fledi\u011fi en iyi devleti, Sokrates&#8217;le birlikte, bu kitapta anlat\u0131r. Devlet&#8217;te iki d\u00fc\u015f\u00fcncenin \u00e7at\u0131\u015fmas\u0131na tan\u0131k oluruz: 1) \u0130nsanlar do\u011fu\u015ftan iyi ve e\u015fittirler; toplumun k\u00f6t\u00fc d\u00fczeni onlar\u0131 bozuyor, g\u00fc\u00e7l\u00fcler g\u00fc\u00e7s\u00fczleri eziyor. Kanunlar g\u00fc\u00e7l\u00fclerin elinde g\u00fc\u00e7s\u00fczlere kar\u015f\u0131 silah okuyor. 2) \u0130nsanlar do\u011fu\u015ftan ne iyi ne de e\u015fittirler. Yaln\u0131zca g\u00fc\u00e7l\u00fc ve g\u00fc\u00e7s\u00fczler vard\u0131r. G\u00fc\u00e7l\u00fcn\u00fcn g\u00fc\u00e7s\u00fcz\u00fc y\u00f6netmesi, do\u011fa gere\u011fidir ve do\u011frudur. \u0130nsan hakl\u0131 olmaya de\u011fil, g\u00fc\u00e7l\u00fc olmaya bakmal\u0131d\u0131r. Buradan yola \u00e7\u0131karak Devlet&#8217;in, bug\u00fcn &#8220;insan de\u011ferler&#8221; ba\u015fl\u0131\u011f\u0131nda ele ald\u0131\u011f\u0131m\u0131z birikimin kaynaklar\u0131ndan biri oldu\u011funu rahatl\u0131kla s\u00f6yleyebiliriz.<\/p>","protected":false},"featured_media":20233,"template":"","meta":{"spay_email":""},"product_cat":[173],"product_tag":[],"item":[336],"acf":[],"_links":{"self":[{"href":"https:\/\/mgvpublications.com\/de\/wp-json\/wp\/v2\/product\/9786"}],"collection":[{"href":"https:\/\/mgvpublications.com\/de\/wp-json\/wp\/v2\/product"}],"about":[{"href":"https:\/\/mgvpublications.com\/de\/wp-json\/wp\/v2\/types\/product"}],"wp:featuredmedia":[{"embeddable":true,"href":"https:\/\/mgvpublications.com\/de\/wp-json\/wp\/v2\/media\/20233"}],"wp:attachment":[{"href":"https:\/\/mgvpublications.com\/de\/wp-json\/wp\/v2\/media?parent=9786"}],"wp:term":[{"taxonomy":"product_cat","embeddable":true,"href":"https:\/\/mgvpublications.com\/de\/wp-json\/wp\/v2\/product_cat?post=9786"},{"taxonomy":"product_tag","embeddable":true,"href":"https:\/\/mgvpublications.com\/de\/wp-json\/wp\/v2\/product_tag?post=9786"},{"taxonomy":"item","embeddable":true,"href":"https:\/\/mgvpublications.com\/de\/wp-json\/wp\/v2\/item?post=9786"}],"curies":[{"name":"wp","href":"https:\/\/api.w.org\/{rel}","templated":true}]}}