{"id":9782,"date":"2019-10-25T14:49:27","date_gmt":"2019-10-25T12:49:27","guid":{"rendered":"https:\/\/dev2.mgvpublications.com\/produkt\/karanligin-yueregi\/"},"modified":"2025-04-27T08:07:13","modified_gmt":"2025-04-27T06:07:13","slug":"karanligin-yueregi","status":"publish","type":"product","link":"https:\/\/mgvpublications.com\/de\/karanligin-yueregi\/","title":{"rendered":"Karanl\u0131\u011f\u0131n Y\u00fcre\u011fi"},"content":{"rendered":"<p>\u00c7evirmen:\tSinan Fi\u015fek<br \/>\nYay\u0131n Tarihi\t2015-05-07<br \/>\nOrjinal Ad\u0131\tThe heart of darkness<br \/>\nISBN\t9750517471<br \/>\nBask\u0131 Say\u0131s\u0131\t7. Bask\u0131<br \/>\nDil\tT\u00dcRK\u00c7E<br \/>\nSayfa Say\u0131s\u0131\t249<br \/>\nCilt Tipi\tKarton Kapak<br \/>\nKa\u011f\u0131t Cinsi\tKitap Ka\u011f\u0131d\u0131<br \/>\nBoyut\t13.5 x 19.5 cm<\/p>","protected":false},"excerpt":{"rendered":"<p>Modern edebiyat i\u00e7in muazzam bir d\u00f6nemeci temsil eden Karanl\u0131\u011f\u0131n Y\u00fcre\u011fi, \u201cmedeniyet\u201di  bir arada tutan ipli\u011fin asl\u0131nda ne kadar  ince oldu\u011funu g\u00f6zler \u00f6n\u00fcne seriyor.<br \/>\nJoseph Conrad\u2019\u0131n 19. y\u00fczy\u0131l\u0131n son y\u0131l\u0131nda yazd\u0131\u011f\u0131 Karanl\u0131\u011f\u0131n Y\u00fcre\u011fi, tarihin en kanl\u0131 as\u0131rlar\u0131ndan bir tanesine damgas\u0131n\u0131 vuran sava\u015flar, geli\u015fen teknolojinin a\u00e7t\u0131\u011f\u0131 u\u00e7urumlar, modernli\u011fin allak bullak etti\u011fi toplumlar gibi konulara bir uvert\u00fcr niteli\u011fi ta\u015f\u0131yor. Gizemli Kurtz\u2019u bulmak i\u00e7in g\u00f6revli olduklar\u0131 ticaret \u015firketinin Bel\u00e7ika Kongosu\u2019ndaki \u015fubelerine yolculuk eden Marlow, karanl\u0131\u011f\u0131n \u00e7\u00f6kt\u00fc\u011f\u00fc bu co\u011frafyada ummad\u0131\u011f\u0131 deh\u015fetlerle kar\u015f\u0131la\u015f\u0131r. Marlow, Kurtz\u2019a do\u011fru ilerlerken, medeniyete ve kendisine olan g\u00fcveninin par\u00e7aland\u0131\u011f\u0131n\u0131 da fark eder. Conrad\u2019\u0131n ba\u015fyap\u0131t\u0131 kabul edilen ve William Golding, George Orwell gibi yazarlar\u0131 etkilemi\u015f bu roman hem d\u00f6nemin de\u011fer yarg\u0131lar\u0131n\u0131, hem de emperyalizmin meydana getirdi\u011fi tahribat\u0131 resmediyor.<br \/>\n\u201cKaranl\u0131\u011f\u0131n Y\u00fcre\u011fi, Afrika\u2019y\u0131 bir sembolik imge olarak Avrupal\u0131lar\u0131n zihnine nak\u015fetmi\u015ftir.\u201d<\/p>","protected":false},"featured_media":9783,"template":"","meta":{"spay_email":""},"product_cat":[167,168],"product_tag":[],"item":[365],"acf":[],"_links":{"self":[{"href":"https:\/\/mgvpublications.com\/de\/wp-json\/wp\/v2\/product\/9782"}],"collection":[{"href":"https:\/\/mgvpublications.com\/de\/wp-json\/wp\/v2\/product"}],"about":[{"href":"https:\/\/mgvpublications.com\/de\/wp-json\/wp\/v2\/types\/product"}],"wp:featuredmedia":[{"embeddable":true,"href":"https:\/\/mgvpublications.com\/de\/wp-json\/wp\/v2\/media\/9783"}],"wp:attachment":[{"href":"https:\/\/mgvpublications.com\/de\/wp-json\/wp\/v2\/media?parent=9782"}],"wp:term":[{"taxonomy":"product_cat","embeddable":true,"href":"https:\/\/mgvpublications.com\/de\/wp-json\/wp\/v2\/product_cat?post=9782"},{"taxonomy":"product_tag","embeddable":true,"href":"https:\/\/mgvpublications.com\/de\/wp-json\/wp\/v2\/product_tag?post=9782"},{"taxonomy":"item","embeddable":true,"href":"https:\/\/mgvpublications.com\/de\/wp-json\/wp\/v2\/item?post=9782"}],"curies":[{"name":"wp","href":"https:\/\/api.w.org\/{rel}","templated":true}]}}