{"id":9778,"date":"2019-10-25T14:45:22","date_gmt":"2019-10-25T12:45:22","guid":{"rendered":"https:\/\/dev2.mgvpublications.com\/produkt\/askimiz-eski-bir-roman\/"},"modified":"2022-03-08T22:32:04","modified_gmt":"2022-03-08T21:32:04","slug":"askimiz-eski-bir-roman","status":"publish","type":"product","link":"https:\/\/mgvpublications.com\/de\/askimiz-eski-bir-roman\/","title":{"rendered":"A\u015fk\u0131m\u0131z Eski Bir Roman"},"content":{"rendered":"<p>Yay\u0131n Tarihi\t2019-09-18<br \/>\nISBN\t9750845550<br \/>\nBask\u0131 Say\u0131s\u0131\t1. Bask\u0131<br \/>\nDil\tT\u00dcRK\u00c7E<br \/>\nSayfa Say\u0131s\u0131\t224<br \/>\nCilt Tipi\tKarton Kapak<br \/>\nKa\u011f\u0131t Cinsi\tKitap Ka\u011f\u0131d\u0131<br \/>\nBoyut\t13.5 x 23 cm<\/p>","protected":false},"excerpt":{"rendered":"<p>\u0130stanbul\u2019da bir kanun adam\u0131, sokaklarda bir su\u00e7 bilgesi. Ba\u015fkomser Nevzat, karma\u015f\u0131k cinayetleri \u00e7\u00f6zerken insan ruhunun derinliklerinde gezinmeye devam ediyor&#8230;<\/p>\n<p>Edebiyat bazen \u00e7ok tehlikeli olabilir. Anna Karenina, Madam Bovary, Esmeralda ve daha bir\u00e7ok kad\u0131n roman kahraman\u0131&#8230; Bu muhte\u015fem kad\u0131nlara ula\u015fmaya \u00e7abalarken, \u00f6nce do\u011fru d\u00fc\u015f\u00fcnme yetene\u011fini, sonra da ya\u015fam\u0131n\u0131 yitiren bir adam&#8230;<\/p>\n<p>Kimsenin \u00f6nemsemedi\u011fi overlok\u00e7u bir k\u0131z\u0131n cinayeti bile \u00f6nemli s\u0131rlar i\u00e7erir. Katil ve maktul apa\u00e7\u0131k ortadaym\u0131\u015f gibi g\u00f6r\u00fcnse de hakikat \u00e7ok derinlerde gizlenmi\u015f olabilir. Ama ne kadar gizlenirse gizlensin, Ba\u015fkomser Nevzat gibi vicdanl\u0131 polisler oldu\u011fu s\u00fcrece karanl\u0131k ayd\u0131nlanacak, adalet mutlaka yerini bulacakt\u0131r.<\/p>\n<p>A\u015fk hi\u00e7bir zaman masum de\u011fildir. Petersburg\u2019un so\u011fu\u011fundan, \u0130stanbul\u2019un s\u0131ca\u011f\u0131na gelen bir Rus bilim insan\u0131. \u0130stihbarat servislerini birbirine d\u00fc\u015f\u00fcrecek kadar gizemli bir kaybolu\u015f. Mutlulu\u011fu ararken kendini \u00f6l\u00fcm\u00fcn k\u0131y\u0131s\u0131nda bulan \u00e7aresiz bir \u00e2\u015f\u0131k&#8230;<\/p>\n<p>En zevkli anlar kanl\u0131 ger\u00e7eklere d\u00f6n\u00fc\u015febilir\u2026<br \/>\nCinayetleri \u00e7\u00f6zmek i\u00e7in sadece akl\u0131ndan ve deneyimlerinden de\u011fil, yaral\u0131 y\u00fcre\u011finden de g\u00fc\u00e7 alan Ba\u015fkomser Nevzat, belki de en \u00e7ok bu y\u00fczden ayr\u0131l\u0131yor benzerlerinden, belki de en \u00e7ok bu y\u00fczden seviliyor, okunuyor ve hat\u0131rlan\u0131yor. A\u015fk\u0131m\u0131z Eski Bir Roman, onun bu zorlu ser\u00fcveninde yepyeni bir halka&#8230;<\/p>\n<p>&#8230; mesle\u011fini do\u011fru yapmak i\u00e7in cesaret yetmez, ayn\u0131 anda kocaman bir y\u00fcrek ister. Ama o y\u00fcrek \u00e7elikten yap\u0131lm\u0131yor. Bir s\u00fcre sonra el bombas\u0131 gibi g\u00fcml\u00fcyor. O y\u00fcre\u011fi zamans\u0131z g\u00fcmletmeyelim Ali. Zalimleri sevindirmenin \u00e2lemi yok.<\/p>","protected":false},"featured_media":9779,"template":"","meta":{"spay_email":""},"product_cat":[168],"product_tag":[],"item":[448],"acf":[],"_links":{"self":[{"href":"https:\/\/mgvpublications.com\/de\/wp-json\/wp\/v2\/product\/9778"}],"collection":[{"href":"https:\/\/mgvpublications.com\/de\/wp-json\/wp\/v2\/product"}],"about":[{"href":"https:\/\/mgvpublications.com\/de\/wp-json\/wp\/v2\/types\/product"}],"wp:featuredmedia":[{"embeddable":true,"href":"https:\/\/mgvpublications.com\/de\/wp-json\/wp\/v2\/media\/9779"}],"wp:attachment":[{"href":"https:\/\/mgvpublications.com\/de\/wp-json\/wp\/v2\/media?parent=9778"}],"wp:term":[{"taxonomy":"product_cat","embeddable":true,"href":"https:\/\/mgvpublications.com\/de\/wp-json\/wp\/v2\/product_cat?post=9778"},{"taxonomy":"product_tag","embeddable":true,"href":"https:\/\/mgvpublications.com\/de\/wp-json\/wp\/v2\/product_tag?post=9778"},{"taxonomy":"item","embeddable":true,"href":"https:\/\/mgvpublications.com\/de\/wp-json\/wp\/v2\/item?post=9778"}],"curies":[{"name":"wp","href":"https:\/\/api.w.org\/{rel}","templated":true}]}}