{"id":9776,"date":"2019-10-25T14:43:08","date_gmt":"2019-10-25T12:43:08","guid":{"rendered":"https:\/\/dev2.mgvpublications.com\/produkt\/da-vinci-sifresi\/"},"modified":"2022-03-08T22:32:04","modified_gmt":"2022-03-08T21:32:04","slug":"da-vinci-sifresi","status":"publish","type":"product","link":"https:\/\/mgvpublications.com\/de\/da-vinci-sifresi\/","title":{"rendered":"Da Vinci \u015eifresi"},"content":{"rendered":"<p>\u00c7evirmen:\tPetek Demir<br \/>\nYay\u0131n Tarihi\t2018-12-03<br \/>\nISBN\t9752104037<br \/>\nBask\u0131 Say\u0131s\u0131\t81. Bask\u0131<br \/>\nDil\tT\u00dcRK\u00c7E<br \/>\nSayfa Say\u0131s\u0131\t495<br \/>\nCilt Tipi\tKarton Kapak<br \/>\nKa\u011f\u0131t Cinsi\tKitap Ka\u011f\u0131d\u0131<br \/>\nBoyut\t13.5 x 21 cm<\/p>","protected":false},"excerpt":{"rendered":"<p>&#8220;Dan Brown, \u00fclkedeki birka\u00e7 usta yazardan biri. Da Vinci \u015eifresi \u00fcst\u00fcn bir zeka taraf\u0131ndan kurgulanm\u0131\u015f harika bir gerilim roman\u0131.&#8221;<\/p>\n<p>&#8220;Entrika ve tehlikenin i\u00e7 i\u00e7e ge\u00e7ti\u011fi okudu\u011fum en iyi gerilim roman\u0131. Kelime oyunlar\u0131, gizemler ve bulmacalarla \u00f6r\u00fclm\u00fc\u015f ak\u0131llara durgunluk veren bir \u00f6yk\u00fc.&#8221;<\/p>\n<p>&#8220;Dan Brown&#8217;\u0131 yeni ke\u015ffettim. Da Vinci \u015eifresi d\u00fc\u015f\u00fcnd\u00fcr\u00fcc\u00fc oldu\u011fu kadar ayn\u0131 zamanda b\u00fcy\u00fcleyici. Tarih merakl\u0131lar\u0131, komplo \u00e7\u0131lg\u0131nlar\u0131, bulmaca merakl\u0131lar\u0131 ve gerilim \u00f6yk\u00fcs\u00fc severlerin bir solukta okuyacaklar\u0131 ola\u011fan\u00fcst\u00fc bir roman. Ben bu kitaba bay\u0131ld\u0131m.&#8221;<\/p>","protected":false},"featured_media":9777,"template":"","meta":{"spay_email":""},"product_cat":[168],"product_tag":[],"item":[786],"acf":[],"_links":{"self":[{"href":"https:\/\/mgvpublications.com\/de\/wp-json\/wp\/v2\/product\/9776"}],"collection":[{"href":"https:\/\/mgvpublications.com\/de\/wp-json\/wp\/v2\/product"}],"about":[{"href":"https:\/\/mgvpublications.com\/de\/wp-json\/wp\/v2\/types\/product"}],"wp:featuredmedia":[{"embeddable":true,"href":"https:\/\/mgvpublications.com\/de\/wp-json\/wp\/v2\/media\/9777"}],"wp:attachment":[{"href":"https:\/\/mgvpublications.com\/de\/wp-json\/wp\/v2\/media?parent=9776"}],"wp:term":[{"taxonomy":"product_cat","embeddable":true,"href":"https:\/\/mgvpublications.com\/de\/wp-json\/wp\/v2\/product_cat?post=9776"},{"taxonomy":"product_tag","embeddable":true,"href":"https:\/\/mgvpublications.com\/de\/wp-json\/wp\/v2\/product_tag?post=9776"},{"taxonomy":"item","embeddable":true,"href":"https:\/\/mgvpublications.com\/de\/wp-json\/wp\/v2\/item?post=9776"}],"curies":[{"name":"wp","href":"https:\/\/api.w.org\/{rel}","templated":true}]}}