{"id":9774,"date":"2019-10-25T14:41:45","date_gmt":"2019-10-25T12:41:45","guid":{"rendered":"https:\/\/dev2.mgvpublications.com\/produkt\/baslangic\/"},"modified":"2022-03-08T22:32:01","modified_gmt":"2022-03-08T21:32:01","slug":"baslangic","status":"publish","type":"product","link":"https:\/\/mgvpublications.com\/de\/baslangic\/","title":{"rendered":"Ba\u015flang\u0131\u00e7"},"content":{"rendered":"<p>\u00c7evirmen:\tPetek Demir<br \/>\nYay\u0131n Tarihi\t2019-09-09<br \/>\nISBN\t9752123267<br \/>\nBask\u0131 Say\u0131s\u0131\t30. Bask\u0131<br \/>\nDil\tT\u00dcRK\u00c7E<br \/>\nSayfa Say\u0131s\u0131\t536<br \/>\nCilt Tipi\tKarton Kapak<br \/>\nKa\u011f\u0131t Cinsi\tKitap Ka\u011f\u0131d\u0131<br \/>\nBoyut\t13.5 x 21.5 cm<\/p>","protected":false},"excerpt":{"rendered":"<p>Gen\u00e7 adam, aniden \u00fc\u00e7 b\u00fcy\u00fck dinin temsilcilerine d\u00f6nd\u00fc. \u201c\u015ea\u015f\u0131rt\u0131c\u0131 bulaca\u011f\u0131n\u0131z\u0131 tahmin etti\u011fim bilimsel bir bulu\u015fum sebebiyle bug\u00fcn buraday\u0131m. \u0130nsanl\u0131k deneyimimizin en temel iki sorusuna cevap bulma \u00fcmidi ile y\u0131llard\u0131r pe\u015finden ko\u015fuyordum. Bu bilginin t\u00fcm inananlar\u0131 derinden etkileyece\u011fine inan\u0131yorum. Nas\u0131l desem, \u2018y\u0131k\u0131c\u0131\u2019 diye tan\u0131mlanabilecek bir de\u011fi\u015fikli\u011fe sebep olabilir. Birazdan g\u00f6recekleriniz, d\u00fcnyayla payla\u015fmay\u0131 umdu\u011fum sunumun kaba bir kesiti. Fakat bunu yapmadan \u00f6nce d\u00fcnyan\u0131n en etkili din adamlar\u0131na dan\u0131\u015fmak, en \u00e7ok etkilenecek ki\u015filerce nas\u0131l alg\u0131lanaca\u011f\u0131n\u0131 \u00f6\u011frenmek istedim.\u201d<\/p>","protected":false},"featured_media":9775,"template":"","meta":{"spay_email":""},"product_cat":[168],"product_tag":[],"item":[786],"acf":[],"_links":{"self":[{"href":"https:\/\/mgvpublications.com\/de\/wp-json\/wp\/v2\/product\/9774"}],"collection":[{"href":"https:\/\/mgvpublications.com\/de\/wp-json\/wp\/v2\/product"}],"about":[{"href":"https:\/\/mgvpublications.com\/de\/wp-json\/wp\/v2\/types\/product"}],"wp:featuredmedia":[{"embeddable":true,"href":"https:\/\/mgvpublications.com\/de\/wp-json\/wp\/v2\/media\/9775"}],"wp:attachment":[{"href":"https:\/\/mgvpublications.com\/de\/wp-json\/wp\/v2\/media?parent=9774"}],"wp:term":[{"taxonomy":"product_cat","embeddable":true,"href":"https:\/\/mgvpublications.com\/de\/wp-json\/wp\/v2\/product_cat?post=9774"},{"taxonomy":"product_tag","embeddable":true,"href":"https:\/\/mgvpublications.com\/de\/wp-json\/wp\/v2\/product_tag?post=9774"},{"taxonomy":"item","embeddable":true,"href":"https:\/\/mgvpublications.com\/de\/wp-json\/wp\/v2\/item?post=9774"}],"curies":[{"name":"wp","href":"https:\/\/api.w.org\/{rel}","templated":true}]}}