{"id":9770,"date":"2019-10-25T14:39:07","date_gmt":"2019-10-25T12:39:07","guid":{"rendered":"https:\/\/dev2.mgvpublications.com\/produkt\/kuecuek-seyler\/"},"modified":"2022-03-08T22:32:01","modified_gmt":"2022-03-08T21:32:01","slug":"kuecuek-seyler","status":"publish","type":"product","link":"https:\/\/mgvpublications.com\/de\/kuecuek-seyler\/","title":{"rendered":"K\u00fc\u00e7\u00fck \u015eeyler"},"content":{"rendered":"<p>Yay\u0131n Tarihi\t2018-11-26<br \/>\nISBN\t6059241366<br \/>\nBask\u0131 Say\u0131s\u0131\t4. Bask\u0131<br \/>\nDil\tT\u00dcRK\u00c7E<br \/>\nSayfa Say\u0131s\u0131\t128<br \/>\nCilt Tipi\tKarton Kapak<br \/>\nKa\u011f\u0131t Cinsi\tKitap Ka\u011f\u0131d\u0131<br \/>\nBoyut\t13.5 x 19.5 cm<\/p>","protected":false},"excerpt":{"rendered":"<p>Samipa\u015fazade Sezai K\u00fc\u00e7\u00fck \u015eeyler\u2019i kaleme alarak basit konular\u0131n bile iyi anlat\u0131la\u00adrak \u00f6nemli bir eser yaz\u0131labilece\u011fini ortaya koyar. Yazar, ilk \u00f6rnek olma \u00f6zelli\u011fi kazanan bu hik\u00e2yelerde; kayg\u0131, \u00f6zlem, hayal k\u0131r\u0131kl\u0131\u011f\u0131, s\u0131k\u0131nt\u0131 ve a\u015fk ac\u0131s\u0131 i\u00e7inde ya\u015fayan insanlar\u0131 anlatm\u0131\u015ft\u0131r. \u201cHi\u00e7\u201d hik\u00e2yesinde bir gencin ya\u015fad\u0131\u011f\u0131 hayal k\u0131r\u0131kl\u0131\u011f\u0131, \u201cArlezyal\u0131\u201d ve \u201cPandomima\u201dda a\u015fk ac\u0131s\u0131 sonucu intihar\u0131 d\u00fc\u015f\u00fcnen insanlar, \u201c\u0130ki Y\u00fcz Elli Kuru\u015fa Bir As\u0131r\u201dda a\u011fa\u00e7 kesiminin, tabiat\u0131 seven bir insan\u0131n d\u00fcnyas\u0131n\u0131 nas\u0131l y\u0131kt\u0131\u011f\u0131 hik\u00e2ye edilmi\u015ftir.<br \/>\nBu yay\u0131nda, K\u00fc\u00e7\u00fck \u015eeyler hik\u00e2ye kitab\u0131n\u0131n hem ori\u00adjinal hem de sadele\u015ftirilmi\u015f metni bir arada verilerek okuyucunun eserden daha fazla istifadesi ama\u00e7lanm\u0131\u015f\u00adt\u0131r. B\u00f6ylece okurlar, eseri orijinal diliyle de okuma imk\u00e2n\u0131 bulabilecektir. T\u00fcrk Klasikleri serisi i\u00e7inde yay\u0131mlad\u0131\u011f\u0131m\u0131z K\u00fc\u00e7\u00fck \u015eeyler\u2019e okuyucular\u0131n ilgi g\u00f6stereceklerini d\u00fc\u015f\u00fcn\u00fcyoruz.<\/p>","protected":false},"featured_media":9771,"template":"","meta":{"spay_email":""},"product_cat":[168],"product_tag":[],"item":[1388],"acf":[],"_links":{"self":[{"href":"https:\/\/mgvpublications.com\/de\/wp-json\/wp\/v2\/product\/9770"}],"collection":[{"href":"https:\/\/mgvpublications.com\/de\/wp-json\/wp\/v2\/product"}],"about":[{"href":"https:\/\/mgvpublications.com\/de\/wp-json\/wp\/v2\/types\/product"}],"wp:featuredmedia":[{"embeddable":true,"href":"https:\/\/mgvpublications.com\/de\/wp-json\/wp\/v2\/media\/9771"}],"wp:attachment":[{"href":"https:\/\/mgvpublications.com\/de\/wp-json\/wp\/v2\/media?parent=9770"}],"wp:term":[{"taxonomy":"product_cat","embeddable":true,"href":"https:\/\/mgvpublications.com\/de\/wp-json\/wp\/v2\/product_cat?post=9770"},{"taxonomy":"product_tag","embeddable":true,"href":"https:\/\/mgvpublications.com\/de\/wp-json\/wp\/v2\/product_tag?post=9770"},{"taxonomy":"item","embeddable":true,"href":"https:\/\/mgvpublications.com\/de\/wp-json\/wp\/v2\/item?post=9770"}],"curies":[{"name":"wp","href":"https:\/\/api.w.org\/{rel}","templated":true}]}}