{"id":9768,"date":"2019-10-25T14:35:25","date_gmt":"2019-10-25T12:35:25","guid":{"rendered":"https:\/\/dev2.mgvpublications.com\/produkt\/secme-hikayeler-2\/"},"modified":"2022-03-08T22:32:01","modified_gmt":"2022-03-08T21:32:01","slug":"secme-hikayeler-2","status":"publish","type":"product","link":"https:\/\/mgvpublications.com\/de\/secme-hikayeler-2\/","title":{"rendered":"Se\u00e7me Hikayeler &#8211; 2"},"content":{"rendered":"<p>Yay\u0131n Tarihi\t2004-11-25<br \/>\nISBN\t9756316365<br \/>\nBask\u0131 Say\u0131s\u0131\t1. Bask\u0131<br \/>\nDil\tT\u00dcRK\u00c7E<br \/>\nSayfa Say\u0131s\u0131\t224<br \/>\nCilt Tipi\tKarton Kapak<br \/>\nKa\u011f\u0131t Cinsi\tKitap Ka\u011f\u0131d\u0131<br \/>\nBoyut\t13.5 x 19.5 c<\/p>","protected":false},"excerpt":{"rendered":"<p>T\u00fcrk edebiyat\u0131n\u0131n \u00f6l\u00fcms\u00fcz yazarlar\u0131ndan \u00d6mer Seyfettin tarihimize ve k\u00fclt\u00fcr\u00fcm\u00fcze ayna tutar. Onun hik\u00e2yeleri bir\u00e7ok yay\u0131nevi taraf\u0131ndan yay\u0131nlanm\u0131\u015f olmakla birlikte yay\u0131nevimiz se\u00e7me hikayeleri asl\u0131ndan (Osmanl\u0131ca\u2019dan) yeni T\u00fcrk\u00e7e\u2019ye yeniden \u00e7evirmek suretiyle 100 Temel Eser projesine uygun olarak yay\u0131n hayat\u0131m\u0131za kazand\u0131rm\u0131\u015ft\u0131r.<\/p>","protected":false},"featured_media":14288,"template":"","meta":{"spay_email":""},"product_cat":[168],"product_tag":[],"item":[1388],"acf":[],"_links":{"self":[{"href":"https:\/\/mgvpublications.com\/de\/wp-json\/wp\/v2\/product\/9768"}],"collection":[{"href":"https:\/\/mgvpublications.com\/de\/wp-json\/wp\/v2\/product"}],"about":[{"href":"https:\/\/mgvpublications.com\/de\/wp-json\/wp\/v2\/types\/product"}],"wp:featuredmedia":[{"embeddable":true,"href":"https:\/\/mgvpublications.com\/de\/wp-json\/wp\/v2\/media\/14288"}],"wp:attachment":[{"href":"https:\/\/mgvpublications.com\/de\/wp-json\/wp\/v2\/media?parent=9768"}],"wp:term":[{"taxonomy":"product_cat","embeddable":true,"href":"https:\/\/mgvpublications.com\/de\/wp-json\/wp\/v2\/product_cat?post=9768"},{"taxonomy":"product_tag","embeddable":true,"href":"https:\/\/mgvpublications.com\/de\/wp-json\/wp\/v2\/product_tag?post=9768"},{"taxonomy":"item","embeddable":true,"href":"https:\/\/mgvpublications.com\/de\/wp-json\/wp\/v2\/item?post=9768"}],"curies":[{"name":"wp","href":"https:\/\/api.w.org\/{rel}","templated":true}]}}