{"id":9727,"date":"2020-12-02T15:41:45","date_gmt":"2020-12-02T14:41:45","guid":{"rendered":"https:\/\/dev2.mgvpublications.com\/produkt\/dinimize-hizmetin-ic-sorunlari\/"},"modified":"2022-03-31T16:50:14","modified_gmt":"2022-03-31T14:50:14","slug":"dinimize-hizmetin-ic-sorunlari","status":"publish","type":"product","link":"https:\/\/mgvpublications.com\/de\/dinimize-hizmetin-ic-sorunlari\/","title":{"rendered":"Dinimize Hizmetin \u0130\u00e7 Sorunlar\u0131"},"content":{"rendered":"<p>Yay\u0131n Tarihi: 25.02.2021<br \/>ISBN: 9786056015861<br \/>Dil: T\u00dcRK\u00c7E<br \/>Sayfa Say\u0131s\u0131: 184<br \/>Cilt Tipi: Karton Kapak<br \/>Ka\u011f\u0131t Cinsi: 1. Hm. Ka\u011f\u0131t<br \/>Boyut: 13.5 x 19.5 cm<\/p>","protected":false},"excerpt":{"rendered":"<p>Dinimiz bize en b\u00fcy\u00fck ikram\u0131 yapmak istiyor; bizi cennetle y\u00fczle\u015ftirecek. Dinimizden nimetlerin en b\u00fcy\u00fc\u011f\u00fcn\u00fc alaca\u011f\u0131z. Bizim de ona vermemiz gerekir. Bize cenneti kazand\u0131racak olana ne vermeyiz ki? Dinimiz i\u00e7in \u00e7al\u0131\u015fmam\u0131z, cihad etmemiz kadar tabii ne olabilir? Dinimiz i\u00e7in \u00e7al\u0131\u015fmay\u0131, &#8216;hay\u0131r i\u015fi&#8217; olarak da g\u00f6remeyiz. Mesai fazlas\u0131ndan art\u0131rarak yapt\u0131\u011f\u0131m\u0131z i\u015flerden \u00e7ok, can\u0131m\u0131zdan, mal\u0131m\u0131zdan art\u0131rarak dinimize hizmet etmek isteriz. Dinimiz buna ve daha fazlas\u0131na lay\u0131kt\u0131r. Ancak verirken zarar de\u011fil, destek vermek gerekir. Dinine sorun ta\u015f\u0131yan M\u00fcsl\u00fcman olmaktan Allah&#8217;a s\u0131\u011f\u0131n\u0131r\u0131z. Bir araya gelmemiz \u015fart. Beraberli\u011fimiz ise s\u0131k\u0131nt\u0131 \u00fcretmemelidir. S\u0131k\u0131nt\u0131 \u00fcretmemenin, \u00fcremi\u015fini de gidermenin \u00e7arelerini ara\u015ft\u0131rmal\u0131y\u0131z ki, ka\u015f yaparken g\u00f6z \u00e7\u0131karm\u0131\u015f olmayal\u0131m.<\/p>","protected":false},"featured_media":20287,"template":"","meta":{"spay_email":""},"product_cat":[174],"product_tag":[],"item":[363],"acf":[],"_links":{"self":[{"href":"https:\/\/mgvpublications.com\/de\/wp-json\/wp\/v2\/product\/9727"}],"collection":[{"href":"https:\/\/mgvpublications.com\/de\/wp-json\/wp\/v2\/product"}],"about":[{"href":"https:\/\/mgvpublications.com\/de\/wp-json\/wp\/v2\/types\/product"}],"wp:featuredmedia":[{"embeddable":true,"href":"https:\/\/mgvpublications.com\/de\/wp-json\/wp\/v2\/media\/20287"}],"wp:attachment":[{"href":"https:\/\/mgvpublications.com\/de\/wp-json\/wp\/v2\/media?parent=9727"}],"wp:term":[{"taxonomy":"product_cat","embeddable":true,"href":"https:\/\/mgvpublications.com\/de\/wp-json\/wp\/v2\/product_cat?post=9727"},{"taxonomy":"product_tag","embeddable":true,"href":"https:\/\/mgvpublications.com\/de\/wp-json\/wp\/v2\/product_tag?post=9727"},{"taxonomy":"item","embeddable":true,"href":"https:\/\/mgvpublications.com\/de\/wp-json\/wp\/v2\/item?post=9727"}],"curies":[{"name":"wp","href":"https:\/\/api.w.org\/{rel}","templated":true}]}}