{"id":9725,"date":"2019-10-18T20:09:49","date_gmt":"2019-10-18T18:09:49","guid":{"rendered":"https:\/\/dev2.mgvpublications.com\/produkt\/evlendikten-sonra-da-muhabbet-olsun\/"},"modified":"2022-03-08T22:32:00","modified_gmt":"2022-03-08T21:32:00","slug":"evlendikten-sonra-da-muhabbet-olsun","status":"publish","type":"product","link":"https:\/\/mgvpublications.com\/de\/evlendikten-sonra-da-muhabbet-olsun\/","title":{"rendered":"Evlendikten Sonra da Muhabbet Olsun"},"content":{"rendered":"<p>Yay\u0131n Tarihi\t2018-05-17<br \/>\nISBN\t6052173084<br \/>\nBask\u0131 Say\u0131s\u0131\t1. Bask\u0131<br \/>\nDil\tT\u00dcRK\u00c7E<br \/>\nSayfa Say\u0131s\u0131\t176<br \/>\nCilt Tipi\tKarton Kapak<br \/>\nKa\u011f\u0131t Cinsi\tKitap Ka\u011f\u0131d\u0131<br \/>\nBoyut\t13.5 x 21 cm<\/p>","protected":false},"excerpt":{"rendered":"<p>Sevgi emek ister, sevgili muhabbet etmek ister. Muhabbete de hizmet gerek.<\/p>\n<p>Muhabbeti istiyorsun sevdi\u011fine ad\u0131m ad\u0131m yakla\u015f, onun ad\u0131mlar\u0131n\u0131 saymadan ve beklemeden.<\/p>\n<p>Ona hizmet et. Elinle, aya\u011f\u0131nla, dilinle, g\u00f6z\u00fcnle, kula\u011f\u0131nla, akl\u0131nla ve tabi\u00ee ki g\u00f6nl\u00fcnle.<\/p>\n<p>Muhabbet yolundaki ta\u015flara dikkat et.<\/p>\n<p>Sevgi g\u00f6n\u00fclden do\u011far, ak\u0131lla beslenir b\u00fcy\u00fcr.<\/p>\n<p>Ak\u0131l sevgiyi beslemezse o sevgi k\u0131sa zamanda \u00f6l\u00fcr gider.<\/p>\n<p>Evlilikte g\u00f6n\u00fcl ve ak\u0131l i\u015fbirli\u011fi \u00e7ok \u00f6nemlidir. G\u00f6n\u00fcl ve ak\u0131l el ele verirse sevginiz hi\u00e7 azalmaz, g\u00fcn ge\u00e7tik\u00e7e artar.<br \/>\nSevdi\u011fin neden ho\u015flan\u0131r, nas\u0131l mutlu olur, neye k\u0131zar, ni\u00e7in k\u0131r\u0131l\u0131r, onun i\u00e7in ne yapman laz\u0131m. Nerde hata yap\u0131yorsun? Sor sorular\u0131, bul cevab\u0131, yap hizmeti, bakal\u0131m sevgi \u00f6l\u00fcyor mu?<\/p>\n<p>Yuvas\u0131nda muhabbet isteyenler i\u00e7in i\u015fte size ad\u0131m ad\u0131m muhabbet.<br \/>\n\u201cE\u015fimle muhabbet edemiyoruz\u201d diyenlere rehber bir kitap.<\/p>\n<p>Muhabbetiniz bol olsun diye&#8230;<\/p>","protected":false},"featured_media":9726,"template":"","meta":{"spay_email":""},"product_cat":[171],"product_tag":[],"item":[704],"acf":[],"_links":{"self":[{"href":"https:\/\/mgvpublications.com\/de\/wp-json\/wp\/v2\/product\/9725"}],"collection":[{"href":"https:\/\/mgvpublications.com\/de\/wp-json\/wp\/v2\/product"}],"about":[{"href":"https:\/\/mgvpublications.com\/de\/wp-json\/wp\/v2\/types\/product"}],"wp:featuredmedia":[{"embeddable":true,"href":"https:\/\/mgvpublications.com\/de\/wp-json\/wp\/v2\/media\/9726"}],"wp:attachment":[{"href":"https:\/\/mgvpublications.com\/de\/wp-json\/wp\/v2\/media?parent=9725"}],"wp:term":[{"taxonomy":"product_cat","embeddable":true,"href":"https:\/\/mgvpublications.com\/de\/wp-json\/wp\/v2\/product_cat?post=9725"},{"taxonomy":"product_tag","embeddable":true,"href":"https:\/\/mgvpublications.com\/de\/wp-json\/wp\/v2\/product_tag?post=9725"},{"taxonomy":"item","embeddable":true,"href":"https:\/\/mgvpublications.com\/de\/wp-json\/wp\/v2\/item?post=9725"}],"curies":[{"name":"wp","href":"https:\/\/api.w.org\/{rel}","templated":true}]}}