{"id":9723,"date":"2019-10-18T20:06:54","date_gmt":"2019-10-18T18:06:54","guid":{"rendered":"https:\/\/dev2.mgvpublications.com\/produkt\/kulak-asik-olurmus-goezden-evvel\/"},"modified":"2022-03-08T22:31:58","modified_gmt":"2022-03-08T21:31:58","slug":"kulak-asik-olurmus-goezden-evvel","status":"publish","type":"product","link":"https:\/\/mgvpublications.com\/de\/kulak-asik-olurmus-goezden-evvel\/","title":{"rendered":"Kulak A\u015f\u0131k Olurmu\u015f G\u00f6zden Evvel"},"content":{"rendered":"<p>Yay\u0131n Tarihi\t2018-09-19<br \/>\nISBN\t6052173022<br \/>\nBask\u0131 Say\u0131s\u0131\t2. Bask\u0131<br \/>\nDil\tT\u00dcRK\u00c7E<br \/>\nSayfa Say\u0131s\u0131\t167<br \/>\nCilt Tipi\tKarton Kapak<br \/>\nKa\u011f\u0131t Cinsi\tKitap Ka\u011f\u0131d\u0131<br \/>\nBoyut\t13.5 x 21 cm<\/p>","protected":false},"excerpt":{"rendered":"<p>\u2018\u2018Demi\u015flerdir gelenler bizden evvel: Kulak \u00e2\u015f\u0131k olurmu\u015f g\u00f6zden evvel\u2026\u2019\u2019<\/p>\n<p>Hayat\u0131n i\u00e7inden kad\u0131n-erkek ili\u015fkilerini ak\u0131c\u0131 bir \u00fcsl\u00fbpla kaleme alan ve okuyuculara pratik \u00e7\u00f6z\u00fcm yollar\u0131 sunan Sema Mara\u015fl\u0131\u2019n\u0131n bu eseri de evlilik hayat\u0131nda huzur ve mutlulu\u011fu arayanlara yepyeni ufuklar a\u00e7acak.<\/p>\n<p>Keyif alarak okuyaca\u011f\u0131n\u0131z ve hayat\u0131n\u0131za sevgi katacak bir eser\u2026<\/p>\n<p>Dilinizden, kula\u011f\u0131n\u0131zdan, y\u00fcre\u011finizden sevgi hi\u00e7 eksik olmas\u0131n\u2026 <\/p>","protected":false},"featured_media":9724,"template":"","meta":{"spay_email":""},"product_cat":[166],"product_tag":[],"item":[704],"acf":[],"_links":{"self":[{"href":"https:\/\/mgvpublications.com\/de\/wp-json\/wp\/v2\/product\/9723"}],"collection":[{"href":"https:\/\/mgvpublications.com\/de\/wp-json\/wp\/v2\/product"}],"about":[{"href":"https:\/\/mgvpublications.com\/de\/wp-json\/wp\/v2\/types\/product"}],"wp:featuredmedia":[{"embeddable":true,"href":"https:\/\/mgvpublications.com\/de\/wp-json\/wp\/v2\/media\/9724"}],"wp:attachment":[{"href":"https:\/\/mgvpublications.com\/de\/wp-json\/wp\/v2\/media?parent=9723"}],"wp:term":[{"taxonomy":"product_cat","embeddable":true,"href":"https:\/\/mgvpublications.com\/de\/wp-json\/wp\/v2\/product_cat?post=9723"},{"taxonomy":"product_tag","embeddable":true,"href":"https:\/\/mgvpublications.com\/de\/wp-json\/wp\/v2\/product_tag?post=9723"},{"taxonomy":"item","embeddable":true,"href":"https:\/\/mgvpublications.com\/de\/wp-json\/wp\/v2\/item?post=9723"}],"curies":[{"name":"wp","href":"https:\/\/api.w.org\/{rel}","templated":true}]}}