{"id":9721,"date":"2019-10-18T20:04:50","date_gmt":"2019-10-18T18:04:50","guid":{"rendered":"https:\/\/dev2.mgvpublications.com\/produkt\/kalbin-erbaini\/"},"modified":"2026-02-06T22:10:27","modified_gmt":"2026-02-06T21:10:27","slug":"kalbin-erbaini","status":"publish","type":"product","link":"https:\/\/mgvpublications.com\/de\/kalbin-erbaini\/","title":{"rendered":"Kalbin Erbaini"},"content":{"rendered":"<p>Yay\u0131n Tarihi\t2018-03-02<br \/>\nISBN\t6054696833<br \/>\nBask\u0131 Say\u0131s\u0131\t4. Bask\u0131<br \/>\nDil\tT\u00dcRK\u00c7E<br \/>\nSayfa Say\u0131s\u0131\t240<br \/>\nCilt Tipi\tKarton Kapak<br \/>\nKa\u011f\u0131t Cinsi\tKitap Ka\u011f\u0131d\u0131<br \/>\nBoyut\t12.5 x 19.5 cm<\/p>","protected":false},"excerpt":{"rendered":"<p>Beden \u00fclkesinin sultan\u0131 kalptir. Yaratan ve O\u2019nun yaratt\u0131klar\u0131 kalbe vurgu yapar.<br \/>\nKalp i\u015fgal edilir, me\u015fgul olur ama mirac\u0131 vard\u0131r. Kat\u0131 olur, k\u00f6t\u00fc olur ama s\u0131cakl\u0131\u011f\u0131, safiyeti ve samimiyeti vard\u0131r. De\u011fi\u015fir, bozulur ama salah\u0131, istikameti, terbiyesi vard\u0131r. Yakar\u0131r, sorumlulu\u011funu bilir, ahlak\u0131 ve sadakati vard\u0131r. Ne mutlu bize ki kalbi imar eden vahiy vard\u0131r. Yumu\u015far, bayram eder, sonunda bir yolculu\u011fa \u00e7\u0131kar sonsuzlu\u011fa var\u0131r. <\/p>","protected":false},"featured_media":9722,"template":"","meta":{"spay_email":""},"product_cat":[174,232],"product_tag":[],"item":[777],"acf":[],"_links":{"self":[{"href":"https:\/\/mgvpublications.com\/de\/wp-json\/wp\/v2\/product\/9721"}],"collection":[{"href":"https:\/\/mgvpublications.com\/de\/wp-json\/wp\/v2\/product"}],"about":[{"href":"https:\/\/mgvpublications.com\/de\/wp-json\/wp\/v2\/types\/product"}],"wp:featuredmedia":[{"embeddable":true,"href":"https:\/\/mgvpublications.com\/de\/wp-json\/wp\/v2\/media\/9722"}],"wp:attachment":[{"href":"https:\/\/mgvpublications.com\/de\/wp-json\/wp\/v2\/media?parent=9721"}],"wp:term":[{"taxonomy":"product_cat","embeddable":true,"href":"https:\/\/mgvpublications.com\/de\/wp-json\/wp\/v2\/product_cat?post=9721"},{"taxonomy":"product_tag","embeddable":true,"href":"https:\/\/mgvpublications.com\/de\/wp-json\/wp\/v2\/product_tag?post=9721"},{"taxonomy":"item","embeddable":true,"href":"https:\/\/mgvpublications.com\/de\/wp-json\/wp\/v2\/item?post=9721"}],"curies":[{"name":"wp","href":"https:\/\/api.w.org\/{rel}","templated":true}]}}