{"id":9714,"date":"2019-10-18T19:57:43","date_gmt":"2019-10-18T17:57:43","guid":{"rendered":"https:\/\/dev2.mgvpublications.com\/produkt\/coekuesuen-oencuesue-abd\/"},"modified":"2022-03-08T22:31:58","modified_gmt":"2022-03-08T21:31:58","slug":"coekuesuen-oencuesue-abd","status":"publish","type":"product","link":"https:\/\/mgvpublications.com\/de\/coekuesuen-oencuesue-abd\/","title":{"rendered":"\u00c7\u00f6k\u00fc\u015f\u00fcn \u00d6nc\u00fcs\u00fc ABD"},"content":{"rendered":"<p>\u00c7evirmen: Cemal Ayd\u0131n<br \/>Yay\u0131n Tarihi: 18.04.2018<br \/>ISBN: 9786050827712<br \/>Dil: T\u00dcRK\u00c7E<br \/>Sayfa Say\u0131s\u0131: 272<br \/>Cilt Tipi: Karton Kapak<br \/>Ka\u011f\u0131t Cinsi: Kitap Ka\u011f\u0131d\u0131<br \/>Boyut: 13.5 x 21 cm<\/p>","protected":false},"excerpt":{"rendered":"<p>\u00c7\u00f6k\u00fc\u015f\u00fcn \u00d6nc\u00fcs\u00fc ABD, yoksul durumdaki \u00fclke insanlar\u0131n\u0131n uyanmas\u0131, s\u00f6m\u00fcr\u00fclmekten kurtulmas\u0131 ve kendi haklar\u0131na sahip \u00e7\u0131kmas\u0131 i\u00e7in yazar taraf\u0131ndan yap\u0131lan bir uyar\u0131d\u0131r. G\u00fcn\u00fcm\u00fcz d\u00fcnyas\u0131nda olup biten kahredici ve i\u00e7ler ac\u0131s\u0131 ger\u00e7ekleri b\u00fct\u00fcn \u00e7\u0131plakl\u0131\u011f\u0131yla hayk\u0131ran bir \u00e7\u0131\u011fl\u0131kt\u0131r. ABD ve onun u\u015faklar\u0131, g\u00fc\u00e7s\u00fcz \u00fclkeleri nas\u0131l ve hangi yollarla s\u00f6m\u00fcr\u00fcyorlar? S\u00f6m\u00fcrmek i\u00e7in hangi pl\u00e2nlar\u0131 yap\u0131yor ve ne gibi gizli tuzaklar kuruyorlar? Milletlerin kendilerine gelip g\u00fc\u00e7lenmelerini nas\u0131l engelliyor ve \u00f6nl\u00fcyorlar? Bu ve benzeri hayat\u00ee sorulara en \u00e7arp\u0131c\u0131 cevaplar kesin delilleriyle ve apa\u00e7\u0131k belgeleriyle \u00c7\u00f6k\u00fc\u015f\u00fcn \u00d6nc\u00fcs\u00fc ABD&#8217;de g\u00f6zler \u00f6n\u00fcne seriliyor. E\u011fer d\u00fcnya siyasetinin bug\u00fcnk\u00fc sapmalar\u0131ndan vazge\u00e7mezsek, bizler torunlar\u0131m\u0131z\u0131 katletmi\u015f ve gelecek i\u00e7in evrensel bir intihar haz\u0131rlam\u0131\u015f olaca\u011f\u0131z. \u00c7a\u011f\u0131m\u0131z\u0131 anlamak i\u00e7in bir ipucu var m\u0131? Yani ister asker\u00ee ve ekonomik m\u00fcdaha\u00adleler ister Yahudi ve Hristiyan entegrizmleri olsun, isterse i\u015fsizlik, i\u015ften \u00e7\u0131karma, g\u00f6\u00e7, \u015fiddet veya uyu\u015fturucu gibi \u015fu an kar\u015f\u0131 kar\u015f\u0131ya bulundu\u011fumuz durumlar olsun, b\u00fc\u00adt\u00fcn bu milletleraras\u0131 meselelerde, i\u00e7ten ve derinden bir ili\u015fki mevcut mu? Bu problemlerin aralar\u0131ndaki o s\u0131k\u0131 birlik ve b\u00fct\u00fcnl\u00fc\u011f\u00fc g\u00f6zler \u00f6n\u00fcne sermek&#8230; Bunlar\u0131n ne anlama geldi\u011fini tam anlam\u0131yla a\u00e7\u0131kl\u0131\u011fa kavu\u015fturmak&#8230; \u00d6zellikle de onlardan kurtulmak i\u00e7in so\u00admut bir program sunmak&#8230; \u0130\u015fte \u00c7\u00f6k\u00fc\u015f\u00fcn \u00d6nc\u00fcs\u00fc ABD\u2019nin hedefi budur.<\/p>","protected":false},"featured_media":21419,"template":"","meta":{"spay_email":""},"product_cat":[170],"product_tag":[],"item":[360],"acf":[],"_links":{"self":[{"href":"https:\/\/mgvpublications.com\/de\/wp-json\/wp\/v2\/product\/9714"}],"collection":[{"href":"https:\/\/mgvpublications.com\/de\/wp-json\/wp\/v2\/product"}],"about":[{"href":"https:\/\/mgvpublications.com\/de\/wp-json\/wp\/v2\/types\/product"}],"wp:featuredmedia":[{"embeddable":true,"href":"https:\/\/mgvpublications.com\/de\/wp-json\/wp\/v2\/media\/21419"}],"wp:attachment":[{"href":"https:\/\/mgvpublications.com\/de\/wp-json\/wp\/v2\/media?parent=9714"}],"wp:term":[{"taxonomy":"product_cat","embeddable":true,"href":"https:\/\/mgvpublications.com\/de\/wp-json\/wp\/v2\/product_cat?post=9714"},{"taxonomy":"product_tag","embeddable":true,"href":"https:\/\/mgvpublications.com\/de\/wp-json\/wp\/v2\/product_tag?post=9714"},{"taxonomy":"item","embeddable":true,"href":"https:\/\/mgvpublications.com\/de\/wp-json\/wp\/v2\/item?post=9714"}],"curies":[{"name":"wp","href":"https:\/\/api.w.org\/{rel}","templated":true}]}}