{"id":9708,"date":"2019-10-18T19:49:29","date_gmt":"2019-10-18T17:49:29","guid":{"rendered":"https:\/\/dev2.mgvpublications.com\/produkt\/yobazliklar\/"},"modified":"2022-05-31T11:44:23","modified_gmt":"2022-05-31T09:44:23","slug":"yobazliklar","status":"publish","type":"product","link":"https:\/\/mgvpublications.com\/de\/yobazliklar\/","title":{"rendered":"Yobazl\u0131klar"},"content":{"rendered":"<p>\u00c7evirmen: Cemal Ayd\u0131n<br \/>Yay\u0131n Tarihi: 04.03.2019<br \/>ISBN: 9786050827309<br \/>Dil: T\u00dcRK\u00c7E<br \/>Sayfa Say\u0131s\u0131: 192<br \/>Cilt Tipi: Karton Kapak<br \/>Ka\u011f\u0131t Cinsi: Kitap Ka\u011f\u0131d\u0131<br \/>Boyut: 13.5 x 21 cm<\/p>","protected":false},"excerpt":{"rendered":"<p>Akla pranga vuran ve ge\u00e7mi\u015fini g\u00fcncelle\u015ftiremeyen dinci yobazl\u0131k, \u0130nsan severlikten uzak, \u0131rk\u00e7\u0131 ve saplant\u0131l\u0131 etnik yobazl\u0131k, Bilimi ilah gibi g\u00f6r\u00fcp putla\u015ft\u0131ran bilimci-teknokratik yobazl\u0131k, \u00c7\u0131kar\u0131 i\u00e7in di\u011fer halklar\u0131 a\u00e7l\u0131\u011fa mahk\u00fbm eden kapitalist yobazl\u0131k, Marks\u2019\u0131n d\u00fc\u015f\u00fcncesini pespayele\u015ftiren sosyalist-kom\u00fcnist yobazl\u0131k, Ve bug\u00fcn\u00fcn insan\u0131na hayat\u0131 zehreden, gelece\u011fin insan\u0131n\u0131 da \u015fimdiden zehirleyen daha nice yobazl\u0131klar\u2026 D\u00fcnyaca \u00fcnl\u00fc d\u00fc\u015f\u00fcnce adam\u0131 Roger Garaudy bu eserinde Bat\u0131\u2019n\u0131n ve Do\u011fu\u2019nun b\u00fct\u00fcn yobazl\u0131klar\u0131 g\u00f6zler \u00f6n\u00fcne seriyor. Sadece sergilemiyor, her t\u00fcrden yobazl\u0131\u011fa kar\u015f\u0131 ne yap\u0131lmas\u0131 gerekti\u011fi de apa\u00e7\u0131k ortaya koyuyor. Hem Bat\u0131l\u0131lara hem de bizlere a\u011f\u0131r ele\u015ftiriler getiren Garaudy\u2019nin g\u00f6r\u00fc\u015fleri dikkate al\u0131nmadan g\u00fcler y\u00fczl\u00fc bir gelecek kurulamaz!<\/p>","protected":false},"featured_media":21414,"template":"","meta":{"spay_email":""},"product_cat":[173],"product_tag":[],"item":[360],"acf":[],"_links":{"self":[{"href":"https:\/\/mgvpublications.com\/de\/wp-json\/wp\/v2\/product\/9708"}],"collection":[{"href":"https:\/\/mgvpublications.com\/de\/wp-json\/wp\/v2\/product"}],"about":[{"href":"https:\/\/mgvpublications.com\/de\/wp-json\/wp\/v2\/types\/product"}],"wp:featuredmedia":[{"embeddable":true,"href":"https:\/\/mgvpublications.com\/de\/wp-json\/wp\/v2\/media\/21414"}],"wp:attachment":[{"href":"https:\/\/mgvpublications.com\/de\/wp-json\/wp\/v2\/media?parent=9708"}],"wp:term":[{"taxonomy":"product_cat","embeddable":true,"href":"https:\/\/mgvpublications.com\/de\/wp-json\/wp\/v2\/product_cat?post=9708"},{"taxonomy":"product_tag","embeddable":true,"href":"https:\/\/mgvpublications.com\/de\/wp-json\/wp\/v2\/product_tag?post=9708"},{"taxonomy":"item","embeddable":true,"href":"https:\/\/mgvpublications.com\/de\/wp-json\/wp\/v2\/item?post=9708"}],"curies":[{"name":"wp","href":"https:\/\/api.w.org\/{rel}","templated":true}]}}