{"id":9706,"date":"2019-10-18T19:47:16","date_gmt":"2019-10-18T17:47:16","guid":{"rendered":"https:\/\/dev2.mgvpublications.com\/produkt\/amerikan-efsanesi\/"},"modified":"2022-03-08T22:31:57","modified_gmt":"2022-03-08T21:31:57","slug":"amerikan-efsanesi","status":"publish","type":"product","link":"https:\/\/mgvpublications.com\/de\/amerikan-efsanesi\/","title":{"rendered":"Amerikan Efsanesi"},"content":{"rendered":"<p>\u00c7evirmen:\tCemal Ayd\u0131n<br \/>\nYay\u0131n Tarihi\t2018-04-18<br \/>\nISBN\t6050827910<br \/>\nBask\u0131 Say\u0131s\u0131\t1. Bask\u0131<br \/>\nDil\tT\u00dcRK\u00c7E<br \/>\nSayfa Say\u0131s\u0131\t160<br \/>\nCilt Tipi\tKarton Kapak<br \/>\nKa\u011f\u0131t Cinsi\tKitap Ka\u011f\u0131d\u0131<br \/>\nBoyut\t13.5 x 21 cm<\/p>","protected":false},"excerpt":{"rendered":"<p>Dikkat! Amerika kudurmu\u015ftur. Bizi Amerika&#8217;ya ba\u011flayan b\u00fct\u00fcn ba\u011flar\u0131 derhal koparmal\u0131y\u0131z. Yoksa, biz de \u0131s\u0131r\u0131lacak ve biz de kuduraca\u011f\u0131z&#8221; diye yaz\u0131yordu Jean-Paul Sartre 1953&#8217;te, Liberation gazetesine yazd\u0131\u011f\u0131 &#8220;Hasta Hayvanlar ve Kuduz&#8221; ba\u015fl\u0131kl\u0131 makalesinde.<br \/>\nBu eser, o \u00fcnl\u00fc filozofun te\u015fhisindeki isabeti g\u00f6zler \u00f6n\u00fcne seriyor. Yaln\u0131z Avrupa&#8217;n\u0131n de\u011fil, ABD&#8217;nin etki alan\u0131na giren b\u00fct\u00fcn \u00fclkelere Amerikanc\u0131l\u0131k hastal\u0131\u011f\u0131n\u0131n ne derece bula\u015f\u0131p bula\u015fmad\u0131\u011f\u0131n\u0131 sorguluyor.<br \/>\nBu kitap, sadece \u00fclkesini de\u011fil, b\u00fct\u00fcn d\u00fcnya insanl\u0131\u011f\u0131n\u0131n kaderini ve gelece\u011fini d\u00fc\u015f\u00fcnenlere sesleniyor.<\/p>\n<p>Bilhassa \u201cAntiamerikanc\u0131l\u0131k\u201d ile yabanc\u0131 d\u00fc\u015fmanl\u0131\u011f\u0131n\u0131 birbirine kar\u0131\u015ft\u0131rmak niyetindeki kimselere kar\u015f\u0131 daha da a\u00e7\u0131k ve net olmas\u0131 bak\u0131m\u0131ndan hemen belirtelim ki: Ben bir hayat tarz\u0131n\u0131 ve bir d\u00fcnya anlay\u0131\u015f\u0131n\u0131 ifade eden \u201cAmerikan \/ Amerikal\u0131\u201d kelimesiyle, Amerika\u2019da do\u011fmu\u015f veya 1620\u2019den itibaren \u201cMayflower\u201dla Amerika\u2019ya g\u00f6\u00e7 etmi\u015f ve orada bu hem s\u00f6m\u00fcrgeci hem de k\u00f6kenlerine g\u00f6re \u0131rk\u00e7\u0131, tarihlerine g\u00f6re de h\u00fckmedici ve bezirg\u00e2n sistemi kurmu\u015f olan kimselerle alakal\u0131 her t\u00fcrl\u00fc co\u011frafi veya etnik anlam\u0131 kastetmiyorum; tam aksine ben, d\u00fcnya \u00fclkelerinde bu \u201cmodel\u201di halka dayatmak isteyen b\u00fct\u00fcn kimselere \u201cAmerikan \/ Amerikal\u0131\u201d ad\u0131n\u0131 veriyorum. Bu modelin temel \u00f6zelli\u011fi, ekonomi ve pazar\u0131n toplumun hizmetinde olmas\u0131 de\u011fil de, toplumun tamam\u0131n\u0131n ekonominin ve pazar\u0131n gereklerine boyun e\u011fmesidir.<\/p>","protected":false},"featured_media":9707,"template":"","meta":{"spay_email":""},"product_cat":[1537],"product_tag":[],"item":[360],"acf":[],"_links":{"self":[{"href":"https:\/\/mgvpublications.com\/de\/wp-json\/wp\/v2\/product\/9706"}],"collection":[{"href":"https:\/\/mgvpublications.com\/de\/wp-json\/wp\/v2\/product"}],"about":[{"href":"https:\/\/mgvpublications.com\/de\/wp-json\/wp\/v2\/types\/product"}],"wp:featuredmedia":[{"embeddable":true,"href":"https:\/\/mgvpublications.com\/de\/wp-json\/wp\/v2\/media\/9707"}],"wp:attachment":[{"href":"https:\/\/mgvpublications.com\/de\/wp-json\/wp\/v2\/media?parent=9706"}],"wp:term":[{"taxonomy":"product_cat","embeddable":true,"href":"https:\/\/mgvpublications.com\/de\/wp-json\/wp\/v2\/product_cat?post=9706"},{"taxonomy":"product_tag","embeddable":true,"href":"https:\/\/mgvpublications.com\/de\/wp-json\/wp\/v2\/product_tag?post=9706"},{"taxonomy":"item","embeddable":true,"href":"https:\/\/mgvpublications.com\/de\/wp-json\/wp\/v2\/item?post=9706"}],"curies":[{"name":"wp","href":"https:\/\/api.w.org\/{rel}","templated":true}]}}