{"id":9701,"date":"2019-10-18T19:39:22","date_gmt":"2019-10-18T17:39:22","guid":{"rendered":"https:\/\/dev2.mgvpublications.com\/produkt\/yarasa\/"},"modified":"2022-03-08T22:31:57","modified_gmt":"2022-03-08T21:31:57","slug":"yarasa","status":"publish","type":"product","link":"https:\/\/mgvpublications.com\/de\/yarasa\/","title":{"rendered":"Yarasa"},"content":{"rendered":"<p>Yay\u0131n Tarihi\t2018-03-12<br \/>\nISBN\t6052164006<br \/>\nBask\u0131 Say\u0131s\u0131\t1. Bask\u0131<br \/>\nDil\tT\u00dcRK\u00c7E<br \/>\nSayfa Say\u0131s\u0131\t496<br \/>\nCilt Tipi\tCiltli<br \/>\nKa\u011f\u0131t Cinsi\tKitap Ka\u011f\u0131d\u0131<br \/>\nBoyut\t13.5 x 21 cm<\/p>","protected":false},"excerpt":{"rendered":"<p>Kod ad\u0131: Yarasa.<\/p>\n<p>Gizli g\u00f6revlerin aranan ismi.<br \/>\nD\u00fcnyan\u0131n herhangi bir yerinde,<br \/>\nherhangi bir i\u015fi kendine has y\u00f6ntemleriyle halledebilir.<br \/>\nOnun i\u00e7in imk\u00e2ns\u0131z diye bir \u015fey yoktur.<br \/>\nHer i\u015fin alt\u0131ndan kalkar.<br \/>\nBir kere g\u00f6r\u00fcnd\u00fc\u011f\u00fc yere bir daha gitmez. Gitmez. Gitmezdi\u2026<br \/>\nTa ki o gece tamamlad\u0131\u011f\u0131 gizli g\u00f6revin ard\u0131ndan<br \/>\nkafa da\u011f\u0131tmak i\u00e7in en sevdi\u011fi rit\u00fceli ger\u00e7ekle\u015ftirmek amac\u0131yla<br \/>\no mek\u00e2na gidene kadar\u2026<br \/>\nO mek\u00e2na gidip Mavi\u2019yle kar\u015f\u0131la\u015fana kadar\u2026<\/p>\n<p>Mavi, bug\u00fcne kadar \u00fcstlendi\u011fi en zor g\u00f6rev olacakt\u0131.<br \/>\n \u00dcstelik ilk defa, ba\u015far\u0131l\u0131 olaca\u011f\u0131 konusunda<br \/>\n kendine duydu\u011fu g\u00fcveni, koydu\u011fu yerde bulam\u0131yordu.<\/p>\n<p>Yarasa\u2019n\u0131n mavi gecesi,<br \/>\nsiyah gecelerinden daha uzun olacak gibiydi\u2026<\/p>","protected":false},"featured_media":15781,"template":"","meta":{"spay_email":""},"product_cat":[168],"product_tag":[],"item":[774],"acf":[],"_links":{"self":[{"href":"https:\/\/mgvpublications.com\/de\/wp-json\/wp\/v2\/product\/9701"}],"collection":[{"href":"https:\/\/mgvpublications.com\/de\/wp-json\/wp\/v2\/product"}],"about":[{"href":"https:\/\/mgvpublications.com\/de\/wp-json\/wp\/v2\/types\/product"}],"wp:featuredmedia":[{"embeddable":true,"href":"https:\/\/mgvpublications.com\/de\/wp-json\/wp\/v2\/media\/15781"}],"wp:attachment":[{"href":"https:\/\/mgvpublications.com\/de\/wp-json\/wp\/v2\/media?parent=9701"}],"wp:term":[{"taxonomy":"product_cat","embeddable":true,"href":"https:\/\/mgvpublications.com\/de\/wp-json\/wp\/v2\/product_cat?post=9701"},{"taxonomy":"product_tag","embeddable":true,"href":"https:\/\/mgvpublications.com\/de\/wp-json\/wp\/v2\/product_tag?post=9701"},{"taxonomy":"item","embeddable":true,"href":"https:\/\/mgvpublications.com\/de\/wp-json\/wp\/v2\/item?post=9701"}],"curies":[{"name":"wp","href":"https:\/\/api.w.org\/{rel}","templated":true}]}}