{"id":9675,"date":"2019-09-13T20:54:23","date_gmt":"2019-09-13T18:54:23","guid":{"rendered":"https:\/\/dev2.mgvpublications.com\/produkt\/en-guezel-oernegin-en-guezel-oernekleri-sahabe-iklimi-2\/"},"modified":"2022-03-08T22:31:55","modified_gmt":"2022-03-08T21:31:55","slug":"en-guezel-oernegin-en-guezel-oernekleri-sahabe-iklimi-2","status":"publish","type":"product","link":"https:\/\/mgvpublications.com\/de\/en-guezel-oernegin-en-guezel-oernekleri-sahabe-iklimi-2\/","title":{"rendered":"En G\u00fczel \u00d6rne\u011fin En G\u00fczel \u00d6rnekleri Sahabe \u0130klimi 2"},"content":{"rendered":"<p>Yay\u0131n Tarihi: 01.05.2017<br \/>ISBN: 9786054620951<br \/>Dil: T\u00dcRK\u00c7E<br \/>Sayfa Say\u0131s\u0131: 510<br \/>Cilt Tipi: Ciltli<br \/>Ka\u011f\u0131t Cinsi: Kitap Ka\u011f\u0131d\u0131<br \/>Boyut: 16.5 x 24.5 cm<\/p>","protected":false},"excerpt":{"rendered":"<p>Kur&#8217;an-\u0131 Kerim, Hz. Peygamber&#8217;i (sas) bize anlat\u0131rken, kulland\u0131\u011f\u0131 istisnai ifadelerden bir tanesi &#8220;\u00fcsvet\u00fc&#8217;n-hasene&#8221;dir. Rabbimiz buyurur ki: &#8220;Andolsun ki Res\u00fblullah, sizin i\u00e7in, Allah&#8217;a ve ahiret g\u00fcn\u00fcne kavu\u015fmay\u0131 umanlar ve Allah&#8217;\u0131 \u00e7ok zikredenler i\u00e7in, (\u00fcsvet\u00fc&#8217;n-hasenet\u00fcn) \u00e7ok g\u00fczel bir \u00f6rnektir.&#8221; 1 Sahabe neslini anlatan en g\u00fczel ayetlerden bir tanesi de Tevbe S\u00fbresi&#8217;nde ge\u00e7en \u015fu ayettir: &#8220;(\u0130slam dinine girme hususunda) \u00f6ne ge\u00e7en ilk muhacirler ve ensar ile onlara g\u00fczellikle tabi olanlar var ya, i\u015fte Allah onlardan raz\u0131 olmu\u015ftur, onlar da Allah&#8217;tan raz\u0131 olmu\u015flard\u0131r. Allah onlara, i\u00e7inde ebedi kalacaklar\u0131, zemininden \u0131rmaklar akan cennetler haz\u0131rlam\u0131\u015ft\u0131r. \u0130\u015fte bu b\u00fcy\u00fck kurtulu\u015ftur.&#8221; 2 &#8220;En G\u00fczel \u00d6rne\u011fin, En G\u00fczel \u00d6rnekleri&#8221; serlevhas\u0131, asl\u0131nda bu iki ayetin k\u0131sa bir mesaj\u0131d\u0131r. Allah Res\u00fbl\u00fc (sas) t\u00fcm insanl\u0131\u011fa en g\u00fczel \u00f6rnek, en ideal misal, en kamil modeldir. Elbette O (sas), kurdu\u011fu n\u00fcb\u00fcvvet potas\u0131nda, kendi \u00f6rnekli\u011fini, yeti\u015ftirdi\u011fi talebeler olan sahabe \u00fczerinden aleme yans\u0131tacak, b\u00f6ylelikle onlar\u0131 en g\u00fczel \u00f6rnekler olarak k\u0131yamete kadar gelecek t\u00fcm m\u00fc&#8217;minlere takdim edecekti. Bu hakikatten dolay\u0131 sahabe nesli, hi\u00e7bir zaman bizler i\u00e7in sadece tarihi \u015fahsiyetler olarak kalamazlar. Onlar, dinin intikal ve muhafazas\u0131nda, Allah (cc) taraf\u0131ndan se\u00e7ilmi\u015f, Res\u00fblullah (sas) taraf\u0131ndan yeti\u015ftirilmi\u015f bir nesildir. \u00d6yleyse, sahabe neslini tan\u0131mak ne sadece bir vefa ne sadece bir tarihi malumat ne de sadece ge\u00e7mi\u015fe dair bir \u00f6zlemin ifadesidir. Sahabe neslini tan\u0131mak, Allah&#8217;\u0131, Peygamber&#8217;i, Kitab&#8217;\u0131, dolay\u0131s\u0131 ile \u0130slam&#8217;\u0131 tan\u0131man\u0131n en do\u011fru yoludur. Bu sebeple \u00e7al\u0131\u015fmam\u0131z\u0131n ba\u015fl\u0131\u011f\u0131n\u0131 &#8220;En G\u00fczel \u00d6rne\u011fin, En G\u00fczel \u00d6rnekleri&#8221; olarak belirledik. Program boyunca hep: &#8220;Anlat\u0131lan sahabi efendilerimizin bilgileri ke\u015fke kitap olarak da elimizde olsa!&#8221; diyen karde\u015flerimizin yo\u011fun bask\u0131s\u0131 neticesinde bu \u00e7al\u0131\u015fma sizlere ula\u015ft\u0131.<\/p>","protected":false},"featured_media":20245,"template":"","meta":{"spay_email":""},"product_cat":[174],"product_tag":[],"item":[426],"acf":[],"_links":{"self":[{"href":"https:\/\/mgvpublications.com\/de\/wp-json\/wp\/v2\/product\/9675"}],"collection":[{"href":"https:\/\/mgvpublications.com\/de\/wp-json\/wp\/v2\/product"}],"about":[{"href":"https:\/\/mgvpublications.com\/de\/wp-json\/wp\/v2\/types\/product"}],"wp:featuredmedia":[{"embeddable":true,"href":"https:\/\/mgvpublications.com\/de\/wp-json\/wp\/v2\/media\/20245"}],"wp:attachment":[{"href":"https:\/\/mgvpublications.com\/de\/wp-json\/wp\/v2\/media?parent=9675"}],"wp:term":[{"taxonomy":"product_cat","embeddable":true,"href":"https:\/\/mgvpublications.com\/de\/wp-json\/wp\/v2\/product_cat?post=9675"},{"taxonomy":"product_tag","embeddable":true,"href":"https:\/\/mgvpublications.com\/de\/wp-json\/wp\/v2\/product_tag?post=9675"},{"taxonomy":"item","embeddable":true,"href":"https:\/\/mgvpublications.com\/de\/wp-json\/wp\/v2\/item?post=9675"}],"curies":[{"name":"wp","href":"https:\/\/api.w.org\/{rel}","templated":true}]}}