{"id":9653,"date":"2019-09-13T20:16:30","date_gmt":"2019-09-13T18:16:30","guid":{"rendered":"https:\/\/dev2.mgvpublications.com\/produkt\/kalp-nefs-ve-ruh\/"},"modified":"2022-03-08T22:31:54","modified_gmt":"2022-03-08T21:31:54","slug":"kalp-nefs-ve-ruh","status":"publish","type":"product","link":"https:\/\/mgvpublications.com\/de\/kalp-nefs-ve-ruh\/","title":{"rendered":"Kalp, Nefs ve Ruh"},"content":{"rendered":"<p>Yay\u0131n Tarihi\t2018-12-20<br \/>\nISBN\t6059778671<br \/>\nBask\u0131 Say\u0131s\u0131\t2. Bask\u0131<br \/>\nDil\tT\u00dcRK\u00c7E<br \/>\nSayfa Say\u0131s\u0131\t320<br \/>\nCilt Tipi\tKarton Kapak<br \/>\nKa\u011f\u0131t Cinsi\tKitap Ka\u011f\u0131d\u0131<br \/>\nBoyut\t13.5 x 21 cm<\/p>","protected":false},"excerpt":{"rendered":"<p>A\u015fk, tasavvufun \u00f6z\u00fcd\u00fcr ve a\u015fk\u0131n mek\u00e2n\u0131 kalptir.&#8221; <\/p>\n<p>Tasavvufun ele ald\u0131\u011f\u0131 en \u00f6nemli kavramlardan olan kalp, nefs ve ruh; g\u00fcn\u00fcm\u00fcz psikoloji ekollerinin en \u00f6nemlilerinden olan ben\u00f6tesi psikolojinin kurucusu Prof. Dr. Robert Frager&#8217;\u0131n kaleminden merakl\u0131s\u0131yla bulu\u015fuyor. Kalbin ar\u0131nd\u0131r\u0131lmas\u0131n\u0131, nefsin terbiye edilmesini ve ruhun tek\u00e2m\u00fcl\u00fcn\u00fc esas alarak bu \u00fc\u00e7 kavram\u0131 \u00e7e\u015fitli evliya menk\u0131beleri, hik\u00e2yeler, anekdotlar ve ilahiler e\u015fli\u011finde, birer geli\u015fim haritas\u0131 sunarak aktaran bu eser, b\u00f6l\u00fcm sonlar\u0131nda okuruna sundu\u011fu \u00e7e\u015fitli geli\u015fim egzersizleri ile de yirmi birinci y\u00fczy\u0131lda manev\u00ee a\u00e7l\u0131k i\u00e7inde bulunan ruhlara seslenmeye \u00e7al\u0131\u015f\u0131yor. <\/p>\n<p>Bir\u00e7ok m\u00fcr\u015fid-i k\u00e2milin, dervi\u015fin ve mutasavv\u0131f\u0131n \u00fczerinde en \u00e7ok durdu\u011fu kavram olan &#8220;a\u015fk&#8221; kapsam\u0131nda \u015fekillenen Kalp, Nefs ve Ruh: Tasavvuf Psikolojisinde Geli\u015fim, Denge ve Uyum, a\u015fk\u0131n ne\u015fet etti\u011fi merci olan kalbin katmanlar\u0131n\u0131, bu katmanlar\u0131n tasavvuftaki seyr \u00fc s\u00fcl\u00fbk ile a\u015f\u0131lan nefsin yedi mertebesinde hangi k\u0131s\u0131mlara tekab\u00fcl etti\u011finin der\u00fbn\u00ee boyutlar\u0131n\u0131 detayl\u0131 bir \u015fekilde ele alarak, g\u00fcn\u00fcm\u00fczde eksikli\u011fi duyulan manev\u00ee rehberli\u011fi vurguluyor. <\/p>","protected":false},"featured_media":9654,"template":"","meta":{"spay_email":""},"product_cat":[175],"product_tag":[],"item":[767],"acf":[],"_links":{"self":[{"href":"https:\/\/mgvpublications.com\/de\/wp-json\/wp\/v2\/product\/9653"}],"collection":[{"href":"https:\/\/mgvpublications.com\/de\/wp-json\/wp\/v2\/product"}],"about":[{"href":"https:\/\/mgvpublications.com\/de\/wp-json\/wp\/v2\/types\/product"}],"wp:featuredmedia":[{"embeddable":true,"href":"https:\/\/mgvpublications.com\/de\/wp-json\/wp\/v2\/media\/9654"}],"wp:attachment":[{"href":"https:\/\/mgvpublications.com\/de\/wp-json\/wp\/v2\/media?parent=9653"}],"wp:term":[{"taxonomy":"product_cat","embeddable":true,"href":"https:\/\/mgvpublications.com\/de\/wp-json\/wp\/v2\/product_cat?post=9653"},{"taxonomy":"product_tag","embeddable":true,"href":"https:\/\/mgvpublications.com\/de\/wp-json\/wp\/v2\/product_tag?post=9653"},{"taxonomy":"item","embeddable":true,"href":"https:\/\/mgvpublications.com\/de\/wp-json\/wp\/v2\/item?post=9653"}],"curies":[{"name":"wp","href":"https:\/\/api.w.org\/{rel}","templated":true}]}}