{"id":9636,"date":"2019-09-13T19:51:38","date_gmt":"2019-09-13T17:51:38","guid":{"rendered":"https:\/\/dev2.mgvpublications.com\/produkt\/guen-olur-asra-bedel\/"},"modified":"2022-03-08T22:31:51","modified_gmt":"2022-03-08T21:31:51","slug":"guen-olur-asra-bedel","status":"publish","type":"product","link":"https:\/\/mgvpublications.com\/de\/guen-olur-asra-bedel\/","title":{"rendered":"G\u00fcn Olur Asra Bedel"},"content":{"rendered":"<p>\u00c7evirmen:\tRefik \u00d6zdek<br \/>\nYay\u0131n Tarihi\t2019-05-07<br \/>\nISBN\t9754370532<br \/>\nBask\u0131 Say\u0131s\u0131\t62. Bask\u0131<br \/>\nDil\tT\u00dcRK\u00c7E<br \/>\nSayfa Say\u0131s\u0131\t413<br \/>\nCilt Tipi\tKarton Kapak<br \/>\nKa\u011f\u0131t Cinsi\t3. Hm. Ka\u011f\u0131t<br \/>\nBoyut\t12 x 19.5 cm<\/p>","protected":false},"excerpt":{"rendered":"<p>Y\u00fcrek paralayan, t\u00fcyler \u00fcrperten bir hayk\u0131r\u0131\u015f&#8230;. Ge\u00e7mi\u015f, bug\u00fcn ve yar\u0131n; bilim-kurgu, ger\u00e7ek ve efsane bir arada g\u00f6zler \u00f6n\u00fcne serilir&#8230; Derin ve temiz a\u015fklar, efsane ve masallar, KGB&#8217;nin ac\u0131mas\u0131z uygulamalar\u0131, okuru heyecandan heyecana s\u00fcr\u00fckler. Birbirinden ilgin\u00e7 ve s\u00fcr\u00fckleyici konular ustal\u0131kla b\u00fct\u00fcnle\u015ftirilerek sunulur. &#8220;Mankurt hik\u00e2yesi bu eserle k\u00fclt\u00fcr\u00fcm\u00fcze mal edilir. Yedigey, \u00f6len emektar arkada\u015f\u0131 Kazangap&#8217;\u0131n cenazesini mezar\u0131na g\u00f6t\u00fcr\u00fcrken, kendisinin ve milletinin ge\u00e7mi\u015fini, ac\u0131-tatl\u0131, d\u00fc\u015f\u00fcnd\u00fcr\u00fcc\u00fc yanlar\u0131yla bir bir g\u00f6zlerinin \u00f6n\u00fcnden ge\u00e7irir. O g\u00fcn &#8220;asra bedel bir g\u00fcn olur.<\/p>","protected":false},"featured_media":9637,"template":"","meta":{"spay_email":""},"product_cat":[168],"product_tag":[],"item":[719],"acf":[],"_links":{"self":[{"href":"https:\/\/mgvpublications.com\/de\/wp-json\/wp\/v2\/product\/9636"}],"collection":[{"href":"https:\/\/mgvpublications.com\/de\/wp-json\/wp\/v2\/product"}],"about":[{"href":"https:\/\/mgvpublications.com\/de\/wp-json\/wp\/v2\/types\/product"}],"wp:featuredmedia":[{"embeddable":true,"href":"https:\/\/mgvpublications.com\/de\/wp-json\/wp\/v2\/media\/9637"}],"wp:attachment":[{"href":"https:\/\/mgvpublications.com\/de\/wp-json\/wp\/v2\/media?parent=9636"}],"wp:term":[{"taxonomy":"product_cat","embeddable":true,"href":"https:\/\/mgvpublications.com\/de\/wp-json\/wp\/v2\/product_cat?post=9636"},{"taxonomy":"product_tag","embeddable":true,"href":"https:\/\/mgvpublications.com\/de\/wp-json\/wp\/v2\/product_tag?post=9636"},{"taxonomy":"item","embeddable":true,"href":"https:\/\/mgvpublications.com\/de\/wp-json\/wp\/v2\/item?post=9636"}],"curies":[{"name":"wp","href":"https:\/\/api.w.org\/{rel}","templated":true}]}}