{"id":9634,"date":"2019-09-13T19:49:12","date_gmt":"2019-09-13T17:49:12","guid":{"rendered":"https:\/\/dev2.mgvpublications.com\/produkt\/toprak-ana\/"},"modified":"2022-03-08T22:31:50","modified_gmt":"2022-03-08T21:31:50","slug":"toprak-ana","status":"publish","type":"product","link":"https:\/\/mgvpublications.com\/de\/toprak-ana\/","title":{"rendered":"Toprak Ana"},"content":{"rendered":"<p>\u00c7evirmen:\tRefik \u00d6zdek<br \/>\nYay\u0131n Tarihi\t2019-07-08<br \/>\nISBN\t9754371547<br \/>\nBask\u0131 Say\u0131s\u0131\t51. Bask\u0131<br \/>\nDil\tT\u00dcRK\u00c7E<br \/>\nSayfa Say\u0131s\u0131\t136<br \/>\nCilt Tipi\tKarton Kapak<br \/>\nKa\u011f\u0131t Cinsi\tKitap Ka\u011f\u0131d\u0131<br \/>\nBoyut\t12 x 19.5 cm<\/p>","protected":false},"excerpt":{"rendered":"<p>Erkekleri askere al\u0131nan k\u00f6ylerde geride kalanlar\u0131n \u00e7ekti\u011fi s\u0131k\u0131nt\u0131lar etkileyici bir \u00fcslupla anlat\u0131l\u0131r. Eldeki yetersiz yiyece\u011fin muhta\u00e7 olandan ba\u015flanarak da\u011f\u0131t\u0131lmas\u0131, d\u00f6rt g\u00f6zle beklenen hasat zamanlar\u0131, umutlar\u0131n hasat zaman\u0131na ertelenmesi, sava\u015f y\u00fcz\u00fcnden \u00fcr\u00fcn\u00fcn hemen hepsinin merkezden istenmesi, bo\u015fa \u00e7\u0131kan umutlar, yine a\u00e7l\u0131k, sefalet, bir yandan cepheden gelen \u00f6l\u00fcm haberleri, umutsuz bekleyi\u015fler, sava\u015f\u0131n uzun s\u00fcrmesi \u00fczerine a\u015fa\u011f\u0131 \u00e7ekilen cepheye \u00e7a\u011fr\u0131lma ya\u015f\u0131, yine gidenler, ayr\u0131l\u0131klar, g\u00f6zya\u015flar\u0131&#8230; Yani tek kelimeyle ve b\u00fct\u00fcn zulmetiyle; sava\u015f.<\/p>","protected":false},"featured_media":9635,"template":"","meta":{"spay_email":""},"product_cat":[168],"product_tag":[],"item":[719],"acf":[],"_links":{"self":[{"href":"https:\/\/mgvpublications.com\/de\/wp-json\/wp\/v2\/product\/9634"}],"collection":[{"href":"https:\/\/mgvpublications.com\/de\/wp-json\/wp\/v2\/product"}],"about":[{"href":"https:\/\/mgvpublications.com\/de\/wp-json\/wp\/v2\/types\/product"}],"wp:featuredmedia":[{"embeddable":true,"href":"https:\/\/mgvpublications.com\/de\/wp-json\/wp\/v2\/media\/9635"}],"wp:attachment":[{"href":"https:\/\/mgvpublications.com\/de\/wp-json\/wp\/v2\/media?parent=9634"}],"wp:term":[{"taxonomy":"product_cat","embeddable":true,"href":"https:\/\/mgvpublications.com\/de\/wp-json\/wp\/v2\/product_cat?post=9634"},{"taxonomy":"product_tag","embeddable":true,"href":"https:\/\/mgvpublications.com\/de\/wp-json\/wp\/v2\/product_tag?post=9634"},{"taxonomy":"item","embeddable":true,"href":"https:\/\/mgvpublications.com\/de\/wp-json\/wp\/v2\/item?post=9634"}],"curies":[{"name":"wp","href":"https:\/\/api.w.org\/{rel}","templated":true}]}}