{"id":9624,"date":"2019-09-13T19:32:12","date_gmt":"2019-09-13T17:32:12","guid":{"rendered":"https:\/\/dev2.mgvpublications.com\/produkt\/iyi-gida-koetue-gida\/"},"modified":"2022-03-08T22:31:50","modified_gmt":"2022-03-08T21:31:50","slug":"iyi-gida-koetue-gida","status":"publish","type":"product","link":"https:\/\/mgvpublications.com\/de\/iyi-gida-koetue-gida\/","title":{"rendered":"\u0130yi G\u0131da K\u00f6t\u00fc G\u0131da"},"content":{"rendered":"<p>Yay\u0131n Tarihi\t2019-05-08<br \/>\nISBN\t6059841726<br \/>\nBask\u0131 Say\u0131s\u0131\t2. Bask\u0131<br \/>\nDil\tT\u00dcRK\u00c7E<br \/>\nSayfa Say\u0131s\u0131\t232<br \/>\nCilt Tipi\tKarton Kapak<br \/>\nKa\u011f\u0131t Cinsi\tKitap Ka\u011f\u0131d\u0131<br \/>\nBoyut\t15.5 x 23 cm<\/p>","protected":false},"excerpt":{"rendered":"<p>Nefsinin, neslinin, ailesinin ve sevdiklerinin s\u0131hhatini d\u00fc\u015f\u00fcnen hemen herkesin derdi ayn\u0131: Tamam! Hepimiz g\u0131dan\u0131n iyisini, temizini istiyoruz! Peki, iyiyi nas\u0131l anlayaca\u011f\u0131z, k\u00f6t\u00fcy\u00fc nas\u0131l ay\u0131rt edece\u011fiz? Dahas\u0131 iyi g\u0131da ne demek, hangi k\u0131staslar g\u0131day\u0131 iyi yapar? \u0130yi g\u0131day\u0131 nereden bulaca\u011f\u0131z?<br \/>\nKemal \u00d6zer tam da bu sorulara cevap veriyor. Hazc\u0131l\u0131ktan uzak bir mutfakta olmas\u0131 gereken temel g\u0131dalar\u0131n iyisini ve k\u00f6t\u00fcs\u00fcn\u00fc anlat\u0131yor. Bunu yaparken \u00f6ncelikli rehberi, bizi a\u00e7\u0131k a\u00e7\u0131k uyaran Kur&#8217;an ayetleri; sonra g\u0131dalar\u0131n f\u0131trat\u0131yla oynanmadan yap\u0131lan geleneksel ziraat\u0131n o kadim g\u00fczelli\u011fi. Ve y\u0131llard\u0131r Sa\u011fl\u0131k ve G\u0131da G\u00fcvenli\u011fi Hareketi Ba\u015fkan\u0131 olmas\u0131 nedeniyle edindi\u011fi engin tecr\u00fcbe&#8230;<br \/>\n\u0130\u015fte ekmekten ete, kefirden peynire, tereya\u011f\u0131ndan margarine, meyve-sebzelerden tavu\u011fa, s\u00fct ve mayadan baharatlara uzanan tertemiz bir yolculuk.<br \/>\n\u0130\u015fte T\u00fcrkiye&#8217;nin ilk \u0130yi G\u0131da-K\u00f6t\u00fc G\u0131da K\u0131lavuzu!<\/p>","protected":false},"featured_media":9625,"template":"","meta":{"spay_email":""},"product_cat":[180],"product_tag":[],"item":[685],"acf":[],"_links":{"self":[{"href":"https:\/\/mgvpublications.com\/de\/wp-json\/wp\/v2\/product\/9624"}],"collection":[{"href":"https:\/\/mgvpublications.com\/de\/wp-json\/wp\/v2\/product"}],"about":[{"href":"https:\/\/mgvpublications.com\/de\/wp-json\/wp\/v2\/types\/product"}],"wp:featuredmedia":[{"embeddable":true,"href":"https:\/\/mgvpublications.com\/de\/wp-json\/wp\/v2\/media\/9625"}],"wp:attachment":[{"href":"https:\/\/mgvpublications.com\/de\/wp-json\/wp\/v2\/media?parent=9624"}],"wp:term":[{"taxonomy":"product_cat","embeddable":true,"href":"https:\/\/mgvpublications.com\/de\/wp-json\/wp\/v2\/product_cat?post=9624"},{"taxonomy":"product_tag","embeddable":true,"href":"https:\/\/mgvpublications.com\/de\/wp-json\/wp\/v2\/product_tag?post=9624"},{"taxonomy":"item","embeddable":true,"href":"https:\/\/mgvpublications.com\/de\/wp-json\/wp\/v2\/item?post=9624"}],"curies":[{"name":"wp","href":"https:\/\/api.w.org\/{rel}","templated":true}]}}