{"id":9622,"date":"2019-09-13T19:29:08","date_gmt":"2019-09-13T17:29:08","guid":{"rendered":"https:\/\/dev2.mgvpublications.com\/produkt\/sol-ayagim\/"},"modified":"2022-03-08T22:31:49","modified_gmt":"2022-03-08T21:31:49","slug":"sol-ayagim","status":"publish","type":"product","link":"https:\/\/mgvpublications.com\/de\/sol-ayagim\/","title":{"rendered":"Sol Aya\u011f\u0131m"},"content":{"rendered":"<p>\u00c7evirmen:\tFiliz Kahraman<br \/>\nYay\u0131n Tarihi\t2017-08-25<br \/>\nISBN\t9752473218<br \/>\nBask\u0131 Say\u0131s\u0131\t1. Bask\u0131<br \/>\nDil\tT\u00dcRK\u00c7E<br \/>\nSayfa Say\u0131s\u0131\t192<br \/>\nCilt Tipi\tKarton Kapak<br \/>\nKa\u011f\u0131t Cinsi\tKitap Ka\u011f\u0131d\u0131<br \/>\nBoyut\t13.5 x 19.5 cm <\/p>","protected":false},"excerpt":{"rendered":"<p>Do\u011fu\u015ftan beyin fel\u00e7li olan Christy Brown, konu\u015fmas\u0131n\u0131 ve hareketlerini kontrol edemiyordu. Ama zek\u00e2s\u0131 ve cesareti onun okuma ve yazmay\u0131, resim yapmay\u0131 ve daktilo kullanmay\u0131 \u00f6\u011frenebilmesini, hatta bu kitab\u0131 yazabilmesini sa\u011flad\u0131.<br \/>\nChristy Brown, kendi ya\u015fam \u00f6yk\u00fcs\u00fcn\u00fc kaleme ald\u0131\u011f\u0131 bu kitab\u0131nda b\u00fct\u00fcn bunlar\u0131 \u00f6\u011frenebilmek i\u00e7in sol aya\u011f\u0131n\u0131 kullanarak nas\u0131l b\u00fcy\u00fck bir m\u00fccadele verdi\u011fini ve hayata nas\u0131l tutundu\u011funu anlat\u0131yor.<br \/>\nYazar\u0131n, bu kitab\u0131n devam\u0131 niteli\u011finde say\u0131labilecek \u201cHer G\u00fcn H\u00fcz\u00fcn\u201d adl\u0131 ba\u015fka bir kitab\u0131 daha bulunuyor.<br \/>\nSol Aya\u011f\u0131m, Christy Brown\u2019\u0131 Daniel Day-Lewis\u2019in canland\u0131rd\u0131\u011f\u0131 ayn\u0131 adl\u0131, \u00e7ok ba\u015far\u0131l\u0131 bir filmle beyaz perdeye de uyarlanm\u0131\u015ft\u0131r.<\/p>","protected":false},"featured_media":9623,"template":"","meta":{"spay_email":""},"product_cat":[168],"product_tag":[],"item":[759],"acf":[],"_links":{"self":[{"href":"https:\/\/mgvpublications.com\/de\/wp-json\/wp\/v2\/product\/9622"}],"collection":[{"href":"https:\/\/mgvpublications.com\/de\/wp-json\/wp\/v2\/product"}],"about":[{"href":"https:\/\/mgvpublications.com\/de\/wp-json\/wp\/v2\/types\/product"}],"wp:featuredmedia":[{"embeddable":true,"href":"https:\/\/mgvpublications.com\/de\/wp-json\/wp\/v2\/media\/9623"}],"wp:attachment":[{"href":"https:\/\/mgvpublications.com\/de\/wp-json\/wp\/v2\/media?parent=9622"}],"wp:term":[{"taxonomy":"product_cat","embeddable":true,"href":"https:\/\/mgvpublications.com\/de\/wp-json\/wp\/v2\/product_cat?post=9622"},{"taxonomy":"product_tag","embeddable":true,"href":"https:\/\/mgvpublications.com\/de\/wp-json\/wp\/v2\/product_tag?post=9622"},{"taxonomy":"item","embeddable":true,"href":"https:\/\/mgvpublications.com\/de\/wp-json\/wp\/v2\/item?post=9622"}],"curies":[{"name":"wp","href":"https:\/\/api.w.org\/{rel}","templated":true}]}}