{"id":9612,"date":"2019-09-13T18:59:39","date_gmt":"2019-09-13T16:59:39","guid":{"rendered":"https:\/\/dev2.mgvpublications.com\/produkt\/seyahatname\/"},"modified":"2022-03-08T22:31:48","modified_gmt":"2022-03-08T21:31:48","slug":"seyahatname","status":"publish","type":"product","link":"https:\/\/mgvpublications.com\/de\/seyahatname\/","title":{"rendered":"Seyahatname"},"content":{"rendered":"<p>\u00c7evirmen:\tLeyla Tongu\u00e7 Basmac\u0131<br \/>\nYay\u0131n Tarihi\t2019-06-24<br \/>\nISBN\t6051717746<br \/>\nBask\u0131 Say\u0131s\u0131\t2. Bask\u0131<br \/>\nDil\tT\u00dcRK\u00c7E<br \/>\nSayfa Say\u0131s\u0131\t372<br \/>\nCilt Tipi\tCiltli<br \/>\nKa\u011f\u0131t Cinsi\tKitap Ka\u011f\u0131d\u0131<br \/>\nBoyut\t14 x 21 cm<\/p>","protected":false},"excerpt":{"rendered":"<p>Venedikli Marco Polo\u2019nun XIII. y\u00fczy\u0131lda yapt\u0131\u011f\u0131 do\u011fu yolculuklar\u0131na dair verdi\u011fi ayr\u0131cal\u0131kl\u0131 ve ayr\u0131nt\u0131l\u0131 bilgiler bat\u0131 d\u00fcnyas\u0131 i\u00e7in bir k\u0131lavuz niteli\u011findedir. \u0130pek Yolu\u2019nu izleyerek \u0130ran, Irak, Hindistan ve \u00c7in\u2019e gider ve izlenimlerini muhte\u015fem tasvirleriyle aktar\u0131r. Seyahatname zaman\u0131n\u0131n \u00e7ok \u00f6tesinde bir \u00f6neme sahiptir. Seyahatnamesinde g\u00f6rd\u00fc\u011f\u00fc yerlerin co\u011frafi, idari ve ekonomik \u00f6zelliklerini anlat\u0131r. G\u00fcn\u00fcm\u00fczde h\u00e2l\u00e2 ge\u00e7erlili\u011fini koruyan bilgiler, Polo\u2019nun anlat\u0131m\u0131yla okuyucular\u0131 unutulmaz bir yolculu\u011fa \u00e7\u0131kar\u0131r. <\/p>","protected":false},"featured_media":9613,"template":"","meta":{"spay_email":""},"product_cat":[167],"product_tag":[],"item":[748],"acf":[],"_links":{"self":[{"href":"https:\/\/mgvpublications.com\/de\/wp-json\/wp\/v2\/product\/9612"}],"collection":[{"href":"https:\/\/mgvpublications.com\/de\/wp-json\/wp\/v2\/product"}],"about":[{"href":"https:\/\/mgvpublications.com\/de\/wp-json\/wp\/v2\/types\/product"}],"wp:featuredmedia":[{"embeddable":true,"href":"https:\/\/mgvpublications.com\/de\/wp-json\/wp\/v2\/media\/9613"}],"wp:attachment":[{"href":"https:\/\/mgvpublications.com\/de\/wp-json\/wp\/v2\/media?parent=9612"}],"wp:term":[{"taxonomy":"product_cat","embeddable":true,"href":"https:\/\/mgvpublications.com\/de\/wp-json\/wp\/v2\/product_cat?post=9612"},{"taxonomy":"product_tag","embeddable":true,"href":"https:\/\/mgvpublications.com\/de\/wp-json\/wp\/v2\/product_tag?post=9612"},{"taxonomy":"item","embeddable":true,"href":"https:\/\/mgvpublications.com\/de\/wp-json\/wp\/v2\/item?post=9612"}],"curies":[{"name":"wp","href":"https:\/\/api.w.org\/{rel}","templated":true}]}}