{"id":9604,"date":"2019-09-13T18:42:22","date_gmt":"2019-09-13T16:42:22","guid":{"rendered":"https:\/\/dev2.mgvpublications.com\/produkt\/notre-damein-kamburu\/"},"modified":"2022-03-08T22:31:48","modified_gmt":"2022-03-08T21:31:48","slug":"notre-damein-kamburu","status":"publish","type":"product","link":"https:\/\/mgvpublications.com\/de\/notre-damein-kamburu\/","title":{"rendered":"Notre-Dame\u2019\u0131n Kamburu"},"content":{"rendered":"<p>\u00c7evirmen:\tDr. \u0130smet Birkan<br \/>\nYay\u0131n Tarihi\t2019-07-25<br \/>\nISBN\t9750739576<br \/>\nBask\u0131 Say\u0131s\u0131\t11. Bask\u0131<br \/>\nDil\tT\u00dcRK\u00c7E<br \/>\nSayfa Say\u0131s\u0131\t656<br \/>\nCilt Tipi\tKarton Kapak<br \/>\nKa\u011f\u0131t Cinsi\tKitap Ka\u011f\u0131d\u0131<br \/>\nBoyut\t12.5 x 19.5 cm<\/p>","protected":false},"excerpt":{"rendered":"<p>Quasimodo\u201d Paskalya\u2019dan sonraki ilk pazara verilen add\u0131r asl\u0131nda. XX. y\u00fczy\u0131l Paris\u2019inde Notre-Dame Kilisesi\u2019nin \u00f6n avlusundaki kerevete, kimsesiz bebekler b\u0131rak\u0131l\u0131rd\u0131. Ba\u015fdiyakoz Frollo, b\u00f6yle bir g\u00fcnde buldu\u011fu sakat bebe\u011fi himayesine al\u0131r ve ona Quasimodo ad\u0131n\u0131 verir. Onu b\u00fcy\u00fct\u00fcr ve kilisenin zangocu yapar; ancak \u00e7an\u0131n sesi alt\u0131n kalpli Quasimodo\u2019nun giderek sa\u011f\u0131r olmas\u0131na yol a\u00e7ar. Ne var ki, Quasimodo\u2019nun koruyucusu kabul edip b\u00fcy\u00fck sevgi ve ba\u011fl\u0131l\u0131k duyarak b\u00fcy\u00fcd\u00fc\u011f\u00fc ba\u015fdiyakoz, karanl\u0131k i\u00e7 d\u00fcnyas\u0131na hapsolmu\u015f, dizginleyemedi\u011fi nefretinin pen\u00e7esinde k\u0131vranan biridir.<br \/>\nVictor Hugo, olaylar\u0131 ince ince \u00f6rd\u00fc\u011f\u00fc Notre-Dame\u2019\u0131n Kamburu adl\u0131 \u00fcnl\u00fc eserinde, insan hayat\u0131nda kaderin yerini sorgulam\u0131\u015f, kaleme al\u0131nd\u0131\u011f\u0131ndan bu yana bir\u00e7ok sanat eserine, \u00f6zellikle de filmlere esin kayna\u011f\u0131 olan muhte\u015fem bir roman \u00e7\u0131karm\u0131\u015ft\u0131r ortaya.<br \/>\nNotre-Dame\u2019\u0131n Kamburu ayn\u0131 zamanda Paris kentinin roman\u0131d\u0131r. Hugo, \u015fehrin o d\u00f6nemini t\u00fcm ayr\u0131nt\u0131lar\u0131yla, Frans\u0131z dilinin t\u00fcm zenginli\u011fini kullanarak aktarm\u0131\u015f, Paris\u2019in di\u011fer karakterlerden rol \u00e7almas\u0131na yol a\u00e7m\u0131\u015ft\u0131r.<\/p>","protected":false},"featured_media":9605,"template":"","meta":{"spay_email":""},"product_cat":[167],"product_tag":[],"item":[369],"acf":[],"_links":{"self":[{"href":"https:\/\/mgvpublications.com\/de\/wp-json\/wp\/v2\/product\/9604"}],"collection":[{"href":"https:\/\/mgvpublications.com\/de\/wp-json\/wp\/v2\/product"}],"about":[{"href":"https:\/\/mgvpublications.com\/de\/wp-json\/wp\/v2\/types\/product"}],"wp:featuredmedia":[{"embeddable":true,"href":"https:\/\/mgvpublications.com\/de\/wp-json\/wp\/v2\/media\/9605"}],"wp:attachment":[{"href":"https:\/\/mgvpublications.com\/de\/wp-json\/wp\/v2\/media?parent=9604"}],"wp:term":[{"taxonomy":"product_cat","embeddable":true,"href":"https:\/\/mgvpublications.com\/de\/wp-json\/wp\/v2\/product_cat?post=9604"},{"taxonomy":"product_tag","embeddable":true,"href":"https:\/\/mgvpublications.com\/de\/wp-json\/wp\/v2\/product_tag?post=9604"},{"taxonomy":"item","embeddable":true,"href":"https:\/\/mgvpublications.com\/de\/wp-json\/wp\/v2\/item?post=9604"}],"curies":[{"name":"wp","href":"https:\/\/api.w.org\/{rel}","templated":true}]}}