{"id":9599,"date":"2019-09-13T18:30:39","date_gmt":"2019-09-13T16:30:39","guid":{"rendered":"https:\/\/dev2.mgvpublications.com\/produkt\/sevmek-bu-kadar-guezelken\/"},"modified":"2022-03-08T22:31:48","modified_gmt":"2022-03-08T21:31:48","slug":"sevmek-bu-kadar-guezelken","status":"publish","type":"product","link":"https:\/\/mgvpublications.com\/de\/sevmek-bu-kadar-guezelken\/","title":{"rendered":"Sevmek Bu Kadar G\u00fczelken"},"content":{"rendered":"<p>Yay\u0131n Tarihi\t2018-01-16<br \/>\nISBN\t6056780370<br \/>\nBask\u0131 Say\u0131s\u0131\t1. Bask\u0131<br \/>\nDil\tT\u00dcRK\u00c7E<br \/>\nSayfa Say\u0131s\u0131\t176<br \/>\nCilt Tipi\tKarton Kapak<br \/>\nKa\u011f\u0131t Cinsi\tKitap Ka\u011f\u0131d\u0131<br \/>\nBoyut\t13.5 x 21 cm<\/p>","protected":false},"excerpt":{"rendered":"<p>Bir erkek kar\u0131s\u0131na bakt\u0131\u011f\u0131, kar\u0131s\u0131 da kendine bakt\u0131\u011f\u0131 vakit Allah her ikisine rahmet nazar\u0131 ile bakar ve erkek kar\u0131s\u0131n\u0131n elini tuttu\u011fu zaman her ikisinin g\u00fcnahlar\u0131 parmaklar\u0131 aras\u0131ndan d\u00f6k\u00fcl\u00fcp gider.&#8221;<br \/>\nHz. Muhammed (s.a.v)<\/p>\n<p>\u201cSevgi\u201d Allah\u2019\u0131n kullar\u0131na en b\u00fcy\u00fck ikram\u0131d\u0131r.<br \/>\nSevmek ibadettir.<br \/>\nSevgi verdik\u00e7e i\u00e7imizde \u00e7o\u011falan b\u00fcy\u00fck bir enerjidir.<br \/>\n&#8220;Ved\u00fbd&#8221; olan seven ve \u00e7ok sevilen Rabb&#8217;imiz, sevgiyi \u00e7ok tatl\u0131 yaratm\u0131\u015f.<br \/>\nPeki sevmek bu kadar g\u00fczelken bu k\u0131zg\u0131nl\u0131k, bu nefret, bu kavgalar niye?<br \/>\nSeviyoruz hatta \u00e7ok seviyoruz fakat ya\u015fatam\u0131yoruz sevgilerimizi.<br \/>\nSevgiyi ya\u015fatmak i\u00e7in Rabb\u2019imizin ve Res\u00fbl\u2019\u00fcn\u00fcn yol g\u00f6stericili\u011fine ihtiyac\u0131m\u0131z var.<br \/>\n\u0130nsan\u0131, Yaradan&#8217;\u0131ndan daha iyi kim bilebilir ki?<br \/>\nErkek ve kad\u0131n\u0131n, birbiri hakk\u0131nda bilmesi gerekenler&#8230;<br \/>\nEn sa\u011flam kaynaklar\u0131n \u0131\u015f\u0131\u011f\u0131nda&#8230; Sevginiz daim olsun diye&#8230;<\/p>","protected":false},"featured_media":9600,"template":"","meta":{"spay_email":""},"product_cat":[171],"product_tag":[],"item":[704],"acf":[],"_links":{"self":[{"href":"https:\/\/mgvpublications.com\/de\/wp-json\/wp\/v2\/product\/9599"}],"collection":[{"href":"https:\/\/mgvpublications.com\/de\/wp-json\/wp\/v2\/product"}],"about":[{"href":"https:\/\/mgvpublications.com\/de\/wp-json\/wp\/v2\/types\/product"}],"wp:featuredmedia":[{"embeddable":true,"href":"https:\/\/mgvpublications.com\/de\/wp-json\/wp\/v2\/media\/9600"}],"wp:attachment":[{"href":"https:\/\/mgvpublications.com\/de\/wp-json\/wp\/v2\/media?parent=9599"}],"wp:term":[{"taxonomy":"product_cat","embeddable":true,"href":"https:\/\/mgvpublications.com\/de\/wp-json\/wp\/v2\/product_cat?post=9599"},{"taxonomy":"product_tag","embeddable":true,"href":"https:\/\/mgvpublications.com\/de\/wp-json\/wp\/v2\/product_tag?post=9599"},{"taxonomy":"item","embeddable":true,"href":"https:\/\/mgvpublications.com\/de\/wp-json\/wp\/v2\/item?post=9599"}],"curies":[{"name":"wp","href":"https:\/\/api.w.org\/{rel}","templated":true}]}}