{"id":9597,"date":"2019-09-13T18:28:38","date_gmt":"2019-09-13T16:28:38","guid":{"rendered":"https:\/\/dev2.mgvpublications.com\/produkt\/tatliya-baglayalim\/"},"modified":"2022-03-08T22:31:48","modified_gmt":"2022-03-08T21:31:48","slug":"tatliya-baglayalim","status":"publish","type":"product","link":"https:\/\/mgvpublications.com\/de\/tatliya-baglayalim\/","title":{"rendered":"Tatl\u0131ya Ba\u011flayal\u0131m"},"content":{"rendered":"<p>Yay\u0131n Tarihi\t2018-01-16<br \/>\nISBN\t6056780387<br \/>\nBask\u0131 Say\u0131s\u0131\t1. Bask\u0131<br \/>\nDil\tT\u00dcRK\u00c7E<br \/>\nSayfa Say\u0131s\u0131\t224<br \/>\nCilt Tipi\tKarton Kapak<br \/>\nKa\u011f\u0131t Cinsi\tKitap Ka\u011f\u0131d\u0131<br \/>\nBoyut\t13.5 x 21 cm<\/p>","protected":false},"excerpt":{"rendered":"<p>Bu kitapta; e\u015finizi, kay\u0131nvalidenizi, gelininizi, damad\u0131n\u0131z\u0131, \u00e7ocuklar\u0131n\u0131z\u0131, annenizi, baban\u0131z\u0131, b\u00fcy\u00fckannenizi&#8230; g\u00f6receksiniz.<br \/>\nAile ba\u011flar\u0131n\u0131 g\u00fc\u00e7lendirmenin, e\u015flerin her ikisinin de zararl\u0131 \u00e7\u0131kt\u0131\u011f\u0131 hesaplar\u0131 kapatman\u0131n, yepyeni muhabbetler ba\u015flatman\u0131n, aile hayat\u0131na canl\u0131 renkler katman\u0131n, ya\u015fama sevincini her dakika tatman\u0131n, can s\u0131k\u0131c\u0131 g\u00fcnleri unutman\u0131n, evlili\u011fi ayakta ve zinde tutman\u0131n s\u0131rlar\u0131n\u0131 bulacaks\u0131n\u0131z.<br \/>\nHer hik\u00e2ye bir \u015fifa kitab\u0131n\u0131n sat\u0131rlar\u0131 gibi&#8230;<\/p>","protected":false},"featured_media":9598,"template":"","meta":{"spay_email":""},"product_cat":[171],"product_tag":[],"item":[704],"acf":[],"_links":{"self":[{"href":"https:\/\/mgvpublications.com\/de\/wp-json\/wp\/v2\/product\/9597"}],"collection":[{"href":"https:\/\/mgvpublications.com\/de\/wp-json\/wp\/v2\/product"}],"about":[{"href":"https:\/\/mgvpublications.com\/de\/wp-json\/wp\/v2\/types\/product"}],"wp:featuredmedia":[{"embeddable":true,"href":"https:\/\/mgvpublications.com\/de\/wp-json\/wp\/v2\/media\/9598"}],"wp:attachment":[{"href":"https:\/\/mgvpublications.com\/de\/wp-json\/wp\/v2\/media?parent=9597"}],"wp:term":[{"taxonomy":"product_cat","embeddable":true,"href":"https:\/\/mgvpublications.com\/de\/wp-json\/wp\/v2\/product_cat?post=9597"},{"taxonomy":"product_tag","embeddable":true,"href":"https:\/\/mgvpublications.com\/de\/wp-json\/wp\/v2\/product_tag?post=9597"},{"taxonomy":"item","embeddable":true,"href":"https:\/\/mgvpublications.com\/de\/wp-json\/wp\/v2\/item?post=9597"}],"curies":[{"name":"wp","href":"https:\/\/api.w.org\/{rel}","templated":true}]}}