{"id":9592,"date":"2019-09-13T18:20:43","date_gmt":"2019-09-13T16:20:43","guid":{"rendered":"https:\/\/dev2.mgvpublications.com\/produkt\/nomisma-bagimsiz-ve-milli-para-sistemi-gelecegin-para-duezeni\/"},"modified":"2022-03-08T22:31:48","modified_gmt":"2022-03-08T21:31:48","slug":"nomisma-bagimsiz-ve-milli-para-sistemi-gelecegin-para-duezeni","status":"publish","type":"product","link":"https:\/\/mgvpublications.com\/de\/nomisma-bagimsiz-ve-milli-para-sistemi-gelecegin-para-duezeni\/","title":{"rendered":"Nomisma Ba\u011f\u0131ms\u0131z ve Milli Para Sistemi Gelece\u011fin Para D\u00fczeni"},"content":{"rendered":"<p>Yay\u0131n Tarihi\t2019-01-03<br \/>\nISBN\t6051718989<br \/>\nBask\u0131 Say\u0131s\u0131\t1. Bask\u0131<br \/>\nDil\tT\u00dcRK\u00c7E<br \/>\nSayfa Say\u0131s\u0131\t460<br \/>\nCilt Tipi\tKarton Kapak<br \/>\nKa\u011f\u0131t Cinsi\tKitap Ka\u011f\u0131d\u0131<br \/>\nBoyut\t13.5 x 19.5 cm<\/p>","protected":false},"excerpt":{"rendered":"<p> Piyasada gerek nakdi olarak kulland\u00c4\u00b1\u00c4\u009f\u00c4\u00b1m\u00c4\u00b1z gerekse elektronik ortamda banka hesaplar\u00c4\u00b1nda tuttu\u00c4\u009fumuz paran\u00c4\u00b1n tamam\u00c4\u00b1 Merkez Bankalar\u00c4\u00b1 taraf\u00c4\u00b1ndan tedav\u00c3\u00bcle \u00c3\u00a7\u00c4\u00b1kar\u00c4\u00b1lmam\u00c4\u00b1\u00c5\u009f, yani \u00c3\u00bcretilmemi\u00c5\u009ftir. Bu ger\u00c3\u00a7e\u00c4\u009fe inanabiliyor musunuz?<br \/>\n&#8211; C\u00c3\u00bczdan\u00c4\u00b1m\u00c4\u00b1zda veya banka elektronik hesaplar\u00c4\u00b1m\u00c4\u00b1zda tuttu\u00c4\u009fumuz param\u00c4\u00b1z\u00c4\u00b1n neredeyse \u0085-90\u00e2\u0080\u0099\u00c4\u00b1n\u00c4\u00b1n, k\u00c3\u00a2r amac\u00c4\u00b1 g\u00c3\u00bcden ticari bankalar taraf\u00c4\u00b1ndan \u00c3\u00bcretilip tedav\u00c3\u00bcle \u00c3\u00a7\u00c4\u00b1kar\u00c4\u00b1ld\u00c4\u00b1\u00c4\u009f\u00c4\u00b1n\u00c4\u00b1, yani varsay\u00c4\u00b1ld\u00c4\u00b1\u00c4\u009f\u00c4\u00b1 gibi, Merkez Bankalar\u00c4\u00b1 taraf\u00c4\u00b1ndan \u00c3\u00bcretilip tedav\u00c3\u00bcle \u00c3\u00a7\u00c4\u00b1kar\u00c4\u00b1lmad\u00c4\u00b1\u00c4\u009f\u00c4\u00b1n\u00c4\u00b1, biliyor musunuz?<br \/>\n&#8211; Ticari bankalar\u00c4\u00b1n para \u00c3\u00bcretmeye y\u00c3\u00b6nelik bu ayr\u00c4\u00b1cal\u00c4\u00b1kl\u00c4\u00b1 ve imtiyazl\u00c4\u00b1 stat\u00c3\u00bcs\u00c3\u00bcn\u00c3\u00bcn bir\u00c3\u00a7ok \u00c3\u00bclkede yasalarla net bir \u00c5\u009fekilde d\u00c3\u00bczenlenmemi\u00c5\u009f oldu\u00c4\u009funu biliyor musunuz?<br \/>\n&#8211; Para sisteminde yap\u00c4\u00b1labilecek birka\u00c3\u00a7 d\u00c3\u00bczeltmeyle birlikte, bankalar batsa dahi, bankalarda yatan paralar\u00c4\u00b1n\u00c4\u00b1z\u00c4\u00b1n batmayaca\u00c4\u009f\u00c4\u00b1 bir para ve bankac\u00c4\u00b1l\u00c4\u00b1k sistemi istemez misiniz?<br \/>\n&#8211; Banka iflaslar\u00c4\u00b1yla ve mali krizlerle sars\u00c4\u00b1lmayan bir para ve bankac\u00c4\u00b1l\u00c4\u00b1k sistemi olmas\u00c4\u00b1n\u00c4\u00b1 ister misiniz?<br \/>\n&#8211; G\u00c3\u00bcn\u00c3\u00bcm\u00c3\u00bcz para sisteminde yap\u00c4\u00b1labilecek birka\u00c3\u00a7 d\u00c3\u00bczeltmeyle birka\u00c3\u00a7 y\u00c4\u00b1l i\u00c3\u00a7erisinde devlet ve kamu bor\u00c3\u00a7lar\u00c4\u00b1n\u00c4\u00b1n \u0080 oran\u00c4\u00b1nda geri \u00c3\u00b6denebilece\u00c4\u009fini ve b\u00c3\u00b6ylelikle devletlerin vergilerde dahi indirime gidebileceklerini ve halk\u00c4\u00b1n zenginle\u00c5\u009febilece\u00c4\u009fini biliyor musunuz?<br \/>\n\u00c4\u00b0\u00c5\u009fte t\u00c3\u00bcm bu ve benzeri avantajlar\u00c4\u00b1 BA\u00c4\u009eIMSIZ ve M\u00c4\u00b0LL\u00c4\u00b0 PARA S\u00c4\u00b0STEM\u00c4\u00b0 sunmaktad\u00c4\u00b1r.<\/p>","protected":false},"featured_media":9593,"template":"","meta":{"spay_email":""},"product_cat":[173],"product_tag":[],"item":[748],"acf":[],"_links":{"self":[{"href":"https:\/\/mgvpublications.com\/de\/wp-json\/wp\/v2\/product\/9592"}],"collection":[{"href":"https:\/\/mgvpublications.com\/de\/wp-json\/wp\/v2\/product"}],"about":[{"href":"https:\/\/mgvpublications.com\/de\/wp-json\/wp\/v2\/types\/product"}],"wp:featuredmedia":[{"embeddable":true,"href":"https:\/\/mgvpublications.com\/de\/wp-json\/wp\/v2\/media\/9593"}],"wp:attachment":[{"href":"https:\/\/mgvpublications.com\/de\/wp-json\/wp\/v2\/media?parent=9592"}],"wp:term":[{"taxonomy":"product_cat","embeddable":true,"href":"https:\/\/mgvpublications.com\/de\/wp-json\/wp\/v2\/product_cat?post=9592"},{"taxonomy":"product_tag","embeddable":true,"href":"https:\/\/mgvpublications.com\/de\/wp-json\/wp\/v2\/product_tag?post=9592"},{"taxonomy":"item","embeddable":true,"href":"https:\/\/mgvpublications.com\/de\/wp-json\/wp\/v2\/item?post=9592"}],"curies":[{"name":"wp","href":"https:\/\/api.w.org\/{rel}","templated":true}]}}