{"id":9581,"date":"2019-09-13T18:05:42","date_gmt":"2019-09-13T16:05:42","guid":{"rendered":"https:\/\/dev2.mgvpublications.com\/produkt\/yediklerinizin-icinde-ne-var\/"},"modified":"2022-03-08T22:31:46","modified_gmt":"2022-03-08T21:31:46","slug":"yediklerinizin-icinde-ne-var","status":"publish","type":"product","link":"https:\/\/mgvpublications.com\/de\/yediklerinizin-icinde-ne-var\/","title":{"rendered":"Yediklerinizin \u0130\u00e7inde Ne Var?"},"content":{"rendered":"<p>Yay\u0131n Tarihi\t2013-01-01<br \/>\nISBN\t6055181024<br \/>\nBask\u0131 Say\u0131s\u0131\t2. Bask\u0131<br \/>\nDil\tT\u00dcRK\u00c7E<br \/>\nSayfa Say\u0131s\u0131\t240<br \/>\nCilt Tipi\tKarton Kapak<br \/>\nKa\u011f\u0131t Cinsi\tKu\u015fe Ka\u011f\u0131t<br \/>\nBoyut\t11.5 x 21.5 cm<\/p>","protected":false},"excerpt":{"rendered":"<p>Beslenme, \u015fefkatli anne ellerinden market raflar\u0131n\u0131 &#8216;s\u00fcsleyen&#8217; sentetik g\u0131dalar\u0131n insaf\u0131na terk edildi\u011finden beri sa\u011fl\u0131\u011f\u0131m\u0131z da bozuldu. G\u0131da sekt\u00f6r\u00fc son derece rasyonel: Daha \u00e7ok kazanmak i\u00e7in ne gerekiyorsa yap\u0131yor. Yiyeceklerin tabi\u00ee hallerine tahamm\u00fcl edemiyorlar! \u00c7\u00fcnk\u00fc bizim i\u00e7in sa\u011fl\u0131k demek olan bu tabi\u00eelik onlar nezdinde &#8216;para&#8217; etmiyor. B\u00fcy\u00fck \u00fcreticiler ve onlar\u0131n emrindeki m\u00fchendisler, g\u0131dalar\u0131n raf \u00f6mr\u00fcn\u00fc m\u00fcmk\u00fcn oldu\u011funca uzatmak, rengini cazip k\u0131lmak, tad\u0131n\u0131 de\u011fi\u015ftirmek, hacmini art\u0131rmak i\u00e7in gece g\u00fcnd\u00fcz \u00e7al\u0131\u015f\u0131yorlar. Bu &#8216;yapay&#8217; de\u011fi\u015fimi sa\u011flamak i\u00e7in de &#8216;katk\u0131 maddeleri&#8217; kullan\u0131yorlar. Ama &#8216;k\u00fc\u00e7\u00fck&#8217; bir sorun var: Bu katk\u0131 maddeleri hem sa\u011fl\u0131\u011f\u0131m\u0131z\u0131, hem de insanl\u0131\u011f\u0131n gelece\u011fini \u00e7ok ciddi \u015fekilde tehdit ediyor.<\/p>","protected":false},"featured_media":9582,"template":"","meta":{"spay_email":""},"product_cat":[1352],"product_tag":[],"item":[685],"acf":[],"_links":{"self":[{"href":"https:\/\/mgvpublications.com\/de\/wp-json\/wp\/v2\/product\/9581"}],"collection":[{"href":"https:\/\/mgvpublications.com\/de\/wp-json\/wp\/v2\/product"}],"about":[{"href":"https:\/\/mgvpublications.com\/de\/wp-json\/wp\/v2\/types\/product"}],"wp:featuredmedia":[{"embeddable":true,"href":"https:\/\/mgvpublications.com\/de\/wp-json\/wp\/v2\/media\/9582"}],"wp:attachment":[{"href":"https:\/\/mgvpublications.com\/de\/wp-json\/wp\/v2\/media?parent=9581"}],"wp:term":[{"taxonomy":"product_cat","embeddable":true,"href":"https:\/\/mgvpublications.com\/de\/wp-json\/wp\/v2\/product_cat?post=9581"},{"taxonomy":"product_tag","embeddable":true,"href":"https:\/\/mgvpublications.com\/de\/wp-json\/wp\/v2\/product_tag?post=9581"},{"taxonomy":"item","embeddable":true,"href":"https:\/\/mgvpublications.com\/de\/wp-json\/wp\/v2\/item?post=9581"}],"curies":[{"name":"wp","href":"https:\/\/api.w.org\/{rel}","templated":true}]}}